{"id":5676,"date":"2026-03-27T12:06:24","date_gmt":"2026-03-27T12:06:24","guid":{"rendered":"https:\/\/educaredigital.online\/loja\/produto\/escreva-e-apague-meu-primeiro-livro-de-letras\/"},"modified":"2026-03-30T14:49:17","modified_gmt":"2026-03-30T14:49:17","slug":"escreva-e-apague-meu-primeiro-livro-de-letras","status":"publish","type":"product","link":"https:\/\/educaredigital.online\/loja\/produto\/escreva-e-apague-meu-primeiro-livro-de-letras\/","title":{"rendered":"Escreva e Apague &#8211; Meu Primeiro Livro de Letras"},"content":{"rendered":"<p data-start=\"0\" data-end=\"283\"><strong><span class=\"hover:entity-accent entity-underline inline cursor-pointer align-baseline\"><span class=\"whitespace-normal\">Escreva e Apague &#8211; Meu Primeiro Livro de Letras<\/span><\/span> <\/strong>\u00e9 ideal para introduzir as crian\u00e7as ao universo das letras de forma pr\u00e1tica e divertida. Com atividades interativas, os pequenos podem treinar a escrita do alfabeto enquanto desenvolvem o reconhecimento das letras e a coordena\u00e7\u00e3o motora.<\/p>\n<p data-start=\"285\" data-end=\"564\" data-is-last-node=\"\" data-is-only-node=\"\">Com p\u00e1ginas reutiliz\u00e1veis, o livro permite escrever e apagar v\u00e1rias vezes, incentivando a pr\u00e1tica cont\u00ednua e o aprendizado progressivo. Com linguagem simples e exerc\u00edcios did\u00e1ticos, \u00e9 uma excelente ferramenta para apoiar o processo de alfabetiza\u00e7\u00e3o de maneira leve e estimulante.<\/p>\n<div class=\"details-table-wrapper\">\n<table class=\"product-details-table\">\n<tbody>\n<tr>\n<td>Autor<\/td>\n<td>P\u00e9 Da Letra<\/td>\n<\/tr>\n<tr>\n<td>ISBN<\/td>\n<td>9786558882312<\/td>\n<\/tr>\n<tr>\n<td>Editora<\/td>\n<td>P\u00e9 Da Letra<\/td>\n<\/tr>\n<tr>\n<td>N\u00ba de p\u00e1ginas<\/td>\n<td>8<\/td>\n<\/tr>\n<\/tbody>\n<\/table>\n<\/div>\n","protected":false},"excerpt":{"rendered":"<p>Escreva e Apague &#8211; Meu Primeiro Livro de Letras \u00e9 ideal para introduzir as crian\u00e7as ao universo das letras de forma pr\u00e1tica e divertida. Com atividades interativas, os pequenos podem treinar a escrita do alfabeto enquanto desenvolvem o reconhecimento das<\/p>\n","protected":false},"featured_media":5675,"comment_status":"open","ping_status":"closed","template":"","meta":[],"product_brand":[],"product_cat":[201],"product_tag":[],"class_list":{"0":"post-5676","1":"product","2":"type-product","3":"status-publish","6":"product_cat-livros-4-e-5-anos","8":"first","9":"instock","10":"shipping-taxable","11":"purchasable","12":"product-type-simple"},"_links":{"self":[{"href":"https:\/\/educaredigital.online\/loja\/wp-json\/wp\/v2\/product\/5676","targetHints":{"allow":["GET"]}}],"collection":[{"href":"https:\/\/educaredigital.online\/loja\/wp-json\/wp\/v2\/product"}],"about":[{"href":"https:\/\/educaredigital.online\/loja\/wp-json\/wp\/v2\/types\/product"}],"replies":[{"embeddable":true,"href":"https:\/\/educaredigital.online\/loja\/wp-json\/wp\/v2\/comments?post=5676"}],"wp:featuredmedia":[{"embeddable":true,"href":"https:\/\/educaredigital.online\/loja\/wp-json\/wp\/v2\/media\/5675"}],"wp:attachment":[{"href":"https:\/\/educaredigital.online\/loja\/wp-json\/wp\/v2\/media?parent=5676"}],"wp:term":[{"taxonomy":"product_brand","embeddable":true,"href":"https:\/\/educaredigital.online\/loja\/wp-json\/wp\/v2\/product_brand?post=5676"},{"taxonomy":"product_cat","embeddable":true,"href":"https:\/\/educaredigital.online\/loja\/wp-json\/wp\/v2\/product_cat?post=5676"},{"taxonomy":"product_tag","embeddable":true,"href":"https:\/\/educaredigital.online\/loja\/wp-json\/wp\/v2\/product_tag?post=5676"}],"curies":[{"name":"wp","href":"https:\/\/api.w.org\/{rel}","templated":true}]}}