{"id":5672,"date":"2026-03-27T12:06:15","date_gmt":"2026-03-27T12:06:15","guid":{"rendered":"https:\/\/educaredigital.online\/loja\/produto\/esconde-esconde-mundo-animal\/"},"modified":"2026-04-09T17:28:38","modified_gmt":"2026-04-09T17:28:38","slug":"esconde-esconde-mundo-animal","status":"publish","type":"product","link":"https:\/\/educaredigital.online\/loja\/produto\/esconde-esconde-mundo-animal\/","title":{"rendered":"Esconde-esconde &#8211; Mundo Animal"},"content":{"rendered":"<p data-start=\"0\" data-end=\"356\"><strong><span class=\"hover:entity-accent entity-underline inline cursor-pointer align-baseline\"><span class=\"whitespace-normal\">Esconde-esconde &#8211; Mundo Animal<\/span><\/span><\/strong> \u00e9 uma proposta divertida e interativa que convida as crian\u00e7as a explorarem o universo dos animais de forma l\u00fadica. Com abas para levantar, os pequenos participam de um verdadeiro jogo de descoberta, encontrando animais escondidos enquanto aprendem curiosidades sobre eles .<\/p>\n<p data-start=\"358\" data-end=\"618\">Com ilustra\u00e7\u00f5es coloridas e linguagem simples, o livro estimula a curiosidade, a percep\u00e7\u00e3o visual e a coordena\u00e7\u00e3o motora. Ideal para os primeiros anos, \u00e9 uma excelente op\u00e7\u00e3o para transformar a leitura em uma experi\u00eancia din\u00e2mica, educativa e cheia de divers\u00e3o.<\/p>\n<div class=\"details-table-wrapper\">\n<table class=\"product-details-table\">\n<tbody>\n<tr>\n<td>Autor<\/td>\n<td>Violet Peto<\/td>\n<\/tr>\n<tr>\n<td>ISBN<\/td>\n<td>9786558885399<\/td>\n<\/tr>\n<tr>\n<td>Editora<\/td>\n<td>P\u00e9 Da Letra<\/td>\n<\/tr>\n<tr>\n<td>N\u00ba de p\u00e1ginas<\/td>\n<td>12<\/td>\n<\/tr>\n<\/tbody>\n<\/table>\n<\/div>\n","protected":false},"excerpt":{"rendered":"<p>Esconde-esconde &#8211; Mundo Animal \u00e9 uma proposta divertida e interativa que convida as crian\u00e7as a explorarem o universo dos animais de forma l\u00fadica. Com abas para levantar, os pequenos participam de um verdadeiro jogo de descoberta, encontrando animais escondidos enquanto<\/p>\n","protected":false},"featured_media":5671,"comment_status":"open","ping_status":"closed","template":"","meta":[],"product_brand":[],"product_cat":[200],"product_tag":[],"class_list":{"0":"post-5672","1":"product","2":"type-product","3":"status-publish","6":"product_cat-0-a-3-anos","8":"first","9":"instock","10":"shipping-taxable","11":"purchasable","12":"product-type-simple"},"_links":{"self":[{"href":"https:\/\/educaredigital.online\/loja\/wp-json\/wp\/v2\/product\/5672","targetHints":{"allow":["GET"]}}],"collection":[{"href":"https:\/\/educaredigital.online\/loja\/wp-json\/wp\/v2\/product"}],"about":[{"href":"https:\/\/educaredigital.online\/loja\/wp-json\/wp\/v2\/types\/product"}],"replies":[{"embeddable":true,"href":"https:\/\/educaredigital.online\/loja\/wp-json\/wp\/v2\/comments?post=5672"}],"wp:featuredmedia":[{"embeddable":true,"href":"https:\/\/educaredigital.online\/loja\/wp-json\/wp\/v2\/media\/5671"}],"wp:attachment":[{"href":"https:\/\/educaredigital.online\/loja\/wp-json\/wp\/v2\/media?parent=5672"}],"wp:term":[{"taxonomy":"product_brand","embeddable":true,"href":"https:\/\/educaredigital.online\/loja\/wp-json\/wp\/v2\/product_brand?post=5672"},{"taxonomy":"product_cat","embeddable":true,"href":"https:\/\/educaredigital.online\/loja\/wp-json\/wp\/v2\/product_cat?post=5672"},{"taxonomy":"product_tag","embeddable":true,"href":"https:\/\/educaredigital.online\/loja\/wp-json\/wp\/v2\/product_tag?post=5672"}],"curies":[{"name":"wp","href":"https:\/\/api.w.org\/{rel}","templated":true}]}}