{"id":5670,"date":"2026-03-27T12:06:13","date_gmt":"2026-03-27T12:06:13","guid":{"rendered":"https:\/\/educaredigital.online\/loja\/produto\/dicionario-ilustrado-infantil\/"},"modified":"2026-04-09T14:17:19","modified_gmt":"2026-04-09T14:17:19","slug":"dicionario-ilustrado-infantil","status":"publish","type":"product","link":"https:\/\/educaredigital.online\/loja\/produto\/dicionario-ilustrado-infantil\/","title":{"rendered":"Dicion\u00e1rio Ilustrado Infantil"},"content":{"rendered":"<p data-start=\"0\" data-end=\"482\"><strong><span class=\"hover:entity-accent entity-underline inline cursor-pointer align-baseline\"><span class=\"whitespace-normal\">Dicion\u00e1rio Ilustrado Infantil<\/span><\/span><\/strong> \u00e9 uma ferramenta essencial para o desenvolvimento da linguagem e do vocabul\u00e1rio das crian\u00e7as. Com palavras organizadas de forma simples e acompanhadas de ilustra\u00e7\u00f5es, o livro facilita a compreens\u00e3o dos significados e torna o aprendizado mais visual e interessante. Muitos modelos trazem milhares de verbetes adaptados ao universo infantil, com exemplos do dia a dia que ajudam na assimila\u00e7\u00e3o do conte\u00fado .<\/p>\n<p data-start=\"484\" data-end=\"812\">Com linguagem acess\u00edvel e recursos did\u00e1ticos, como separa\u00e7\u00e3o sil\u00e1bica e classifica\u00e7\u00e3o gramatical, o dicion\u00e1rio estimula a leitura, a escrita e a curiosidade pelas palavras. Ideal para uso escolar ou em casa, \u00e9 uma excelente ferramenta para apoiar o processo de alfabetiza\u00e7\u00e3o e incentivar o aprendizado de forma leve e divertida.<\/p>\n<div class=\"details-table-wrapper\">\n<table class=\"product-details-table\">\n<tbody>\n<tr>\n<td>Autor<\/td>\n<td>P\u00e9 Da Letra<\/td>\n<\/tr>\n<tr>\n<td>ISBN<\/td>\n<td>9786558880424<\/td>\n<\/tr>\n<tr>\n<td>Editora<\/td>\n<td>P\u00e9 Da Letra<\/td>\n<\/tr>\n<tr>\n<td>N\u00ba de p\u00e1ginas<\/td>\n<td>388<\/td>\n<\/tr>\n<\/tbody>\n<\/table>\n<\/div>\n","protected":false},"excerpt":{"rendered":"<p>Dicion\u00e1rio Ilustrado Infantil \u00e9 uma ferramenta essencial para o desenvolvimento da linguagem e do vocabul\u00e1rio das crian\u00e7as. Com palavras organizadas de forma simples e acompanhadas de ilustra\u00e7\u00f5es, o livro facilita a compreens\u00e3o dos significados e torna o aprendizado mais visual<\/p>\n","protected":false},"featured_media":5669,"comment_status":"open","ping_status":"closed","template":"","meta":[],"product_brand":[],"product_cat":[201,205],"product_tag":[],"class_list":{"0":"post-5670","1":"product","2":"type-product","3":"status-publish","6":"product_cat-livros-4-e-5-anos","7":"product_cat-fundamental-4-ao-5","9":"first","10":"instock","11":"shipping-taxable","12":"purchasable","13":"product-type-simple"},"_links":{"self":[{"href":"https:\/\/educaredigital.online\/loja\/wp-json\/wp\/v2\/product\/5670","targetHints":{"allow":["GET"]}}],"collection":[{"href":"https:\/\/educaredigital.online\/loja\/wp-json\/wp\/v2\/product"}],"about":[{"href":"https:\/\/educaredigital.online\/loja\/wp-json\/wp\/v2\/types\/product"}],"replies":[{"embeddable":true,"href":"https:\/\/educaredigital.online\/loja\/wp-json\/wp\/v2\/comments?post=5670"}],"wp:featuredmedia":[{"embeddable":true,"href":"https:\/\/educaredigital.online\/loja\/wp-json\/wp\/v2\/media\/5669"}],"wp:attachment":[{"href":"https:\/\/educaredigital.online\/loja\/wp-json\/wp\/v2\/media?parent=5670"}],"wp:term":[{"taxonomy":"product_brand","embeddable":true,"href":"https:\/\/educaredigital.online\/loja\/wp-json\/wp\/v2\/product_brand?post=5670"},{"taxonomy":"product_cat","embeddable":true,"href":"https:\/\/educaredigital.online\/loja\/wp-json\/wp\/v2\/product_cat?post=5670"},{"taxonomy":"product_tag","embeddable":true,"href":"https:\/\/educaredigital.online\/loja\/wp-json\/wp\/v2\/product_tag?post=5670"}],"curies":[{"name":"wp","href":"https:\/\/api.w.org\/{rel}","templated":true}]}}