{"id":5668,"date":"2026-03-27T12:06:11","date_gmt":"2026-03-27T12:06:11","guid":{"rendered":"https:\/\/educaredigital.online\/loja\/produto\/deu-a-louca-nas-historias\/"},"modified":"2026-04-09T14:17:19","modified_gmt":"2026-04-09T14:17:19","slug":"deu-a-louca-nas-historias","status":"publish","type":"product","link":"https:\/\/educaredigital.online\/loja\/produto\/deu-a-louca-nas-historias\/","title":{"rendered":"Deu a Louca nas Hist\u00f3rias"},"content":{"rendered":"<p data-start=\"0\" data-end=\"292\"><strong><span class=\"hover:entity-accent entity-underline inline cursor-pointer align-baseline\"><span class=\"whitespace-normal\">Deu a Louca nas Hist\u00f3rias<\/span><\/span> <\/strong>traz uma proposta divertida e criativa ao misturar e reinventar hist\u00f3rias cl\u00e1ssicas de forma inusitada. Com situa\u00e7\u00f5es inesperadas e cheias de humor, a obra surpreende os leitores ao apresentar vers\u00f5es diferentes e engra\u00e7adas de contos conhecidos.<\/p>\n<p data-start=\"294\" data-end=\"551\" data-is-last-node=\"\" data-is-only-node=\"\">Com linguagem leve e ilustra\u00e7\u00f5es coloridas, o livro estimula a imagina\u00e7\u00e3o e o gosto pela leitura, mostrando que as hist\u00f3rias podem ser reinventadas de maneiras criativas. Ideal para crian\u00e7as, \u00e9 uma excelente op\u00e7\u00e3o para momentos de divers\u00e3o e muitas risadas.<\/p>\n<div class=\"details-table-wrapper\">\n<table class=\"product-details-table\">\n<tbody>\n<tr>\n<td>Autor<\/td>\n<td>Stewart Ross<\/td>\n<\/tr>\n<tr>\n<td>ISBN<\/td>\n<td>9786558887140<\/td>\n<\/tr>\n<tr>\n<td>Editora<\/td>\n<td>P\u00e9 Da Letra<\/td>\n<\/tr>\n<tr>\n<td>N\u00ba de p\u00e1ginas<\/td>\n<td>164<\/td>\n<\/tr>\n<\/tbody>\n<\/table>\n<\/div>\n","protected":false},"excerpt":{"rendered":"<p>Deu a Louca nas Hist\u00f3rias traz uma proposta divertida e criativa ao misturar e reinventar hist\u00f3rias cl\u00e1ssicas de forma inusitada. Com situa\u00e7\u00f5es inesperadas e cheias de humor, a obra surpreende os leitores ao apresentar vers\u00f5es diferentes e engra\u00e7adas de contos<\/p>\n","protected":false},"featured_media":5667,"comment_status":"open","ping_status":"closed","template":"","meta":[],"product_brand":[],"product_cat":[205],"product_tag":[],"class_list":{"0":"post-5668","1":"product","2":"type-product","3":"status-publish","6":"product_cat-fundamental-4-ao-5","8":"first","9":"instock","10":"shipping-taxable","11":"purchasable","12":"product-type-simple"},"_links":{"self":[{"href":"https:\/\/educaredigital.online\/loja\/wp-json\/wp\/v2\/product\/5668","targetHints":{"allow":["GET"]}}],"collection":[{"href":"https:\/\/educaredigital.online\/loja\/wp-json\/wp\/v2\/product"}],"about":[{"href":"https:\/\/educaredigital.online\/loja\/wp-json\/wp\/v2\/types\/product"}],"replies":[{"embeddable":true,"href":"https:\/\/educaredigital.online\/loja\/wp-json\/wp\/v2\/comments?post=5668"}],"wp:featuredmedia":[{"embeddable":true,"href":"https:\/\/educaredigital.online\/loja\/wp-json\/wp\/v2\/media\/5667"}],"wp:attachment":[{"href":"https:\/\/educaredigital.online\/loja\/wp-json\/wp\/v2\/media?parent=5668"}],"wp:term":[{"taxonomy":"product_brand","embeddable":true,"href":"https:\/\/educaredigital.online\/loja\/wp-json\/wp\/v2\/product_brand?post=5668"},{"taxonomy":"product_cat","embeddable":true,"href":"https:\/\/educaredigital.online\/loja\/wp-json\/wp\/v2\/product_cat?post=5668"},{"taxonomy":"product_tag","embeddable":true,"href":"https:\/\/educaredigital.online\/loja\/wp-json\/wp\/v2\/product_tag?post=5668"}],"curies":[{"name":"wp","href":"https:\/\/api.w.org\/{rel}","templated":true}]}}