{"id":5666,"date":"2026-03-27T12:06:09","date_gmt":"2026-03-27T12:06:09","guid":{"rendered":"https:\/\/educaredigital.online\/loja\/produto\/dedoche-o-tigre-caramelo-e-o-casaco-amarelo\/"},"modified":"2026-03-30T14:32:36","modified_gmt":"2026-03-30T14:32:36","slug":"dedoche-o-tigre-caramelo-e-o-casaco-amarelo","status":"publish","type":"product","link":"https:\/\/educaredigital.online\/loja\/produto\/dedoche-o-tigre-caramelo-e-o-casaco-amarelo\/","title":{"rendered":"Dedoche &#8211; O Tigre Caramelo e o Casaco Amarelo"},"content":{"rendered":"<div class=\"details-table-wrapper\">\n<p data-start=\"0\" data-end=\"277\"><strong><span class=\"hover:entity-accent entity-underline inline cursor-pointer align-baseline\"><span class=\"whitespace-normal\">Dedoche &#8211; O Tigre Caramelo e o Casaco Amarelo<\/span><\/span><\/strong> \u00e9 uma hist\u00f3ria encantadora que convida as crian\u00e7as a participarem ativamente da leitura por meio dos dedoches. Com personagens carism\u00e1ticos, a narrativa ganha vida de forma l\u00fadica, tornando cada momento ainda mais divertido e envolvente.<\/p>\n<p data-start=\"279\" data-end=\"532\" data-is-last-node=\"\" data-is-only-node=\"\">Com linguagem simples e ilustra\u00e7\u00f5es coloridas, o livro estimula a imagina\u00e7\u00e3o, a coordena\u00e7\u00e3o motora e a express\u00e3o oral. Ideal para leitura em fam\u00edlia ou na escola, \u00e9 uma excelente op\u00e7\u00e3o para aprender brincando e criar experi\u00eancias cheias de criatividade.<\/p>\n<table class=\"product-details-table\">\n<tbody>\n<tr>\n<td>Autor<\/td>\n<td>P\u00e9 da Letra<\/td>\n<\/tr>\n<tr>\n<td>ISBN<\/td>\n<td>9786558880653<\/td>\n<\/tr>\n<tr>\n<td>Editora<\/td>\n<td>P\u00e9 da Letra<\/td>\n<\/tr>\n<tr>\n<td>N\u00ba de p\u00e1ginas<\/td>\n<td>QUANtP\u00c1G<\/td>\n<\/tr>\n<\/tbody>\n<\/table>\n<\/div>\n","protected":false},"excerpt":{"rendered":"<p>Dedoche &#8211; O Tigre Caramelo e o Casaco Amarelo \u00e9 uma hist\u00f3ria encantadora que convida as crian\u00e7as a participarem ativamente da leitura por meio dos dedoches. Com personagens carism\u00e1ticos, a narrativa ganha vida de forma l\u00fadica, tornando cada momento ainda<\/p>\n","protected":false},"featured_media":5665,"comment_status":"open","ping_status":"closed","template":"","meta":[],"product_brand":[],"product_cat":[201],"product_tag":[],"class_list":{"0":"post-5666","1":"product","2":"type-product","3":"status-publish","6":"product_cat-livros-4-e-5-anos","8":"first","9":"instock","10":"shipping-taxable","11":"purchasable","12":"product-type-simple"},"_links":{"self":[{"href":"https:\/\/educaredigital.online\/loja\/wp-json\/wp\/v2\/product\/5666","targetHints":{"allow":["GET"]}}],"collection":[{"href":"https:\/\/educaredigital.online\/loja\/wp-json\/wp\/v2\/product"}],"about":[{"href":"https:\/\/educaredigital.online\/loja\/wp-json\/wp\/v2\/types\/product"}],"replies":[{"embeddable":true,"href":"https:\/\/educaredigital.online\/loja\/wp-json\/wp\/v2\/comments?post=5666"}],"wp:featuredmedia":[{"embeddable":true,"href":"https:\/\/educaredigital.online\/loja\/wp-json\/wp\/v2\/media\/5665"}],"wp:attachment":[{"href":"https:\/\/educaredigital.online\/loja\/wp-json\/wp\/v2\/media?parent=5666"}],"wp:term":[{"taxonomy":"product_brand","embeddable":true,"href":"https:\/\/educaredigital.online\/loja\/wp-json\/wp\/v2\/product_brand?post=5666"},{"taxonomy":"product_cat","embeddable":true,"href":"https:\/\/educaredigital.online\/loja\/wp-json\/wp\/v2\/product_cat?post=5666"},{"taxonomy":"product_tag","embeddable":true,"href":"https:\/\/educaredigital.online\/loja\/wp-json\/wp\/v2\/product_tag?post=5666"}],"curies":[{"name":"wp","href":"https:\/\/api.w.org\/{rel}","templated":true}]}}