{"id":5656,"date":"2026-03-27T12:05:58","date_gmt":"2026-03-27T12:05:58","guid":{"rendered":"https:\/\/educaredigital.online\/loja\/produto\/contos-sobre-caes-historias-verdadeiras-de-caes-heroicos\/"},"modified":"2026-03-30T14:24:33","modified_gmt":"2026-03-30T14:24:33","slug":"contos-sobre-caes-historias-verdadeiras-de-caes-heroicos","status":"publish","type":"product","link":"https:\/\/educaredigital.online\/loja\/produto\/contos-sobre-caes-historias-verdadeiras-de-caes-heroicos\/","title":{"rendered":"Contos Sobre C\u00e3es &#8211; Hist\u00f3rias Verdadeiras de C\u00e3es Her\u00f3icos"},"content":{"rendered":"<div class=\"details-table-wrapper\">\n<p data-start=\"0\" data-end=\"281\"><strong><span class=\"hover:entity-accent entity-underline inline cursor-pointer align-baseline\"><span class=\"whitespace-normal\">Contos Sobre C\u00e3es &#8211; Hist\u00f3rias Verdadeiras de C\u00e3es Her\u00f3icos<\/span><\/span><\/strong> re\u00fane relatos emocionantes de c\u00e3es que se destacaram por sua coragem, lealdade e hero\u00edsmo. Com hist\u00f3rias baseadas em fatos reais, a obra mostra como esses animais podem fazer a diferen\u00e7a na vida das pessoas em situa\u00e7\u00f5es surpreendentes.<\/p>\n<p data-start=\"283\" data-end=\"529\" data-is-last-node=\"\" data-is-only-node=\"\">Com linguagem envolvente e inspiradora, o livro desperta a empatia e valoriza a rela\u00e7\u00e3o entre humanos e animais. Ideal para leitores de todas as idades, \u00e9 uma excelente op\u00e7\u00e3o para se emocionar e aprender com exemplos reais de dedica\u00e7\u00e3o e bravura.<\/p>\n<table class=\"product-details-table\">\n<tbody>\n<tr>\n<td>Autor<\/td>\n<td>Penelope Rich<\/td>\n<\/tr>\n<tr>\n<td>ISBN<\/td>\n<td>9786558881735<\/td>\n<\/tr>\n<tr>\n<td>Editora<\/td>\n<td>P\u00e9 da Letra<\/td>\n<\/tr>\n<tr>\n<td>N\u00ba de p\u00e1ginas<\/td>\n<td>96<\/td>\n<\/tr>\n<\/tbody>\n<\/table>\n<\/div>\n","protected":false},"excerpt":{"rendered":"<p>Contos Sobre C\u00e3es &#8211; Hist\u00f3rias Verdadeiras de C\u00e3es Her\u00f3icos re\u00fane relatos emocionantes de c\u00e3es que se destacaram por sua coragem, lealdade e hero\u00edsmo. Com hist\u00f3rias baseadas em fatos reais, a obra mostra como esses animais podem fazer a diferen\u00e7a na<\/p>\n","protected":false},"featured_media":5655,"comment_status":"open","ping_status":"closed","template":"","meta":[],"product_brand":[],"product_cat":[201],"product_tag":[],"class_list":{"0":"post-5656","1":"product","2":"type-product","3":"status-publish","6":"product_cat-livros-4-e-5-anos","8":"first","9":"instock","10":"shipping-taxable","11":"purchasable","12":"product-type-simple"},"_links":{"self":[{"href":"https:\/\/educaredigital.online\/loja\/wp-json\/wp\/v2\/product\/5656","targetHints":{"allow":["GET"]}}],"collection":[{"href":"https:\/\/educaredigital.online\/loja\/wp-json\/wp\/v2\/product"}],"about":[{"href":"https:\/\/educaredigital.online\/loja\/wp-json\/wp\/v2\/types\/product"}],"replies":[{"embeddable":true,"href":"https:\/\/educaredigital.online\/loja\/wp-json\/wp\/v2\/comments?post=5656"}],"wp:featuredmedia":[{"embeddable":true,"href":"https:\/\/educaredigital.online\/loja\/wp-json\/wp\/v2\/media\/5655"}],"wp:attachment":[{"href":"https:\/\/educaredigital.online\/loja\/wp-json\/wp\/v2\/media?parent=5656"}],"wp:term":[{"taxonomy":"product_brand","embeddable":true,"href":"https:\/\/educaredigital.online\/loja\/wp-json\/wp\/v2\/product_brand?post=5656"},{"taxonomy":"product_cat","embeddable":true,"href":"https:\/\/educaredigital.online\/loja\/wp-json\/wp\/v2\/product_cat?post=5656"},{"taxonomy":"product_tag","embeddable":true,"href":"https:\/\/educaredigital.online\/loja\/wp-json\/wp\/v2\/product_tag?post=5656"}],"curies":[{"name":"wp","href":"https:\/\/api.w.org\/{rel}","templated":true}]}}