{"id":5650,"date":"2026-03-27T12:05:49","date_gmt":"2026-03-27T12:05:49","guid":{"rendered":"https:\/\/educaredigital.online\/loja\/produto\/contos-de-fadas-as-avessas-ninja-pao\/"},"modified":"2026-03-30T14:14:01","modified_gmt":"2026-03-30T14:14:01","slug":"contos-de-fadas-as-avessas-ninja-pao","status":"publish","type":"product","link":"https:\/\/educaredigital.online\/loja\/produto\/contos-de-fadas-as-avessas-ninja-pao\/","title":{"rendered":"Contos de Fadas as Avessas &#8211; Ninja P\u00e3o"},"content":{"rendered":"<p data-start=\"0\" data-end=\"300\"><strong><span class=\"hover:entity-accent entity-underline inline cursor-pointer align-baseline\"><span class=\"whitespace-normal\">Contos de Fadas \u00e0s Avessas &#8211; Ninja P\u00e3o<\/span><\/span><\/strong> traz uma releitura divertida e criativa dos contos cl\u00e1ssicos, com uma hist\u00f3ria cheia de a\u00e7\u00e3o, humor e imagina\u00e7\u00e3o. Com um personagem inusitado, a narrativa surpreende e diverte ao apresentar uma aventura diferente do que se espera dos contos tradicionais.<\/p>\n<p data-start=\"302\" data-end=\"554\" data-is-last-node=\"\" data-is-only-node=\"\">Com linguagem leve e ilustra\u00e7\u00f5es coloridas, a obra estimula a criatividade e o gosto pela leitura, oferecendo uma experi\u00eancia divertida e inovadora. Ideal para crian\u00e7as, \u00e9 uma excelente op\u00e7\u00e3o para quem busca hist\u00f3rias cheias de fantasia e boas risadas.<\/p>\n<div class=\"details-table-wrapper\">\n<table class=\"product-details-table\">\n<tbody>\n<tr>\n<td>Autor<\/td>\n<td>Stewart Ross<\/td>\n<\/tr>\n<tr>\n<td>ISBN<\/td>\n<td>9786586181760<\/td>\n<\/tr>\n<tr>\n<td>Editora<\/td>\n<td>P\u00e9 Da Letra<\/td>\n<\/tr>\n<tr>\n<td>N\u00ba de p\u00e1ginas<\/td>\n<td>32<\/td>\n<\/tr>\n<\/tbody>\n<\/table>\n<\/div>\n","protected":false},"excerpt":{"rendered":"<p>Contos de Fadas \u00e0s Avessas &#8211; Ninja P\u00e3o traz uma releitura divertida e criativa dos contos cl\u00e1ssicos, com uma hist\u00f3ria cheia de a\u00e7\u00e3o, humor e imagina\u00e7\u00e3o. Com um personagem inusitado, a narrativa surpreende e diverte ao apresentar uma aventura diferente<\/p>\n","protected":false},"featured_media":5649,"comment_status":"open","ping_status":"closed","template":"","meta":[],"product_brand":[],"product_cat":[201],"product_tag":[],"class_list":{"0":"post-5650","1":"product","2":"type-product","3":"status-publish","6":"product_cat-livros-4-e-5-anos","8":"first","9":"instock","10":"shipping-taxable","11":"purchasable","12":"product-type-simple"},"_links":{"self":[{"href":"https:\/\/educaredigital.online\/loja\/wp-json\/wp\/v2\/product\/5650","targetHints":{"allow":["GET"]}}],"collection":[{"href":"https:\/\/educaredigital.online\/loja\/wp-json\/wp\/v2\/product"}],"about":[{"href":"https:\/\/educaredigital.online\/loja\/wp-json\/wp\/v2\/types\/product"}],"replies":[{"embeddable":true,"href":"https:\/\/educaredigital.online\/loja\/wp-json\/wp\/v2\/comments?post=5650"}],"wp:featuredmedia":[{"embeddable":true,"href":"https:\/\/educaredigital.online\/loja\/wp-json\/wp\/v2\/media\/5649"}],"wp:attachment":[{"href":"https:\/\/educaredigital.online\/loja\/wp-json\/wp\/v2\/media?parent=5650"}],"wp:term":[{"taxonomy":"product_brand","embeddable":true,"href":"https:\/\/educaredigital.online\/loja\/wp-json\/wp\/v2\/product_brand?post=5650"},{"taxonomy":"product_cat","embeddable":true,"href":"https:\/\/educaredigital.online\/loja\/wp-json\/wp\/v2\/product_cat?post=5650"},{"taxonomy":"product_tag","embeddable":true,"href":"https:\/\/educaredigital.online\/loja\/wp-json\/wp\/v2\/product_tag?post=5650"}],"curies":[{"name":"wp","href":"https:\/\/api.w.org\/{rel}","templated":true}]}}