{"id":5644,"date":"2026-03-27T12:05:40","date_gmt":"2026-03-27T12:05:40","guid":{"rendered":"https:\/\/educaredigital.online\/loja\/produto\/colecao-criancas-geniais-8-titulos\/"},"modified":"2026-03-27T12:05:41","modified_gmt":"2026-03-27T12:05:41","slug":"colecao-criancas-geniais-8-titulos","status":"publish","type":"product","link":"https:\/\/educaredigital.online\/loja\/produto\/colecao-criancas-geniais-8-titulos\/","title":{"rendered":"Cole\u00e7\u00e3o: Crian\u00e7as Geniais &#8211; 8 t\u00edtulos"},"content":{"rendered":"","protected":false},"excerpt":{"rendered":"","protected":false},"featured_media":5643,"comment_status":"open","ping_status":"closed","template":"","meta":[],"product_brand":[],"product_cat":[15],"product_tag":[],"class_list":{"0":"post-5644","1":"product","2":"type-product","3":"status-publish","6":"product_cat-livros","8":"first","9":"instock","10":"shipping-taxable","11":"purchasable","12":"product-type-simple"},"_links":{"self":[{"href":"https:\/\/educaredigital.online\/loja\/wp-json\/wp\/v2\/product\/5644","targetHints":{"allow":["GET"]}}],"collection":[{"href":"https:\/\/educaredigital.online\/loja\/wp-json\/wp\/v2\/product"}],"about":[{"href":"https:\/\/educaredigital.online\/loja\/wp-json\/wp\/v2\/types\/product"}],"replies":[{"embeddable":true,"href":"https:\/\/educaredigital.online\/loja\/wp-json\/wp\/v2\/comments?post=5644"}],"wp:featuredmedia":[{"embeddable":true,"href":"https:\/\/educaredigital.online\/loja\/wp-json\/wp\/v2\/media\/5643"}],"wp:attachment":[{"href":"https:\/\/educaredigital.online\/loja\/wp-json\/wp\/v2\/media?parent=5644"}],"wp:term":[{"taxonomy":"product_brand","embeddable":true,"href":"https:\/\/educaredigital.online\/loja\/wp-json\/wp\/v2\/product_brand?post=5644"},{"taxonomy":"product_cat","embeddable":true,"href":"https:\/\/educaredigital.online\/loja\/wp-json\/wp\/v2\/product_cat?post=5644"},{"taxonomy":"product_tag","embeddable":true,"href":"https:\/\/educaredigital.online\/loja\/wp-json\/wp\/v2\/product_tag?post=5644"}],"curies":[{"name":"wp","href":"https:\/\/api.w.org\/{rel}","templated":true}]}}