{"id":5638,"date":"2026-03-27T12:05:29","date_gmt":"2026-03-27T12:05:29","guid":{"rendered":"https:\/\/educaredigital.online\/loja\/produto\/papai-saiu-de-ferias-com-muita-diversao\/"},"modified":"2026-03-30T13:48:11","modified_gmt":"2026-03-30T13:48:11","slug":"papai-saiu-de-ferias-com-muita-diversao","status":"publish","type":"product","link":"https:\/\/educaredigital.online\/loja\/produto\/papai-saiu-de-ferias-com-muita-diversao\/","title":{"rendered":"Papai Saiu de F\u00e9rias &#8211; Com muita divers\u00e3o"},"content":{"rendered":"<p data-start=\"0\" data-end=\"276\"><strong><span class=\"hover:entity-accent entity-underline inline cursor-pointer align-baseline\"><span class=\"whitespace-normal\">Papai Saiu de F\u00e9rias &#8211; Com Muita Divers\u00e3o<\/span><\/span><\/strong> traz uma hist\u00f3ria leve e animada que acompanha momentos especiais durante as f\u00e9rias. Com situa\u00e7\u00f5es divertidas e cheias de imagina\u00e7\u00e3o, a obra mostra como esse per\u00edodo pode ser repleto de aventuras, descobertas e alegria em fam\u00edlia.<\/p>\n<p data-start=\"278\" data-end=\"539\" data-is-last-node=\"\" data-is-only-node=\"\">Com linguagem simples e ilustra\u00e7\u00f5es coloridas, o livro estimula a criatividade e o gosto pela leitura, tornando cada p\u00e1gina uma experi\u00eancia envolvente. Ideal para momentos de lazer, \u00e9 uma excelente op\u00e7\u00e3o para divertir as crian\u00e7as e valorizar o tempo em fam\u00edlia.<\/p>\n<div class=\"details-table-wrapper\">\n<table class=\"product-details-table\">\n<tbody>\n<tr>\n<td>Autor<\/td>\n<td>P\u00e9 Da Letra<\/td>\n<\/tr>\n<tr>\n<td>ISBN<\/td>\n<td>9786586181296<\/td>\n<\/tr>\n<tr>\n<td>Editora<\/td>\n<td>P\u00e9 Da Letra<\/td>\n<\/tr>\n<tr>\n<td>N\u00ba de p\u00e1ginas<\/td>\n<td>10<\/td>\n<\/tr>\n<\/tbody>\n<\/table>\n<\/div>\n","protected":false},"excerpt":{"rendered":"<p>Papai Saiu de F\u00e9rias &#8211; Com Muita Divers\u00e3o traz uma hist\u00f3ria leve e animada que acompanha momentos especiais durante as f\u00e9rias. Com situa\u00e7\u00f5es divertidas e cheias de imagina\u00e7\u00e3o, a obra mostra como esse per\u00edodo pode ser repleto de aventuras, descobertas<\/p>\n","protected":false},"featured_media":5637,"comment_status":"open","ping_status":"closed","template":"","meta":[],"product_brand":[],"product_cat":[200],"product_tag":[],"class_list":{"0":"post-5638","1":"product","2":"type-product","3":"status-publish","6":"product_cat-0-a-3-anos","8":"first","9":"instock","10":"shipping-taxable","11":"purchasable","12":"product-type-simple"},"_links":{"self":[{"href":"https:\/\/educaredigital.online\/loja\/wp-json\/wp\/v2\/product\/5638","targetHints":{"allow":["GET"]}}],"collection":[{"href":"https:\/\/educaredigital.online\/loja\/wp-json\/wp\/v2\/product"}],"about":[{"href":"https:\/\/educaredigital.online\/loja\/wp-json\/wp\/v2\/types\/product"}],"replies":[{"embeddable":true,"href":"https:\/\/educaredigital.online\/loja\/wp-json\/wp\/v2\/comments?post=5638"}],"wp:featuredmedia":[{"embeddable":true,"href":"https:\/\/educaredigital.online\/loja\/wp-json\/wp\/v2\/media\/5637"}],"wp:attachment":[{"href":"https:\/\/educaredigital.online\/loja\/wp-json\/wp\/v2\/media?parent=5638"}],"wp:term":[{"taxonomy":"product_brand","embeddable":true,"href":"https:\/\/educaredigital.online\/loja\/wp-json\/wp\/v2\/product_brand?post=5638"},{"taxonomy":"product_cat","embeddable":true,"href":"https:\/\/educaredigital.online\/loja\/wp-json\/wp\/v2\/product_cat?post=5638"},{"taxonomy":"product_tag","embeddable":true,"href":"https:\/\/educaredigital.online\/loja\/wp-json\/wp\/v2\/product_tag?post=5638"}],"curies":[{"name":"wp","href":"https:\/\/api.w.org\/{rel}","templated":true}]}}