{"id":5636,"date":"2026-03-27T12:05:26","date_gmt":"2026-03-27T12:05:26","guid":{"rendered":"https:\/\/educaredigital.online\/loja\/produto\/mamae-vai-as-compras-com-muita-diversao\/"},"modified":"2026-03-30T13:47:32","modified_gmt":"2026-03-30T13:47:32","slug":"mamae-vai-as-compras-com-muita-diversao","status":"publish","type":"product","link":"https:\/\/educaredigital.online\/loja\/produto\/mamae-vai-as-compras-com-muita-diversao\/","title":{"rendered":"Mam\u00e3e Vai as Compras &#8211; Com muita divers\u00e3o"},"content":{"rendered":"<p data-start=\"0\" data-end=\"283\"><strong><span class=\"hover:entity-accent entity-underline inline cursor-pointer align-baseline\"><span class=\"whitespace-normal\">Mam\u00e3e Vai \u00e0s Compras &#8211; Com Muita Divers\u00e3o<\/span><\/span><\/strong> traz uma hist\u00f3ria leve e divertida que acompanha um momento do dia a dia transformado em uma grande aventura. Com situa\u00e7\u00f5es engra\u00e7adas e cheias de imagina\u00e7\u00e3o, a obra mostra como at\u00e9 tarefas simples podem se tornar experi\u00eancias especiais.<\/p>\n<p data-start=\"285\" data-end=\"535\" data-is-last-node=\"\" data-is-only-node=\"\">Com linguagem simples e ilustra\u00e7\u00f5es coloridas, o livro estimula a criatividade e o olhar l\u00fadico das crian\u00e7as sobre a rotina. Ideal para momentos de leitura descontra\u00edda, \u00e9 uma excelente op\u00e7\u00e3o para divertir e incentivar o h\u00e1bito da leitura desde cedo.<\/p>\n<div class=\"details-table-wrapper\">\n<table class=\"product-details-table\">\n<tbody>\n<tr>\n<td>Autor<\/td>\n<td>P\u00e9 Da Letra<\/td>\n<\/tr>\n<tr>\n<td>ISBN<\/td>\n<td>9786586181388<\/td>\n<\/tr>\n<tr>\n<td>Editora<\/td>\n<td>P\u00e9 Da Letra<\/td>\n<\/tr>\n<tr>\n<td>N\u00ba de p\u00e1ginas<\/td>\n<td>10<\/td>\n<\/tr>\n<\/tbody>\n<\/table>\n<\/div>\n","protected":false},"excerpt":{"rendered":"<p>Mam\u00e3e Vai \u00e0s Compras &#8211; Com Muita Divers\u00e3o traz uma hist\u00f3ria leve e divertida que acompanha um momento do dia a dia transformado em uma grande aventura. Com situa\u00e7\u00f5es engra\u00e7adas e cheias de imagina\u00e7\u00e3o, a obra mostra como at\u00e9 tarefas<\/p>\n","protected":false},"featured_media":5635,"comment_status":"open","ping_status":"closed","template":"","meta":[],"product_brand":[],"product_cat":[200],"product_tag":[],"class_list":{"0":"post-5636","1":"product","2":"type-product","3":"status-publish","6":"product_cat-0-a-3-anos","8":"first","9":"instock","10":"shipping-taxable","11":"purchasable","12":"product-type-simple"},"_links":{"self":[{"href":"https:\/\/educaredigital.online\/loja\/wp-json\/wp\/v2\/product\/5636","targetHints":{"allow":["GET"]}}],"collection":[{"href":"https:\/\/educaredigital.online\/loja\/wp-json\/wp\/v2\/product"}],"about":[{"href":"https:\/\/educaredigital.online\/loja\/wp-json\/wp\/v2\/types\/product"}],"replies":[{"embeddable":true,"href":"https:\/\/educaredigital.online\/loja\/wp-json\/wp\/v2\/comments?post=5636"}],"wp:featuredmedia":[{"embeddable":true,"href":"https:\/\/educaredigital.online\/loja\/wp-json\/wp\/v2\/media\/5635"}],"wp:attachment":[{"href":"https:\/\/educaredigital.online\/loja\/wp-json\/wp\/v2\/media?parent=5636"}],"wp:term":[{"taxonomy":"product_brand","embeddable":true,"href":"https:\/\/educaredigital.online\/loja\/wp-json\/wp\/v2\/product_brand?post=5636"},{"taxonomy":"product_cat","embeddable":true,"href":"https:\/\/educaredigital.online\/loja\/wp-json\/wp\/v2\/product_cat?post=5636"},{"taxonomy":"product_tag","embeddable":true,"href":"https:\/\/educaredigital.online\/loja\/wp-json\/wp\/v2\/product_tag?post=5636"}],"curies":[{"name":"wp","href":"https:\/\/api.w.org\/{rel}","templated":true}]}}