{"id":5634,"date":"2026-03-27T12:05:24","date_gmt":"2026-03-27T12:05:24","guid":{"rendered":"https:\/\/educaredigital.online\/loja\/produto\/irma-na-discoteca-com-muita-diversao\/"},"modified":"2026-03-30T13:46:56","modified_gmt":"2026-03-30T13:46:56","slug":"irma-na-discoteca-com-muita-diversao","status":"publish","type":"product","link":"https:\/\/educaredigital.online\/loja\/produto\/irma-na-discoteca-com-muita-diversao\/","title":{"rendered":"Irm\u00e3 na Discoteca &#8211; Com muita divers\u00e3o"},"content":{"rendered":"<p data-start=\"0\" data-end=\"283\"><strong><span class=\"hover:entity-accent entity-underline inline cursor-pointer align-baseline\"><span class=\"whitespace-normal\">Irm\u00e3 na Discoteca &#8211; Com Muita Divers\u00e3o<\/span><\/span><\/strong> traz uma hist\u00f3ria leve e animada que acompanha momentos cheios de m\u00fasica, dan\u00e7a e alegria. Com uma narrativa envolvente, a obra convida as crian\u00e7as a mergulharem em uma aventura divertida, repleta de situa\u00e7\u00f5es engra\u00e7adas e descontra\u00eddas.<\/p>\n<p data-start=\"285\" data-end=\"535\" data-is-last-node=\"\" data-is-only-node=\"\">Com linguagem simples e ilustra\u00e7\u00f5es vibrantes, o livro estimula a imagina\u00e7\u00e3o e o gosto pela leitura, proporcionando entretenimento de forma leve e cativante. Ideal para momentos de lazer, \u00e9 uma excelente op\u00e7\u00e3o para quem busca divers\u00e3o e boas risadas.<\/p>\n<div class=\"details-table-wrapper\">\n<table class=\"product-details-table\">\n<tbody>\n<tr>\n<td>Autor<\/td>\n<td>P\u00e9 Da Letra<\/td>\n<\/tr>\n<tr>\n<td>ISBN<\/td>\n<td>9786586181371<\/td>\n<\/tr>\n<tr>\n<td>Editora<\/td>\n<td>P\u00e9 Da Letra<\/td>\n<\/tr>\n<tr>\n<td>N\u00ba de p\u00e1ginas<\/td>\n<td>10<\/td>\n<\/tr>\n<\/tbody>\n<\/table>\n<\/div>\n","protected":false},"excerpt":{"rendered":"<p>Irm\u00e3 na Discoteca &#8211; Com Muita Divers\u00e3o traz uma hist\u00f3ria leve e animada que acompanha momentos cheios de m\u00fasica, dan\u00e7a e alegria. Com uma narrativa envolvente, a obra convida as crian\u00e7as a mergulharem em uma aventura divertida, repleta de situa\u00e7\u00f5es<\/p>\n","protected":false},"featured_media":5633,"comment_status":"open","ping_status":"closed","template":"","meta":[],"product_brand":[],"product_cat":[200],"product_tag":[],"class_list":{"0":"post-5634","1":"product","2":"type-product","3":"status-publish","6":"product_cat-0-a-3-anos","8":"first","9":"instock","10":"shipping-taxable","11":"purchasable","12":"product-type-simple"},"_links":{"self":[{"href":"https:\/\/educaredigital.online\/loja\/wp-json\/wp\/v2\/product\/5634","targetHints":{"allow":["GET"]}}],"collection":[{"href":"https:\/\/educaredigital.online\/loja\/wp-json\/wp\/v2\/product"}],"about":[{"href":"https:\/\/educaredigital.online\/loja\/wp-json\/wp\/v2\/types\/product"}],"replies":[{"embeddable":true,"href":"https:\/\/educaredigital.online\/loja\/wp-json\/wp\/v2\/comments?post=5634"}],"wp:featuredmedia":[{"embeddable":true,"href":"https:\/\/educaredigital.online\/loja\/wp-json\/wp\/v2\/media\/5633"}],"wp:attachment":[{"href":"https:\/\/educaredigital.online\/loja\/wp-json\/wp\/v2\/media?parent=5634"}],"wp:term":[{"taxonomy":"product_brand","embeddable":true,"href":"https:\/\/educaredigital.online\/loja\/wp-json\/wp\/v2\/product_brand?post=5634"},{"taxonomy":"product_cat","embeddable":true,"href":"https:\/\/educaredigital.online\/loja\/wp-json\/wp\/v2\/product_cat?post=5634"},{"taxonomy":"product_tag","embeddable":true,"href":"https:\/\/educaredigital.online\/loja\/wp-json\/wp\/v2\/product_tag?post=5634"}],"curies":[{"name":"wp","href":"https:\/\/api.w.org\/{rel}","templated":true}]}}