{"id":5630,"date":"2026-03-27T12:05:18","date_gmt":"2026-03-27T12:05:18","guid":{"rendered":"https:\/\/educaredigital.online\/loja\/produto\/com-dedoches-eu-sou-um-unicornio\/"},"modified":"2026-04-09T17:28:38","modified_gmt":"2026-04-09T17:28:38","slug":"com-dedoches-eu-sou-um-unicornio","status":"publish","type":"product","link":"https:\/\/educaredigital.online\/loja\/produto\/com-dedoches-eu-sou-um-unicornio\/","title":{"rendered":"Com dedoches &#8211; Eu sou um Unic\u00f3rnio"},"content":{"rendered":"<div class=\"details-table-wrapper\">\n<p data-start=\"0\" data-end=\"295\"><strong><span class=\"hover:entity-accent entity-underline inline cursor-pointer align-baseline\"><span class=\"whitespace-normal\">Com Dedoches &#8211; Eu Sou um Unic\u00f3rnio<\/span><\/span><\/strong> \u00e9 uma op\u00e7\u00e3o encantadora que convida as crian\u00e7as a mergulharem em um mundo m\u00e1gico e cheio de imagina\u00e7\u00e3o. Acompanhado de dedoches, o livro permite que os pequenos encenem a hist\u00f3ria enquanto leem, tornando a experi\u00eancia ainda mais divertida e participativa.<\/p>\n<p data-start=\"297\" data-end=\"539\" data-is-last-node=\"\" data-is-only-node=\"\">Com ilustra\u00e7\u00f5es coloridas e linguagem simples, a obra estimula a criatividade, a coordena\u00e7\u00e3o motora e a express\u00e3o oral. Ideal para momentos de leitura em fam\u00edlia ou na escola, \u00e9 uma excelente forma de aprender brincando e dar vida \u00e0 fantasia.<\/p>\n<table class=\"product-details-table\">\n<tbody>\n<tr>\n<td>Autor<\/td>\n<td>P\u00e9 Da Letra<\/td>\n<\/tr>\n<tr>\n<td>ISBN<\/td>\n<td>9786558888895<\/td>\n<\/tr>\n<tr>\n<td>Editora<\/td>\n<td>P\u00e9 Da Letra<\/td>\n<\/tr>\n<tr>\n<td>N\u00ba de p\u00e1ginas<\/td>\n<td>10<\/td>\n<\/tr>\n<\/tbody>\n<\/table>\n<\/div>\n","protected":false},"excerpt":{"rendered":"<p>Com Dedoches &#8211; Eu Sou um Unic\u00f3rnio \u00e9 uma op\u00e7\u00e3o encantadora que convida as crian\u00e7as a mergulharem em um mundo m\u00e1gico e cheio de imagina\u00e7\u00e3o. Acompanhado de dedoches, o livro permite que os pequenos encenem a hist\u00f3ria enquanto leem, tornando<\/p>\n","protected":false},"featured_media":5629,"comment_status":"open","ping_status":"closed","template":"","meta":[],"product_brand":[],"product_cat":[200],"product_tag":[],"class_list":{"0":"post-5630","1":"product","2":"type-product","3":"status-publish","6":"product_cat-0-a-3-anos","8":"first","9":"instock","10":"shipping-taxable","11":"purchasable","12":"product-type-simple"},"_links":{"self":[{"href":"https:\/\/educaredigital.online\/loja\/wp-json\/wp\/v2\/product\/5630","targetHints":{"allow":["GET"]}}],"collection":[{"href":"https:\/\/educaredigital.online\/loja\/wp-json\/wp\/v2\/product"}],"about":[{"href":"https:\/\/educaredigital.online\/loja\/wp-json\/wp\/v2\/types\/product"}],"replies":[{"embeddable":true,"href":"https:\/\/educaredigital.online\/loja\/wp-json\/wp\/v2\/comments?post=5630"}],"wp:featuredmedia":[{"embeddable":true,"href":"https:\/\/educaredigital.online\/loja\/wp-json\/wp\/v2\/media\/5629"}],"wp:attachment":[{"href":"https:\/\/educaredigital.online\/loja\/wp-json\/wp\/v2\/media?parent=5630"}],"wp:term":[{"taxonomy":"product_brand","embeddable":true,"href":"https:\/\/educaredigital.online\/loja\/wp-json\/wp\/v2\/product_brand?post=5630"},{"taxonomy":"product_cat","embeddable":true,"href":"https:\/\/educaredigital.online\/loja\/wp-json\/wp\/v2\/product_cat?post=5630"},{"taxonomy":"product_tag","embeddable":true,"href":"https:\/\/educaredigital.online\/loja\/wp-json\/wp\/v2\/product_tag?post=5630"}],"curies":[{"name":"wp","href":"https:\/\/api.w.org\/{rel}","templated":true}]}}