{"id":5625,"date":"2026-03-27T12:05:09","date_gmt":"2026-03-27T12:05:09","guid":{"rendered":"https:\/\/educaredigital.online\/loja\/produto\/colecao-rabinhos-o-mundo-magico-dos-unicornos\/"},"modified":"2026-04-09T17:28:38","modified_gmt":"2026-04-09T17:28:38","slug":"colecao-rabinhos-o-mundo-magico-dos-unicornos","status":"publish","type":"product","link":"https:\/\/educaredigital.online\/loja\/produto\/colecao-rabinhos-o-mundo-magico-dos-unicornos\/","title":{"rendered":"Cole\u00e7\u00e3o: Rabinhos &#8211; O Mundo M\u00e1gico dos Unic\u00f3rnos"},"content":{"rendered":"<p data-start=\"0\" data-end=\"267\"><strong><span class=\"hover:entity-accent entity-underline inline cursor-pointer align-baseline\"><span class=\"whitespace-normal\">Cole\u00e7\u00e3o Rabinhos &#8211; O Mundo M\u00e1gico dos Unic\u00f3rnios<\/span><\/span><\/strong> convida as crian\u00e7as a explorarem um universo encantado cheio de magia e fantasia. Com hist\u00f3rias leves e divertidas, a cole\u00e7\u00e3o apresenta unic\u00f3rnios ador\u00e1veis em aventuras que estimulam a imagina\u00e7\u00e3o e o encantamento dos pequenos.<\/p>\n<p data-start=\"269\" data-end=\"558\" data-is-last-node=\"\" data-is-only-node=\"\">Com o diferencial dos rabinhos em destaque, os livros proporcionam uma experi\u00eancia sensorial interativa, tornando a leitura ainda mais envolvente. Com ilustra\u00e7\u00f5es coloridas e linguagem simples, \u00e9 ideal para desenvolver a curiosidade, a coordena\u00e7\u00e3o motora e o gosto pela leitura desde cedo.<\/p>\n<div class=\"details-table-wrapper\">\n<table class=\"product-details-table\">\n<tbody>\n<tr>\n<td>Autor<\/td>\n<td>P\u00e9 Da Letra<\/td>\n<\/tr>\n<tr>\n<td>ISBN<\/td>\n<td>9786558887720<\/td>\n<\/tr>\n<tr>\n<td>Editora<\/td>\n<td>P\u00e9 Da Letra<\/td>\n<\/tr>\n<tr>\n<td>N\u00ba de p\u00e1ginas<\/td>\n<td>10<\/td>\n<\/tr>\n<\/tbody>\n<\/table>\n<\/div>\n","protected":false},"excerpt":{"rendered":"<p>Cole\u00e7\u00e3o Rabinhos &#8211; O Mundo M\u00e1gico dos Unic\u00f3rnios convida as crian\u00e7as a explorarem um universo encantado cheio de magia e fantasia. Com hist\u00f3rias leves e divertidas, a cole\u00e7\u00e3o apresenta unic\u00f3rnios ador\u00e1veis em aventuras que estimulam a imagina\u00e7\u00e3o e o encantamento<\/p>\n","protected":false},"featured_media":5624,"comment_status":"open","ping_status":"closed","template":"","meta":[],"product_brand":[],"product_cat":[200],"product_tag":[],"class_list":{"0":"post-5625","1":"product","2":"type-product","3":"status-publish","6":"product_cat-0-a-3-anos","8":"first","9":"instock","10":"shipping-taxable","11":"purchasable","12":"product-type-simple"},"_links":{"self":[{"href":"https:\/\/educaredigital.online\/loja\/wp-json\/wp\/v2\/product\/5625","targetHints":{"allow":["GET"]}}],"collection":[{"href":"https:\/\/educaredigital.online\/loja\/wp-json\/wp\/v2\/product"}],"about":[{"href":"https:\/\/educaredigital.online\/loja\/wp-json\/wp\/v2\/types\/product"}],"replies":[{"embeddable":true,"href":"https:\/\/educaredigital.online\/loja\/wp-json\/wp\/v2\/comments?post=5625"}],"wp:featuredmedia":[{"embeddable":true,"href":"https:\/\/educaredigital.online\/loja\/wp-json\/wp\/v2\/media\/5624"}],"wp:attachment":[{"href":"https:\/\/educaredigital.online\/loja\/wp-json\/wp\/v2\/media?parent=5625"}],"wp:term":[{"taxonomy":"product_brand","embeddable":true,"href":"https:\/\/educaredigital.online\/loja\/wp-json\/wp\/v2\/product_brand?post=5625"},{"taxonomy":"product_cat","embeddable":true,"href":"https:\/\/educaredigital.online\/loja\/wp-json\/wp\/v2\/product_cat?post=5625"},{"taxonomy":"product_tag","embeddable":true,"href":"https:\/\/educaredigital.online\/loja\/wp-json\/wp\/v2\/product_tag?post=5625"}],"curies":[{"name":"wp","href":"https:\/\/api.w.org\/{rel}","templated":true}]}}