{"id":5621,"date":"2026-03-27T12:05:06","date_gmt":"2026-03-27T12:05:06","guid":{"rendered":"https:\/\/educaredigital.online\/loja\/produto\/colecao-rabinhos-bichinhos-adoraveis\/"},"modified":"2026-04-09T17:28:38","modified_gmt":"2026-04-09T17:28:38","slug":"colecao-rabinhos-bichinhos-adoraveis","status":"publish","type":"product","link":"https:\/\/educaredigital.online\/loja\/produto\/colecao-rabinhos-bichinhos-adoraveis\/","title":{"rendered":"Cole\u00e7\u00e3o: Rabinhos &#8211; Bichinhos Ador\u00e1veis"},"content":{"rendered":"<div class=\"details-table-wrapper\">\n<p data-start=\"0\" data-end=\"294\"><strong><span class=\"hover:entity-accent entity-underline inline cursor-pointer align-baseline\"><span class=\"whitespace-normal\">Cole\u00e7\u00e3o Rabinhos &#8211; Bichinhos Ador\u00e1veis<\/span><\/span><\/strong> \u00e9 uma op\u00e7\u00e3o encantadora para os pequenos, trazendo hist\u00f3rias divertidas com animais cheios de charme. Com um toque especial, os livrinhos apresentam rabinhos em destaque, proporcionando uma experi\u00eancia sensorial que torna a leitura ainda mais envolvente.<\/p>\n<p data-start=\"296\" data-end=\"526\" data-is-last-node=\"\" data-is-only-node=\"\">Com ilustra\u00e7\u00f5es coloridas e linguagem simples, a cole\u00e7\u00e3o estimula a curiosidade, a coordena\u00e7\u00e3o motora e o desenvolvimento sensorial das crian\u00e7as. Ideal para os primeiros anos, \u00e9 perfeita para aprender e se divertir ao mesmo tempo.<\/p>\n<table class=\"product-details-table\">\n<tbody>\n<tr>\n<td>Autor<\/td>\n<td>P\u00e9 Da Letra<\/td>\n<\/tr>\n<tr>\n<td>ISBN<\/td>\n<td>9786558887744<\/td>\n<\/tr>\n<tr>\n<td>Editora<\/td>\n<td>P\u00e9 Da Letra<\/td>\n<\/tr>\n<tr>\n<td>N\u00ba de p\u00e1ginas<\/td>\n<td>10<\/td>\n<\/tr>\n<\/tbody>\n<\/table>\n<\/div>\n","protected":false},"excerpt":{"rendered":"<p>Cole\u00e7\u00e3o Rabinhos &#8211; Bichinhos Ador\u00e1veis \u00e9 uma op\u00e7\u00e3o encantadora para os pequenos, trazendo hist\u00f3rias divertidas com animais cheios de charme. Com um toque especial, os livrinhos apresentam rabinhos em destaque, proporcionando uma experi\u00eancia sensorial que torna a leitura ainda mais<\/p>\n","protected":false},"featured_media":5620,"comment_status":"open","ping_status":"closed","template":"","meta":[],"product_brand":[],"product_cat":[200],"product_tag":[],"class_list":{"0":"post-5621","1":"product","2":"type-product","3":"status-publish","6":"product_cat-0-a-3-anos","8":"first","9":"instock","10":"shipping-taxable","11":"purchasable","12":"product-type-simple"},"_links":{"self":[{"href":"https:\/\/educaredigital.online\/loja\/wp-json\/wp\/v2\/product\/5621","targetHints":{"allow":["GET"]}}],"collection":[{"href":"https:\/\/educaredigital.online\/loja\/wp-json\/wp\/v2\/product"}],"about":[{"href":"https:\/\/educaredigital.online\/loja\/wp-json\/wp\/v2\/types\/product"}],"replies":[{"embeddable":true,"href":"https:\/\/educaredigital.online\/loja\/wp-json\/wp\/v2\/comments?post=5621"}],"wp:featuredmedia":[{"embeddable":true,"href":"https:\/\/educaredigital.online\/loja\/wp-json\/wp\/v2\/media\/5620"}],"wp:attachment":[{"href":"https:\/\/educaredigital.online\/loja\/wp-json\/wp\/v2\/media?parent=5621"}],"wp:term":[{"taxonomy":"product_brand","embeddable":true,"href":"https:\/\/educaredigital.online\/loja\/wp-json\/wp\/v2\/product_brand?post=5621"},{"taxonomy":"product_cat","embeddable":true,"href":"https:\/\/educaredigital.online\/loja\/wp-json\/wp\/v2\/product_cat?post=5621"},{"taxonomy":"product_tag","embeddable":true,"href":"https:\/\/educaredigital.online\/loja\/wp-json\/wp\/v2\/product_tag?post=5621"}],"curies":[{"name":"wp","href":"https:\/\/api.w.org\/{rel}","templated":true}]}}