{"id":5617,"date":"2026-03-27T12:05:00","date_gmt":"2026-03-27T12:05:00","guid":{"rendered":"https:\/\/educaredigital.online\/loja\/produto\/colecao-pop-up-livro-dos-numeros\/"},"modified":"2026-04-09T17:28:38","modified_gmt":"2026-04-09T17:28:38","slug":"colecao-pop-up-livro-dos-numeros","status":"publish","type":"product","link":"https:\/\/educaredigital.online\/loja\/produto\/colecao-pop-up-livro-dos-numeros\/","title":{"rendered":"Colec\u00e3o Pop-up: Livro dos N\u00fameros"},"content":{"rendered":"<div class=\"details-table-wrapper\">\n<p data-start=\"0\" data-end=\"262\"><strong><span class=\"hover:entity-accent entity-underline inline cursor-pointer align-baseline\"><span class=\"whitespace-normal\">Cole\u00e7\u00e3o Pop-up: Livro dos N\u00fameros<\/span><\/span><\/strong> \u00e9 uma forma divertida e envolvente de introduzir as crian\u00e7as ao universo dos n\u00fameros. Com p\u00e1ginas em formato pop-up, os elementos ganham movimento e despertam a curiosidade, tornando o aprendizado mais visual e interativo.<\/p>\n<p data-start=\"264\" data-end=\"520\" data-is-last-node=\"\" data-is-only-node=\"\">Com linguagem simples e ilustra\u00e7\u00f5es coloridas, o livro auxilia no desenvolvimento do racioc\u00ednio l\u00f3gico, da percep\u00e7\u00e3o e da coordena\u00e7\u00e3o motora. Ideal para os primeiros anos, \u00e9 uma excelente ferramenta para aprender os n\u00fameros de maneira l\u00fadica e estimulante.<\/p>\n<table class=\"product-details-table\">\n<tbody>\n<tr>\n<td>Autor<\/td>\n<td>P\u00e9 Da Letra<\/td>\n<\/tr>\n<tr>\n<td>ISBN<\/td>\n<td>9786558888772<\/td>\n<\/tr>\n<tr>\n<td>Editora<\/td>\n<td>P\u00e9 Da Letra<\/td>\n<\/tr>\n<tr>\n<td>N\u00ba de p\u00e1ginas<\/td>\n<td>10<\/td>\n<\/tr>\n<\/tbody>\n<\/table>\n<\/div>\n","protected":false},"excerpt":{"rendered":"<p>Cole\u00e7\u00e3o Pop-up: Livro dos N\u00fameros \u00e9 uma forma divertida e envolvente de introduzir as crian\u00e7as ao universo dos n\u00fameros. Com p\u00e1ginas em formato pop-up, os elementos ganham movimento e despertam a curiosidade, tornando o aprendizado mais visual e interativo. Com<\/p>\n","protected":false},"featured_media":5616,"comment_status":"open","ping_status":"closed","template":"","meta":[],"product_brand":[],"product_cat":[200],"product_tag":[],"class_list":{"0":"post-5617","1":"product","2":"type-product","3":"status-publish","6":"product_cat-0-a-3-anos","8":"first","9":"instock","10":"shipping-taxable","11":"purchasable","12":"product-type-simple"},"_links":{"self":[{"href":"https:\/\/educaredigital.online\/loja\/wp-json\/wp\/v2\/product\/5617","targetHints":{"allow":["GET"]}}],"collection":[{"href":"https:\/\/educaredigital.online\/loja\/wp-json\/wp\/v2\/product"}],"about":[{"href":"https:\/\/educaredigital.online\/loja\/wp-json\/wp\/v2\/types\/product"}],"replies":[{"embeddable":true,"href":"https:\/\/educaredigital.online\/loja\/wp-json\/wp\/v2\/comments?post=5617"}],"wp:featuredmedia":[{"embeddable":true,"href":"https:\/\/educaredigital.online\/loja\/wp-json\/wp\/v2\/media\/5616"}],"wp:attachment":[{"href":"https:\/\/educaredigital.online\/loja\/wp-json\/wp\/v2\/media?parent=5617"}],"wp:term":[{"taxonomy":"product_brand","embeddable":true,"href":"https:\/\/educaredigital.online\/loja\/wp-json\/wp\/v2\/product_brand?post=5617"},{"taxonomy":"product_cat","embeddable":true,"href":"https:\/\/educaredigital.online\/loja\/wp-json\/wp\/v2\/product_cat?post=5617"},{"taxonomy":"product_tag","embeddable":true,"href":"https:\/\/educaredigital.online\/loja\/wp-json\/wp\/v2\/product_tag?post=5617"}],"curies":[{"name":"wp","href":"https:\/\/api.w.org\/{rel}","templated":true}]}}