{"id":5611,"date":"2026-03-27T12:04:43","date_gmt":"2026-03-27T12:04:43","guid":{"rendered":"https:\/\/educaredigital.online\/loja\/produto\/colecao-folclore-brasileiro-saci-perere\/"},"modified":"2026-04-09T17:33:15","modified_gmt":"2026-04-09T17:33:15","slug":"colecao-folclore-brasileiro-saci-perere","status":"publish","type":"product","link":"https:\/\/educaredigital.online\/loja\/produto\/colecao-folclore-brasileiro-saci-perere\/","title":{"rendered":"Cole\u00e7\u00e3o: Folclore Brasileiro &#8211; Saci-perer\u00ea"},"content":{"rendered":"<p><strong><span class=\"hover:entity-accent entity-underline inline cursor-pointer align-baseline\"><span class=\"whitespace-normal\">Cole\u00e7\u00e3o Folclore Brasileiro &#8211; Saci-Perer\u00ea<\/span><\/span> <\/strong>apresenta a divertida e travessa hist\u00f3ria do <span class=\"hover:entity-accent entity-underline inline cursor-pointer align-baseline\"><span class=\"whitespace-normal\">Saci-Perer\u00ea<\/span><\/span>, um dos personagens mais conhecidos do folclore nacional. Com suas brincadeiras e mist\u00e9rios, o Saci encanta e desperta a imagina\u00e7\u00e3o das crian\u00e7as, ao mesmo tempo em que introduz elementos da cultura popular brasileira.<\/p>\n<p data-start=\"348\" data-end=\"605\" data-is-last-node=\"\" data-is-only-node=\"\">Com linguagem simples e ilustra\u00e7\u00f5es coloridas, a obra torna a leitura leve e envolvente, incentivando o interesse pelas tradi\u00e7\u00f5es do Brasil. Ideal para leitura em fam\u00edlia ou na escola, \u00e9 uma excelente forma de ensinar cultura e valores de maneira divertida.<\/p>\n<div class=\"details-table-wrapper\">\n<table class=\"product-details-table\">\n<tbody>\n<tr>\n<td>Autor<\/td>\n<td>Andr\u00e9 Cirino<\/td>\n<\/tr>\n<tr>\n<td>ISBN<\/td>\n<td>9788595202214<\/td>\n<\/tr>\n<tr>\n<td>Editora<\/td>\n<td>P\u00e9 da Letra<\/td>\n<\/tr>\n<tr>\n<td>N\u00ba de p\u00e1ginas<\/td>\n<td>8<\/td>\n<\/tr>\n<\/tbody>\n<\/table>\n<\/div>\n","protected":false},"excerpt":{"rendered":"<p>Cole\u00e7\u00e3o Folclore Brasileiro &#8211; Saci-Perer\u00ea apresenta a divertida e travessa hist\u00f3ria do Saci-Perer\u00ea, um dos personagens mais conhecidos do folclore nacional. Com suas brincadeiras e mist\u00e9rios, o Saci encanta e desperta a imagina\u00e7\u00e3o das crian\u00e7as, ao mesmo tempo em que<\/p>\n","protected":false},"featured_media":5610,"comment_status":"open","ping_status":"closed","template":"","meta":[],"product_brand":[],"product_cat":[214],"product_tag":[],"class_list":{"0":"post-5611","1":"product","2":"type-product","3":"status-publish","6":"product_cat-afro-brasileira-e-indigena","8":"first","9":"instock","10":"shipping-taxable","11":"purchasable","12":"product-type-simple"},"_links":{"self":[{"href":"https:\/\/educaredigital.online\/loja\/wp-json\/wp\/v2\/product\/5611","targetHints":{"allow":["GET"]}}],"collection":[{"href":"https:\/\/educaredigital.online\/loja\/wp-json\/wp\/v2\/product"}],"about":[{"href":"https:\/\/educaredigital.online\/loja\/wp-json\/wp\/v2\/types\/product"}],"replies":[{"embeddable":true,"href":"https:\/\/educaredigital.online\/loja\/wp-json\/wp\/v2\/comments?post=5611"}],"wp:featuredmedia":[{"embeddable":true,"href":"https:\/\/educaredigital.online\/loja\/wp-json\/wp\/v2\/media\/5610"}],"wp:attachment":[{"href":"https:\/\/educaredigital.online\/loja\/wp-json\/wp\/v2\/media?parent=5611"}],"wp:term":[{"taxonomy":"product_brand","embeddable":true,"href":"https:\/\/educaredigital.online\/loja\/wp-json\/wp\/v2\/product_brand?post=5611"},{"taxonomy":"product_cat","embeddable":true,"href":"https:\/\/educaredigital.online\/loja\/wp-json\/wp\/v2\/product_cat?post=5611"},{"taxonomy":"product_tag","embeddable":true,"href":"https:\/\/educaredigital.online\/loja\/wp-json\/wp\/v2\/product_tag?post=5611"}],"curies":[{"name":"wp","href":"https:\/\/api.w.org\/{rel}","templated":true}]}}