{"id":5607,"date":"2026-03-27T12:04:31","date_gmt":"2026-03-27T12:04:31","guid":{"rendered":"https:\/\/educaredigital.online\/loja\/produto\/colecao-folclore-brasileiro-mula-sem-cabeca\/"},"modified":"2026-03-30T13:10:03","modified_gmt":"2026-03-30T13:10:03","slug":"colecao-folclore-brasileiro-mula-sem-cabeca","status":"publish","type":"product","link":"https:\/\/educaredigital.online\/loja\/produto\/colecao-folclore-brasileiro-mula-sem-cabeca\/","title":{"rendered":"Cole\u00e7\u00e3o: Folclore Brasileiro &#8211; Mula Sem Cabe\u00e7a"},"content":{"rendered":"<p data-start=\"0\" data-end=\"318\"><strong><span class=\"hover:entity-accent entity-underline inline cursor-pointer align-baseline\"><span class=\"whitespace-normal\">Cole\u00e7\u00e3o Folclore Brasileiro &#8211; Mula Sem Cabe\u00e7a<\/span><\/span><\/strong> apresenta a conhecida lenda da <span class=\"hover:entity-accent entity-underline inline cursor-pointer align-baseline\"><span class=\"whitespace-normal\">Mula Sem Cabe\u00e7a<\/span><\/span>, uma das hist\u00f3rias mais marcantes do folclore nacional. De forma adaptada para o p\u00fablico infantil, a narrativa traz mist\u00e9rio e tradi\u00e7\u00e3o, despertando a curiosidade das crian\u00e7as sobre essa figura lend\u00e1ria.<\/p>\n<p data-start=\"320\" data-end=\"610\" data-is-last-node=\"\" data-is-only-node=\"\">Com linguagem simples e ilustra\u00e7\u00f5es envolventes, o livro torna a leitura leve e acess\u00edvel, incentivando o interesse pela cultura brasileira. Ideal para leitura em fam\u00edlia ou na escola, \u00e9 uma excelente forma de preservar e compartilhar hist\u00f3rias do folclore de maneira divertida e educativa.<\/p>\n<div class=\"details-table-wrapper\">\n<table class=\"product-details-table\">\n<tbody>\n<tr>\n<td>Autor<\/td>\n<td>Andr\u00e9 Cirino<\/td>\n<\/tr>\n<tr>\n<td>ISBN<\/td>\n<td>9788595202191<\/td>\n<\/tr>\n<tr>\n<td>Editora<\/td>\n<td>P\u00e9 da Letra<\/td>\n<\/tr>\n<tr>\n<td>N\u00ba de p\u00e1ginas<\/td>\n<td>8<\/td>\n<\/tr>\n<\/tbody>\n<\/table>\n<\/div>\n","protected":false},"excerpt":{"rendered":"<p>Cole\u00e7\u00e3o Folclore Brasileiro &#8211; Mula Sem Cabe\u00e7a apresenta a conhecida lenda da Mula Sem Cabe\u00e7a, uma das hist\u00f3rias mais marcantes do folclore nacional. De forma adaptada para o p\u00fablico infantil, a narrativa traz mist\u00e9rio e tradi\u00e7\u00e3o, despertando a curiosidade das<\/p>\n","protected":false},"featured_media":5606,"comment_status":"open","ping_status":"closed","template":"","meta":[],"product_brand":[],"product_cat":[214],"product_tag":[],"class_list":{"0":"post-5607","1":"product","2":"type-product","3":"status-publish","6":"product_cat-afro-brasileira-e-indigena","8":"first","9":"instock","10":"shipping-taxable","11":"purchasable","12":"product-type-simple"},"_links":{"self":[{"href":"https:\/\/educaredigital.online\/loja\/wp-json\/wp\/v2\/product\/5607","targetHints":{"allow":["GET"]}}],"collection":[{"href":"https:\/\/educaredigital.online\/loja\/wp-json\/wp\/v2\/product"}],"about":[{"href":"https:\/\/educaredigital.online\/loja\/wp-json\/wp\/v2\/types\/product"}],"replies":[{"embeddable":true,"href":"https:\/\/educaredigital.online\/loja\/wp-json\/wp\/v2\/comments?post=5607"}],"wp:featuredmedia":[{"embeddable":true,"href":"https:\/\/educaredigital.online\/loja\/wp-json\/wp\/v2\/media\/5606"}],"wp:attachment":[{"href":"https:\/\/educaredigital.online\/loja\/wp-json\/wp\/v2\/media?parent=5607"}],"wp:term":[{"taxonomy":"product_brand","embeddable":true,"href":"https:\/\/educaredigital.online\/loja\/wp-json\/wp\/v2\/product_brand?post=5607"},{"taxonomy":"product_cat","embeddable":true,"href":"https:\/\/educaredigital.online\/loja\/wp-json\/wp\/v2\/product_cat?post=5607"},{"taxonomy":"product_tag","embeddable":true,"href":"https:\/\/educaredigital.online\/loja\/wp-json\/wp\/v2\/product_tag?post=5607"}],"curies":[{"name":"wp","href":"https:\/\/api.w.org\/{rel}","templated":true}]}}