{"id":5605,"date":"2026-03-27T12:04:25","date_gmt":"2026-03-27T12:04:25","guid":{"rendered":"https:\/\/educaredigital.online\/loja\/produto\/colecaofolclore-brasileiro-lobisomem\/"},"modified":"2026-03-30T13:02:58","modified_gmt":"2026-03-30T13:02:58","slug":"colecaofolclore-brasileiro-lobisomem","status":"publish","type":"product","link":"https:\/\/educaredigital.online\/loja\/produto\/colecaofolclore-brasileiro-lobisomem\/","title":{"rendered":"Cole\u00e7\u00e3o: Folclore Brasileiro &#8211; Lobisomem"},"content":{"rendered":"<p data-start=\"0\" data-end=\"323\"><strong><span class=\"hover:entity-accent entity-underline inline cursor-pointer align-baseline\"><span class=\"whitespace-normal\">Cole\u00e7\u00e3o Folclore Brasileiro &#8211; Lobisomem<\/span><\/span><\/strong> apresenta a famosa lenda do <span class=\"hover:entity-accent entity-underline inline cursor-pointer align-baseline\"><span class=\"whitespace-normal\">Lobisomem<\/span><\/span>, uma hist\u00f3ria cheia de mist\u00e9rio que faz parte das tradi\u00e7\u00f5es populares. De forma envolvente e adaptada para o p\u00fablico infantil, a narrativa desperta a curiosidade das crian\u00e7as sobre esse personagem t\u00e3o conhecido.<\/p>\n<p data-start=\"325\" data-end=\"593\" data-is-last-node=\"\" data-is-only-node=\"\">Com linguagem simples e ilustra\u00e7\u00f5es atrativas, o livro torna a leitura leve e divertida, incentivando o interesse pelo folclore brasileiro. Ideal para leitura em fam\u00edlia ou na escola, \u00e9 uma excelente maneira de explorar hist\u00f3rias tradicionais e estimular a imagina\u00e7\u00e3o.<\/p>\n<div class=\"details-table-wrapper\">\n<table class=\"product-details-table\">\n<tbody>\n<tr>\n<td>Autor<\/td>\n<td>Andr\u00e9 Cirino<\/td>\n<\/tr>\n<tr>\n<td>ISBN<\/td>\n<td>9788595202184<\/td>\n<\/tr>\n<tr>\n<td>Editora<\/td>\n<td>P\u00e9 da Letra<\/td>\n<\/tr>\n<tr>\n<td>N\u00ba de p\u00e1ginas<\/td>\n<td>8<\/td>\n<\/tr>\n<\/tbody>\n<\/table>\n<\/div>\n","protected":false},"excerpt":{"rendered":"<p>Cole\u00e7\u00e3o Folclore Brasileiro &#8211; Lobisomem apresenta a famosa lenda do Lobisomem, uma hist\u00f3ria cheia de mist\u00e9rio que faz parte das tradi\u00e7\u00f5es populares. De forma envolvente e adaptada para o p\u00fablico infantil, a narrativa desperta a curiosidade das crian\u00e7as sobre esse<\/p>\n","protected":false},"featured_media":5604,"comment_status":"open","ping_status":"closed","template":"","meta":[],"product_brand":[],"product_cat":[214],"product_tag":[],"class_list":{"0":"post-5605","1":"product","2":"type-product","3":"status-publish","6":"product_cat-afro-brasileira-e-indigena","8":"first","9":"instock","10":"shipping-taxable","11":"purchasable","12":"product-type-simple"},"_links":{"self":[{"href":"https:\/\/educaredigital.online\/loja\/wp-json\/wp\/v2\/product\/5605","targetHints":{"allow":["GET"]}}],"collection":[{"href":"https:\/\/educaredigital.online\/loja\/wp-json\/wp\/v2\/product"}],"about":[{"href":"https:\/\/educaredigital.online\/loja\/wp-json\/wp\/v2\/types\/product"}],"replies":[{"embeddable":true,"href":"https:\/\/educaredigital.online\/loja\/wp-json\/wp\/v2\/comments?post=5605"}],"wp:featuredmedia":[{"embeddable":true,"href":"https:\/\/educaredigital.online\/loja\/wp-json\/wp\/v2\/media\/5604"}],"wp:attachment":[{"href":"https:\/\/educaredigital.online\/loja\/wp-json\/wp\/v2\/media?parent=5605"}],"wp:term":[{"taxonomy":"product_brand","embeddable":true,"href":"https:\/\/educaredigital.online\/loja\/wp-json\/wp\/v2\/product_brand?post=5605"},{"taxonomy":"product_cat","embeddable":true,"href":"https:\/\/educaredigital.online\/loja\/wp-json\/wp\/v2\/product_cat?post=5605"},{"taxonomy":"product_tag","embeddable":true,"href":"https:\/\/educaredigital.online\/loja\/wp-json\/wp\/v2\/product_tag?post=5605"}],"curies":[{"name":"wp","href":"https:\/\/api.w.org\/{rel}","templated":true}]}}