{"id":5599,"date":"2026-03-27T12:04:11","date_gmt":"2026-03-27T12:04:11","guid":{"rendered":"https:\/\/educaredigital.online\/loja\/produto\/colecao-fabulas-o-galo-e-a-pedra-preciosa\/"},"modified":"2026-04-09T17:32:43","modified_gmt":"2026-04-09T17:32:43","slug":"colecao-fabulas-o-galo-e-a-pedra-preciosa","status":"publish","type":"product","link":"https:\/\/educaredigital.online\/loja\/produto\/colecao-fabulas-o-galo-e-a-pedra-preciosa\/","title":{"rendered":"Cole\u00e7\u00e3o: F\u00e1bulas &#8211; O Galo e a Pedra Preciosa"},"content":{"rendered":"<p><strong>Cole\u00e7\u00e3o F\u00e1bulas &#8211; O Galo e a Pedra Preciosa<\/strong> reconta o cl\u00e1ssico de Esopo que ensina sobre o valor relativo das coisas e a import\u00e2ncia de dar prioridade ao que realmente importa. A hist\u00f3ria acompanha um galo que, ao ciscar em busca de alimento, encontra uma pedra preciosa. Embora a joia fosse valiosa para muitos, o galo a rejeita, afirmando que preferia encontrar um \u00fanico gr\u00e3o de cevada, que lhe seria \u00fatil e nutritivo.<\/p>\n<p>Com ilustra\u00e7\u00f5es encantadoras e texto em formato de rima, o livro \u00e9 indicado para crian\u00e7as a partir de 3 anos. A obra apresenta a moral de que &#8220;o valor das coisas depende da necessidade de cada um&#8221;, incentivando os pequenos leitores a refletirem sobre a import\u00e2ncia de saber o que realmente \u00e9 essencial e valioso em suas vidas.<\/p>\n<div class=\"details-table-wrapper\">\n<table class=\"product-details-table\">\n<tbody>\n<tr>\n<td>Autor<\/td>\n<td>Andr\u00e9 Cerino e P\u00e9 Da Letra<\/td>\n<\/tr>\n<tr>\n<td>ISBN<\/td>\n<td>9786558881605<\/td>\n<\/tr>\n<tr>\n<td>Editora<\/td>\n<td>P\u00e9 Da Letra<\/td>\n<\/tr>\n<tr>\n<td>N\u00ba de p\u00e1ginas<\/td>\n<td>8<\/td>\n<\/tr>\n<\/tbody>\n<\/table>\n<\/div>\n","protected":false},"excerpt":{"rendered":"<p>Cole\u00e7\u00e3o F\u00e1bulas &#8211; O Galo e a Pedra Preciosa reconta o cl\u00e1ssico de Esopo que ensina sobre o valor relativo das coisas e a import\u00e2ncia de dar prioridade ao que realmente importa. A hist\u00f3ria acompanha um galo que, ao ciscar<\/p>\n","protected":false},"featured_media":5598,"comment_status":"open","ping_status":"closed","template":"","meta":[],"product_brand":[],"product_cat":[214],"product_tag":[],"class_list":{"0":"post-5599","1":"product","2":"type-product","3":"status-publish","6":"product_cat-afro-brasileira-e-indigena","8":"first","9":"instock","10":"shipping-taxable","11":"purchasable","12":"product-type-simple"},"_links":{"self":[{"href":"https:\/\/educaredigital.online\/loja\/wp-json\/wp\/v2\/product\/5599","targetHints":{"allow":["GET"]}}],"collection":[{"href":"https:\/\/educaredigital.online\/loja\/wp-json\/wp\/v2\/product"}],"about":[{"href":"https:\/\/educaredigital.online\/loja\/wp-json\/wp\/v2\/types\/product"}],"replies":[{"embeddable":true,"href":"https:\/\/educaredigital.online\/loja\/wp-json\/wp\/v2\/comments?post=5599"}],"wp:featuredmedia":[{"embeddable":true,"href":"https:\/\/educaredigital.online\/loja\/wp-json\/wp\/v2\/media\/5598"}],"wp:attachment":[{"href":"https:\/\/educaredigital.online\/loja\/wp-json\/wp\/v2\/media?parent=5599"}],"wp:term":[{"taxonomy":"product_brand","embeddable":true,"href":"https:\/\/educaredigital.online\/loja\/wp-json\/wp\/v2\/product_brand?post=5599"},{"taxonomy":"product_cat","embeddable":true,"href":"https:\/\/educaredigital.online\/loja\/wp-json\/wp\/v2\/product_cat?post=5599"},{"taxonomy":"product_tag","embeddable":true,"href":"https:\/\/educaredigital.online\/loja\/wp-json\/wp\/v2\/product_tag?post=5599"}],"curies":[{"name":"wp","href":"https:\/\/api.w.org\/{rel}","templated":true}]}}