{"id":5597,"date":"2026-03-27T12:04:09","date_gmt":"2026-03-27T12:04:09","guid":{"rendered":"https:\/\/educaredigital.online\/loja\/produto\/colecao-fabulas-assembleia-dos-ratos\/"},"modified":"2026-04-09T17:33:44","modified_gmt":"2026-04-09T17:33:44","slug":"colecao-fabulas-assembleia-dos-ratos","status":"publish","type":"product","link":"https:\/\/educaredigital.online\/loja\/produto\/colecao-fabulas-assembleia-dos-ratos\/","title":{"rendered":"Cole\u00e7\u00e3o: F\u00e1bulas &#8211; Assembleia dos Ratos"},"content":{"rendered":"<p class=\"ds-markdown-paragraph\"><strong>Cole\u00e7\u00e3o F\u00e1bulas &#8211; Assembleia dos Ratos<\/strong>\u00a0reconta o cl\u00e1ssico de Esopo que aborda o dilema entre planejar grandes ideias e ter coragem para execut\u00e1-las. A hist\u00f3ria acompanha uma reuni\u00e3o de ratos que, cansados de serem perseguidos pelo gato, decidem criar um plano infal\u00edvel: amarrar um guizo no pesco\u00e7o do felino para que seus passos sejam anunciados com anteced\u00eancia. Embora a ideia seja brilhante, nenhum dos ratos se disp\u00f5e a realiz\u00e1-la.<\/p>\n<p class=\"ds-markdown-paragraph\">Com ilustra\u00e7\u00f5es encantadoras e texto em formato de rima, o livro \u00e9 indicado para crian\u00e7as a partir de 3 anos. A obra apresenta a famosa moral de que &#8220;falar \u00e9 f\u00e1cil, fazer \u00e9 que s\u00e3o elas&#8221;, incentivando os pequenos leitores a refletirem sobre a import\u00e2ncia de n\u00e3o apenas idealizar solu\u00e7\u00f5es, mas tamb\u00e9m ter coragem e disposi\u00e7\u00e3o para coloc\u00e1-las em pr\u00e1tica.<\/p>\n<div class=\"details-table-wrapper\">\n<table class=\"product-details-table\">\n<tbody>\n<tr>\n<td>Autor<\/td>\n<td>Andr\u00e9 Cerino e P\u00e9 Da Letra<\/td>\n<\/tr>\n<tr>\n<td>ISBN<\/td>\n<td>9786558881582<\/td>\n<\/tr>\n<tr>\n<td>Editora<\/td>\n<td>P\u00e9 Da Letra<\/td>\n<\/tr>\n<tr>\n<td>N\u00ba de p\u00e1ginas<\/td>\n<td>8<\/td>\n<\/tr>\n<\/tbody>\n<\/table>\n<\/div>\n","protected":false},"excerpt":{"rendered":"<p>Cole\u00e7\u00e3o F\u00e1bulas &#8211; Assembleia dos Ratos\u00a0reconta o cl\u00e1ssico de Esopo que aborda o dilema entre planejar grandes ideias e ter coragem para execut\u00e1-las. A hist\u00f3ria acompanha uma reuni\u00e3o de ratos que, cansados de serem perseguidos pelo gato, decidem criar um<\/p>\n","protected":false},"featured_media":5596,"comment_status":"open","ping_status":"closed","template":"","meta":[],"product_brand":[],"product_cat":[214],"product_tag":[],"class_list":{"0":"post-5597","1":"product","2":"type-product","3":"status-publish","6":"product_cat-afro-brasileira-e-indigena","8":"first","9":"instock","10":"shipping-taxable","11":"purchasable","12":"product-type-simple"},"_links":{"self":[{"href":"https:\/\/educaredigital.online\/loja\/wp-json\/wp\/v2\/product\/5597","targetHints":{"allow":["GET"]}}],"collection":[{"href":"https:\/\/educaredigital.online\/loja\/wp-json\/wp\/v2\/product"}],"about":[{"href":"https:\/\/educaredigital.online\/loja\/wp-json\/wp\/v2\/types\/product"}],"replies":[{"embeddable":true,"href":"https:\/\/educaredigital.online\/loja\/wp-json\/wp\/v2\/comments?post=5597"}],"wp:featuredmedia":[{"embeddable":true,"href":"https:\/\/educaredigital.online\/loja\/wp-json\/wp\/v2\/media\/5596"}],"wp:attachment":[{"href":"https:\/\/educaredigital.online\/loja\/wp-json\/wp\/v2\/media?parent=5597"}],"wp:term":[{"taxonomy":"product_brand","embeddable":true,"href":"https:\/\/educaredigital.online\/loja\/wp-json\/wp\/v2\/product_brand?post=5597"},{"taxonomy":"product_cat","embeddable":true,"href":"https:\/\/educaredigital.online\/loja\/wp-json\/wp\/v2\/product_cat?post=5597"},{"taxonomy":"product_tag","embeddable":true,"href":"https:\/\/educaredigital.online\/loja\/wp-json\/wp\/v2\/product_tag?post=5597"}],"curies":[{"name":"wp","href":"https:\/\/api.w.org\/{rel}","templated":true}]}}