{"id":5595,"date":"2026-03-27T12:04:05","date_gmt":"2026-03-27T12:04:05","guid":{"rendered":"https:\/\/educaredigital.online\/loja\/produto\/colecao-fabulas-a-raposa-e-as-uvas\/"},"modified":"2026-04-09T17:32:17","modified_gmt":"2026-04-09T17:32:17","slug":"colecao-fabulas-a-raposa-e-as-uvas","status":"publish","type":"product","link":"https:\/\/educaredigital.online\/loja\/produto\/colecao-fabulas-a-raposa-e-as-uvas\/","title":{"rendered":"Cole\u00e7\u00e3o: F\u00e1bulas &#8211; A Raposa e as Uvas"},"content":{"rendered":"<p><strong>Cole\u00e7\u00e3o F\u00e1bulas &#8211; A Raposa e as Uvas<\/strong> reconta o cl\u00e1ssico de Esopo que ensina sobre o orgulho e a tend\u00eancia humana de desprezar aquilo que n\u00e3o se pode alcan\u00e7ar. A hist\u00f3ria acompanha uma raposa que, ap\u00f3s tentar de todas as formas alcan\u00e7ar um cacho de uvas maduras sem sucesso, acaba desistindo e declarando que as uvas estavam verdes e azedas.<\/p>\n<p>Com ilustra\u00e7\u00f5es encantadoras e texto em formato de rima, o livro \u00e9 indicado para crian\u00e7as a partir de 3 anos. A obra apresenta a famosa express\u00e3o &#8220;uvas verdes&#8221; como s\u00edmbolo da desvaloriza\u00e7\u00e3o do que est\u00e1 fora de nosso alcance, incentivando os pequenos leitores a refletirem sobre a import\u00e2ncia de lidar com frustra\u00e7\u00f5es de maneira honesta e madura.<\/p>\n<div class=\"details-table-wrapper\">\n<table class=\"product-details-table\">\n<tbody>\n<tr>\n<td>Autor<\/td>\n<td>Andr\u00e9 Cerino e P\u00e9 Da Letra<\/td>\n<\/tr>\n<tr>\n<td>ISBN<\/td>\n<td>9786558881575<\/td>\n<\/tr>\n<tr>\n<td>Editora<\/td>\n<td>P\u00e9 Da Letra<\/td>\n<\/tr>\n<tr>\n<td>N\u00ba de p\u00e1ginas<\/td>\n<td>8<\/td>\n<\/tr>\n<\/tbody>\n<\/table>\n<\/div>\n","protected":false},"excerpt":{"rendered":"<p>Cole\u00e7\u00e3o F\u00e1bulas &#8211; A Raposa e as Uvas reconta o cl\u00e1ssico de Esopo que ensina sobre o orgulho e a tend\u00eancia humana de desprezar aquilo que n\u00e3o se pode alcan\u00e7ar. A hist\u00f3ria acompanha uma raposa que, ap\u00f3s tentar de todas<\/p>\n","protected":false},"featured_media":5594,"comment_status":"open","ping_status":"closed","template":"","meta":[],"product_brand":[],"product_cat":[214],"product_tag":[],"class_list":{"0":"post-5595","1":"product","2":"type-product","3":"status-publish","6":"product_cat-afro-brasileira-e-indigena","8":"first","9":"instock","10":"shipping-taxable","11":"purchasable","12":"product-type-simple"},"_links":{"self":[{"href":"https:\/\/educaredigital.online\/loja\/wp-json\/wp\/v2\/product\/5595","targetHints":{"allow":["GET"]}}],"collection":[{"href":"https:\/\/educaredigital.online\/loja\/wp-json\/wp\/v2\/product"}],"about":[{"href":"https:\/\/educaredigital.online\/loja\/wp-json\/wp\/v2\/types\/product"}],"replies":[{"embeddable":true,"href":"https:\/\/educaredigital.online\/loja\/wp-json\/wp\/v2\/comments?post=5595"}],"wp:featuredmedia":[{"embeddable":true,"href":"https:\/\/educaredigital.online\/loja\/wp-json\/wp\/v2\/media\/5594"}],"wp:attachment":[{"href":"https:\/\/educaredigital.online\/loja\/wp-json\/wp\/v2\/media?parent=5595"}],"wp:term":[{"taxonomy":"product_brand","embeddable":true,"href":"https:\/\/educaredigital.online\/loja\/wp-json\/wp\/v2\/product_brand?post=5595"},{"taxonomy":"product_cat","embeddable":true,"href":"https:\/\/educaredigital.online\/loja\/wp-json\/wp\/v2\/product_cat?post=5595"},{"taxonomy":"product_tag","embeddable":true,"href":"https:\/\/educaredigital.online\/loja\/wp-json\/wp\/v2\/product_tag?post=5595"}],"curies":[{"name":"wp","href":"https:\/\/api.w.org\/{rel}","templated":true}]}}