{"id":5593,"date":"2026-03-27T12:04:03","date_gmt":"2026-03-27T12:04:03","guid":{"rendered":"https:\/\/educaredigital.online\/loja\/produto\/colecao-fabulas-a-ra-e-o-boi\/"},"modified":"2026-04-09T17:31:52","modified_gmt":"2026-04-09T17:31:52","slug":"colecao-fabulas-a-ra-e-o-boi","status":"publish","type":"product","link":"https:\/\/educaredigital.online\/loja\/produto\/colecao-fabulas-a-ra-e-o-boi\/","title":{"rendered":"Cole\u00e7\u00e3o: F\u00e1bulas &#8211; A R\u00e3 e o Boi"},"content":{"rendered":"<p class=\"ds-markdown-paragraph\"><strong>Cole\u00e7\u00e3o F\u00e1bulas &#8211; A R\u00e3 e o Boi<\/strong>\u00a0reconta o cl\u00e1ssico de Esopo que ensina sobre os perigos da vaidade e da pretens\u00e3o. A hist\u00f3ria acompanha uma pequena r\u00e3 que, ao ver um boi imponente, sente-se inferior e decide tentar aumentar seu tamanho soprando repetidamente, at\u00e9 que, em sua arrog\u00e2ncia por querer ser maior do que realmente \u00e9, acaba estourando.<\/p>\n<p class=\"ds-markdown-paragraph\">Com ilustra\u00e7\u00f5es encantadoras e texto em formato de rima, o livro \u00e9 indicado para crian\u00e7as a partir de 3 anos. A obra apresenta a famosa moral de que &#8220;cada um deve se contentar com aquilo que \u00e9&#8221; e que tentar ser o que n\u00e3o se \u00e9 pode trazer consequ\u00eancias indesejadas, incentivando os pequenos leitores a valorizarem suas pr\u00f3prias qualidades sem compara\u00e7\u00f5es.<\/p>\n<div class=\"details-table-wrapper\">\n<table class=\"product-details-table\">\n<tbody>\n<tr>\n<td>Autor<\/td>\n<td>Andr\u00e9 Cerino e P\u00e9 Da Letra<\/td>\n<\/tr>\n<tr>\n<td>ISBN<\/td>\n<td>9786558881568<\/td>\n<\/tr>\n<tr>\n<td>Editora<\/td>\n<td>P\u00e9 Da Letra<\/td>\n<\/tr>\n<tr>\n<td>N\u00ba de p\u00e1ginas<\/td>\n<td>8<\/td>\n<\/tr>\n<\/tbody>\n<\/table>\n<\/div>\n","protected":false},"excerpt":{"rendered":"<p>Cole\u00e7\u00e3o F\u00e1bulas &#8211; A R\u00e3 e o Boi\u00a0reconta o cl\u00e1ssico de Esopo que ensina sobre os perigos da vaidade e da pretens\u00e3o. A hist\u00f3ria acompanha uma pequena r\u00e3 que, ao ver um boi imponente, sente-se inferior e decide tentar aumentar<\/p>\n","protected":false},"featured_media":5592,"comment_status":"open","ping_status":"closed","template":"","meta":[],"product_brand":[],"product_cat":[214],"product_tag":[],"class_list":{"0":"post-5593","1":"product","2":"type-product","3":"status-publish","6":"product_cat-afro-brasileira-e-indigena","8":"first","9":"instock","10":"shipping-taxable","11":"purchasable","12":"product-type-simple"},"_links":{"self":[{"href":"https:\/\/educaredigital.online\/loja\/wp-json\/wp\/v2\/product\/5593","targetHints":{"allow":["GET"]}}],"collection":[{"href":"https:\/\/educaredigital.online\/loja\/wp-json\/wp\/v2\/product"}],"about":[{"href":"https:\/\/educaredigital.online\/loja\/wp-json\/wp\/v2\/types\/product"}],"replies":[{"embeddable":true,"href":"https:\/\/educaredigital.online\/loja\/wp-json\/wp\/v2\/comments?post=5593"}],"wp:featuredmedia":[{"embeddable":true,"href":"https:\/\/educaredigital.online\/loja\/wp-json\/wp\/v2\/media\/5592"}],"wp:attachment":[{"href":"https:\/\/educaredigital.online\/loja\/wp-json\/wp\/v2\/media?parent=5593"}],"wp:term":[{"taxonomy":"product_brand","embeddable":true,"href":"https:\/\/educaredigital.online\/loja\/wp-json\/wp\/v2\/product_brand?post=5593"},{"taxonomy":"product_cat","embeddable":true,"href":"https:\/\/educaredigital.online\/loja\/wp-json\/wp\/v2\/product_cat?post=5593"},{"taxonomy":"product_tag","embeddable":true,"href":"https:\/\/educaredigital.online\/loja\/wp-json\/wp\/v2\/product_tag?post=5593"}],"curies":[{"name":"wp","href":"https:\/\/api.w.org\/{rel}","templated":true}]}}