{"id":5589,"date":"2026-03-27T12:04:00","date_gmt":"2026-03-27T12:04:00","guid":{"rendered":"https:\/\/educaredigital.online\/loja\/produto\/colecao-fabulas-a-formiga-e-a-pomba\/"},"modified":"2026-04-09T17:29:10","modified_gmt":"2026-04-09T17:29:10","slug":"colecao-fabulas-a-formiga-e-a-pomba","status":"publish","type":"product","link":"https:\/\/educaredigital.online\/loja\/produto\/colecao-fabulas-a-formiga-e-a-pomba\/","title":{"rendered":"Cole\u00e7\u00e3o: F\u00e1bulas &#8211; A Formiga e a Pomba"},"content":{"rendered":"<p><strong>Cole\u00e7\u00e3o F\u00e1bulas &#8211; A Formiga e a Pomba<\/strong> traz um dos mais conhecidos contos de Esopo, que ensina sobre gratid\u00e3o e a import\u00e2ncia de ajudar ao pr\u00f3ximo. A hist\u00f3ria acompanha uma formiga que, ao cair em um riacho, \u00e9 salva por uma pomba que lhe joga uma folha. Dias depois, a formiga retribui a bondade ao picar o p\u00e9 de um ca\u00e7ador que se preparava para capturar a pomba, permitindo que ela escape.<\/p>\n<p>Com ilustra\u00e7\u00f5es marcantes e texto em formato de rima, o livro \u00e9 indicado para crian\u00e7as a partir de 3 anos . A obra apresenta a famosa moral de que &#8220;gentileza gera gentileza&#8221; e que uma boa a\u00e7\u00e3o nunca \u00e9 pequena demais para ser valorizada.<\/p>\n<div class=\"details-table-wrapper\">\n<table class=\"product-details-table\">\n<tbody>\n<tr>\n<td>Autor<\/td>\n<td>Andr\u00e9 Cerino e P\u00e9 Da Letra<\/td>\n<\/tr>\n<tr>\n<td>ISBN<\/td>\n<td>9786558881599<\/td>\n<\/tr>\n<tr>\n<td>Editora<\/td>\n<td>P\u00e9 Da Letra<\/td>\n<\/tr>\n<tr>\n<td>N\u00ba de p\u00e1ginas<\/td>\n<td>8<\/td>\n<\/tr>\n<\/tbody>\n<\/table>\n<\/div>\n","protected":false},"excerpt":{"rendered":"<p>Cole\u00e7\u00e3o F\u00e1bulas &#8211; A Formiga e a Pomba traz um dos mais conhecidos contos de Esopo, que ensina sobre gratid\u00e3o e a import\u00e2ncia de ajudar ao pr\u00f3ximo. A hist\u00f3ria acompanha uma formiga que, ao cair em um riacho, \u00e9 salva<\/p>\n","protected":false},"featured_media":5588,"comment_status":"open","ping_status":"closed","template":"","meta":[],"product_brand":[],"product_cat":[214],"product_tag":[],"class_list":{"0":"post-5589","1":"product","2":"type-product","3":"status-publish","6":"product_cat-afro-brasileira-e-indigena","8":"first","9":"instock","10":"shipping-taxable","11":"purchasable","12":"product-type-simple"},"_links":{"self":[{"href":"https:\/\/educaredigital.online\/loja\/wp-json\/wp\/v2\/product\/5589","targetHints":{"allow":["GET"]}}],"collection":[{"href":"https:\/\/educaredigital.online\/loja\/wp-json\/wp\/v2\/product"}],"about":[{"href":"https:\/\/educaredigital.online\/loja\/wp-json\/wp\/v2\/types\/product"}],"replies":[{"embeddable":true,"href":"https:\/\/educaredigital.online\/loja\/wp-json\/wp\/v2\/comments?post=5589"}],"wp:featuredmedia":[{"embeddable":true,"href":"https:\/\/educaredigital.online\/loja\/wp-json\/wp\/v2\/media\/5588"}],"wp:attachment":[{"href":"https:\/\/educaredigital.online\/loja\/wp-json\/wp\/v2\/media?parent=5589"}],"wp:term":[{"taxonomy":"product_brand","embeddable":true,"href":"https:\/\/educaredigital.online\/loja\/wp-json\/wp\/v2\/product_brand?post=5589"},{"taxonomy":"product_cat","embeddable":true,"href":"https:\/\/educaredigital.online\/loja\/wp-json\/wp\/v2\/product_cat?post=5589"},{"taxonomy":"product_tag","embeddable":true,"href":"https:\/\/educaredigital.online\/loja\/wp-json\/wp\/v2\/product_tag?post=5589"}],"curies":[{"name":"wp","href":"https:\/\/api.w.org\/{rel}","templated":true}]}}