{"id":5585,"date":"2026-03-27T12:03:57","date_gmt":"2026-03-27T12:03:57","guid":{"rendered":"https:\/\/educaredigital.online\/loja\/produto\/colecao-encontre-ouse-se-importar\/"},"modified":"2026-04-09T14:17:19","modified_gmt":"2026-04-09T14:17:19","slug":"colecao-encontre-ouse-se-importar","status":"publish","type":"product","link":"https:\/\/educaredigital.online\/loja\/produto\/colecao-encontre-ouse-se-importar\/","title":{"rendered":"Cole\u00e7\u00e3o: Encontre &#8211; Ouse se Importar!"},"content":{"rendered":"<p><strong>Cole\u00e7\u00e3o: Encontre &#8211; Ouse se Importar!<\/strong> \u00e9 um livro interativo repleto de atividades desenvolvido para ajudar as crian\u00e7as a compreender e administrar emo\u00e7\u00f5es como preocupa\u00e7\u00e3o e ansiedade. A obra oferece t\u00e9cnicas simples e acess\u00edveis que podem ser realizadas sozinhas, com amigos ou em fam\u00edlia, estimulando os pequenos a pensar sobre seus sentimentos e a discuti-los de forma saud\u00e1vel .<\/p>\n<p>Com uma abordagem pr\u00e1tica e l\u00fadica, o livro equipa os jovens leitores com ferramentas valiosas para enfrentar momentos de estresse e encontrar a serenidade no dia a dia . Ideal para crian\u00e7as que est\u00e3o aprendendo a lidar com suas emo\u00e7\u00f5es, a obra promove momentos de autoconhecimento e fortalece o di\u00e1logo familiar sobre a import\u00e2ncia do equil\u00edbrio emocional.<\/p>\n<div class=\"details-table-wrapper\">\n<table class=\"product-details-table\">\n<tbody>\n<tr>\n<td>Autor<\/td>\n<td>\u00a0Jenny Alexander<\/td>\n<\/tr>\n<tr>\n<td>ISBN<\/td>\n<td>9786558886952<\/td>\n<\/tr>\n<tr>\n<td>Editora<\/td>\n<td>P\u00e9 Da Letra<\/td>\n<\/tr>\n<tr>\n<td>N\u00ba de p\u00e1ginas<\/td>\n<td>96<\/td>\n<\/tr>\n<\/tbody>\n<\/table>\n<\/div>\n","protected":false},"excerpt":{"rendered":"<p>Cole\u00e7\u00e3o: Encontre &#8211; Ouse se Importar! \u00e9 um livro interativo repleto de atividades desenvolvido para ajudar as crian\u00e7as a compreender e administrar emo\u00e7\u00f5es como preocupa\u00e7\u00e3o e ansiedade. A obra oferece t\u00e9cnicas simples e acess\u00edveis que podem ser realizadas sozinhas, com<\/p>\n","protected":false},"featured_media":5584,"comment_status":"open","ping_status":"closed","template":"","meta":[],"product_brand":[],"product_cat":[205],"product_tag":[],"class_list":{"0":"post-5585","1":"product","2":"type-product","3":"status-publish","6":"product_cat-fundamental-4-ao-5","8":"first","9":"instock","10":"shipping-taxable","11":"purchasable","12":"product-type-simple"},"_links":{"self":[{"href":"https:\/\/educaredigital.online\/loja\/wp-json\/wp\/v2\/product\/5585","targetHints":{"allow":["GET"]}}],"collection":[{"href":"https:\/\/educaredigital.online\/loja\/wp-json\/wp\/v2\/product"}],"about":[{"href":"https:\/\/educaredigital.online\/loja\/wp-json\/wp\/v2\/types\/product"}],"replies":[{"embeddable":true,"href":"https:\/\/educaredigital.online\/loja\/wp-json\/wp\/v2\/comments?post=5585"}],"wp:featuredmedia":[{"embeddable":true,"href":"https:\/\/educaredigital.online\/loja\/wp-json\/wp\/v2\/media\/5584"}],"wp:attachment":[{"href":"https:\/\/educaredigital.online\/loja\/wp-json\/wp\/v2\/media?parent=5585"}],"wp:term":[{"taxonomy":"product_brand","embeddable":true,"href":"https:\/\/educaredigital.online\/loja\/wp-json\/wp\/v2\/product_brand?post=5585"},{"taxonomy":"product_cat","embeddable":true,"href":"https:\/\/educaredigital.online\/loja\/wp-json\/wp\/v2\/product_cat?post=5585"},{"taxonomy":"product_tag","embeddable":true,"href":"https:\/\/educaredigital.online\/loja\/wp-json\/wp\/v2\/product_tag?post=5585"}],"curies":[{"name":"wp","href":"https:\/\/api.w.org\/{rel}","templated":true}]}}