{"id":5573,"date":"2026-03-27T12:03:41","date_gmt":"2026-03-27T12:03:41","guid":{"rendered":"https:\/\/educaredigital.online\/loja\/produto\/colecao-dedoche-lila-faz-amigos\/"},"modified":"2026-04-09T17:28:38","modified_gmt":"2026-04-09T17:28:38","slug":"colecao-dedoche-lila-faz-amigos","status":"publish","type":"product","link":"https:\/\/educaredigital.online\/loja\/produto\/colecao-dedoche-lila-faz-amigos\/","title":{"rendered":"Cole\u00e7\u00e3o Dedoche &#8211; Lila Faz Amigos"},"content":{"rendered":"<p class=\"ds-markdown-paragraph\"><strong>Cole\u00e7\u00e3o Dedoche &#8211; Lila Faz Amigos<\/strong>\u00a0 \u00e9 um livro interativo que convida as crian\u00e7as a participarem ativamente da hist\u00f3ria, utilizando os dedos para dar vida aos personagens. Com capa dura e p\u00e1ginas resistentes, estimulando a imagina\u00e7\u00e3o, a coordena\u00e7\u00e3o motora e o envolvimento com a narrativa de maneira l\u00fadica e divertida .<\/p>\n<p class=\"ds-markdown-paragraph\">A obra permite que os pequenos leitores se sintam parte da aventura enquanto acompanham suas travessuras e aprendizados. Ideal para momentos de leitura compartilhada em fam\u00edlia, o livro une o prazer da narrativa com a brincadeira, tornando a experi\u00eancia liter\u00e1ria ainda mais significativa e afetiva para os pequenos.<\/p>\n<div class=\"details-table-wrapper\">\n<table class=\"product-details-table\">\n<tbody>\n<tr>\n<td>Autor<\/td>\n<td>P\u00e9 Da Letra<\/td>\n<\/tr>\n<tr>\n<td>ISBN<\/td>\n<td>9786558888185<\/td>\n<\/tr>\n<tr>\n<td>Editora<\/td>\n<td>P\u00e9 Da Letra<\/td>\n<\/tr>\n<tr>\n<td>N\u00ba de p\u00e1ginas<\/td>\n<td>10<\/td>\n<\/tr>\n<\/tbody>\n<\/table>\n<\/div>\n","protected":false},"excerpt":{"rendered":"<p>Cole\u00e7\u00e3o Dedoche &#8211; Lila Faz Amigos\u00a0 \u00e9 um livro interativo que convida as crian\u00e7as a participarem ativamente da hist\u00f3ria, utilizando os dedos para dar vida aos personagens. Com capa dura e p\u00e1ginas resistentes, estimulando a imagina\u00e7\u00e3o, a coordena\u00e7\u00e3o motora e<\/p>\n","protected":false},"featured_media":5572,"comment_status":"open","ping_status":"closed","template":"","meta":[],"product_brand":[],"product_cat":[200],"product_tag":[],"class_list":{"0":"post-5573","1":"product","2":"type-product","3":"status-publish","6":"product_cat-0-a-3-anos","8":"first","9":"instock","10":"shipping-taxable","11":"purchasable","12":"product-type-simple"},"_links":{"self":[{"href":"https:\/\/educaredigital.online\/loja\/wp-json\/wp\/v2\/product\/5573","targetHints":{"allow":["GET"]}}],"collection":[{"href":"https:\/\/educaredigital.online\/loja\/wp-json\/wp\/v2\/product"}],"about":[{"href":"https:\/\/educaredigital.online\/loja\/wp-json\/wp\/v2\/types\/product"}],"replies":[{"embeddable":true,"href":"https:\/\/educaredigital.online\/loja\/wp-json\/wp\/v2\/comments?post=5573"}],"wp:featuredmedia":[{"embeddable":true,"href":"https:\/\/educaredigital.online\/loja\/wp-json\/wp\/v2\/media\/5572"}],"wp:attachment":[{"href":"https:\/\/educaredigital.online\/loja\/wp-json\/wp\/v2\/media?parent=5573"}],"wp:term":[{"taxonomy":"product_brand","embeddable":true,"href":"https:\/\/educaredigital.online\/loja\/wp-json\/wp\/v2\/product_brand?post=5573"},{"taxonomy":"product_cat","embeddable":true,"href":"https:\/\/educaredigital.online\/loja\/wp-json\/wp\/v2\/product_cat?post=5573"},{"taxonomy":"product_tag","embeddable":true,"href":"https:\/\/educaredigital.online\/loja\/wp-json\/wp\/v2\/product_tag?post=5573"}],"curies":[{"name":"wp","href":"https:\/\/api.w.org\/{rel}","templated":true}]}}