{"id":5563,"date":"2026-03-27T12:03:31","date_gmt":"2026-03-27T12:03:31","guid":{"rendered":"https:\/\/educaredigital.online\/loja\/produto\/classicos-das-virtudes-para-criancas-almofadado\/"},"modified":"2026-04-09T14:17:19","modified_gmt":"2026-04-09T14:17:19","slug":"classicos-das-virtudes-para-criancas-almofadado","status":"publish","type":"product","link":"https:\/\/educaredigital.online\/loja\/produto\/classicos-das-virtudes-para-criancas-almofadado\/","title":{"rendered":"Cl\u00e1ssicos das Virtudes para Crian\u00e7as &#8211; Almofadado"},"content":{"rendered":"<p><strong>Cl\u00e1ssicos das Virtudes para Crian\u00e7as &#8211; Almofadado<\/strong> \u00e9 uma obra encantadora que re\u00fane contos de fadas cl\u00e1ssicos para apresentar valores essenciais aos pequenos leitores. Com formato almofadado e ilustra\u00e7\u00f5es atraentes, o livro convida a viajar pelo imagin\u00e1rio de princesas, pr\u00edncipes e lobos, compreendendo de forma l\u00fadica as dificuldades da vida e a import\u00e2ncia de virtudes como coragem, honestidade e bondade .<\/p>\n<p>Mais do que uma colet\u00e2nea de hist\u00f3rias, a obra proporciona momentos de reflex\u00e3o em fam\u00edlia, ajudando na forma\u00e7\u00e3o do car\u00e1ter infantil. Cada narrativa, cuidadosamente reescrita em linguagem acess\u00edvel, traz uma mensagem edificante que estimula a pr\u00e1tica do bem e o desenvolvimento de um olhar mais sens\u00edvel ao pr\u00f3ximo<\/p>\n<div class=\"details-table-wrapper\">\n<table class=\"product-details-table\">\n<tbody>\n<tr>\n<td>Autor<\/td>\n<td>P\u00e9 Da Letra<\/td>\n<\/tr>\n<tr>\n<td>ISBN<\/td>\n<td>9788561403980<\/td>\n<\/tr>\n<tr>\n<td>Editora<\/td>\n<td>P\u00e9 Da Letra<\/td>\n<\/tr>\n<tr>\n<td>N\u00ba de p\u00e1ginas<\/td>\n<td>127<\/td>\n<\/tr>\n<\/tbody>\n<\/table>\n<\/div>\n","protected":false},"excerpt":{"rendered":"<p>Cl\u00e1ssicos das Virtudes para Crian\u00e7as &#8211; Almofadado \u00e9 uma obra encantadora que re\u00fane contos de fadas cl\u00e1ssicos para apresentar valores essenciais aos pequenos leitores. Com formato almofadado e ilustra\u00e7\u00f5es atraentes, o livro convida a viajar pelo imagin\u00e1rio de princesas, pr\u00edncipes<\/p>\n","protected":false},"featured_media":5562,"comment_status":"open","ping_status":"closed","template":"","meta":[],"product_brand":[],"product_cat":[205],"product_tag":[],"class_list":{"0":"post-5563","1":"product","2":"type-product","3":"status-publish","6":"product_cat-fundamental-4-ao-5","8":"first","9":"instock","10":"shipping-taxable","11":"purchasable","12":"product-type-simple"},"_links":{"self":[{"href":"https:\/\/educaredigital.online\/loja\/wp-json\/wp\/v2\/product\/5563","targetHints":{"allow":["GET"]}}],"collection":[{"href":"https:\/\/educaredigital.online\/loja\/wp-json\/wp\/v2\/product"}],"about":[{"href":"https:\/\/educaredigital.online\/loja\/wp-json\/wp\/v2\/types\/product"}],"replies":[{"embeddable":true,"href":"https:\/\/educaredigital.online\/loja\/wp-json\/wp\/v2\/comments?post=5563"}],"wp:featuredmedia":[{"embeddable":true,"href":"https:\/\/educaredigital.online\/loja\/wp-json\/wp\/v2\/media\/5562"}],"wp:attachment":[{"href":"https:\/\/educaredigital.online\/loja\/wp-json\/wp\/v2\/media?parent=5563"}],"wp:term":[{"taxonomy":"product_brand","embeddable":true,"href":"https:\/\/educaredigital.online\/loja\/wp-json\/wp\/v2\/product_brand?post=5563"},{"taxonomy":"product_cat","embeddable":true,"href":"https:\/\/educaredigital.online\/loja\/wp-json\/wp\/v2\/product_cat?post=5563"},{"taxonomy":"product_tag","embeddable":true,"href":"https:\/\/educaredigital.online\/loja\/wp-json\/wp\/v2\/product_tag?post=5563"}],"curies":[{"name":"wp","href":"https:\/\/api.w.org\/{rel}","templated":true}]}}