{"id":5561,"date":"2026-03-27T12:03:26","date_gmt":"2026-03-27T12:03:26","guid":{"rendered":"https:\/\/educaredigital.online\/loja\/produto\/classicos-biblicos-pedro\/"},"modified":"2026-04-09T15:04:26","modified_gmt":"2026-04-09T15:04:26","slug":"classicos-biblicos-pedro","status":"publish","type":"product","link":"https:\/\/educaredigital.online\/loja\/produto\/classicos-biblicos-pedro\/","title":{"rendered":"Cl\u00e1ssicos B\u00edblicos &#8211; Pedro"},"content":{"rendered":"<p><strong>Cl\u00e1ssicos B\u00edblicos &#8211; Pedro<\/strong> apresenta a hist\u00f3ria do ap\u00f3stolo que passou de pescador a seguidor de Jesus, escrito em forma de rima e com ilustra\u00e7\u00f5es marcantes de J\u00e9ssica Olmedo. O livro aborda momentos marcantes como o chamado de Jesus para que Pedro se tornasse &#8220;pescador de homens&#8221; e a transforma\u00e7\u00e3o de seu temperamento impulsivo.<\/p>\n<p>Com linguagem acess\u00edvel e visual atraente, a obra convida os pequenos leitores a conhecerem a trajet\u00f3ria de f\u00e9 e aprendizado de um dos disc\u00edpulos mais pr\u00f3ximos de Cristo.<\/p>\n<div class=\"details-table-wrapper\">\n<table class=\"product-details-table\">\n<tbody>\n<tr>\n<td>Autor<\/td>\n<td>J\u00e9ssica Olmedo e P\u00e9 Da Letra<\/td>\n<\/tr>\n<tr>\n<td>ISBN<\/td>\n<td>9788595200425<\/td>\n<\/tr>\n<tr>\n<td>Editora<\/td>\n<td>P\u00e9 Da Letra<\/td>\n<\/tr>\n<tr>\n<td>N\u00ba de p\u00e1ginas<\/td>\n<td>14<\/td>\n<\/tr>\n<\/tbody>\n<\/table>\n<\/div>\n","protected":false},"excerpt":{"rendered":"<p>Cl\u00e1ssicos B\u00edblicos &#8211; Pedro apresenta a hist\u00f3ria do ap\u00f3stolo que passou de pescador a seguidor de Jesus, escrito em forma de rima e com ilustra\u00e7\u00f5es marcantes de J\u00e9ssica Olmedo. O livro aborda momentos marcantes como o chamado de Jesus para<\/p>\n","protected":false},"featured_media":5560,"comment_status":"open","ping_status":"closed","template":"","meta":[],"product_brand":[],"product_cat":[202],"product_tag":[],"class_list":{"0":"post-5561","1":"product","2":"type-product","3":"status-publish","6":"product_cat-fundamental1-1ao3","8":"first","9":"instock","10":"shipping-taxable","11":"purchasable","12":"product-type-simple"},"_links":{"self":[{"href":"https:\/\/educaredigital.online\/loja\/wp-json\/wp\/v2\/product\/5561","targetHints":{"allow":["GET"]}}],"collection":[{"href":"https:\/\/educaredigital.online\/loja\/wp-json\/wp\/v2\/product"}],"about":[{"href":"https:\/\/educaredigital.online\/loja\/wp-json\/wp\/v2\/types\/product"}],"replies":[{"embeddable":true,"href":"https:\/\/educaredigital.online\/loja\/wp-json\/wp\/v2\/comments?post=5561"}],"wp:featuredmedia":[{"embeddable":true,"href":"https:\/\/educaredigital.online\/loja\/wp-json\/wp\/v2\/media\/5560"}],"wp:attachment":[{"href":"https:\/\/educaredigital.online\/loja\/wp-json\/wp\/v2\/media?parent=5561"}],"wp:term":[{"taxonomy":"product_brand","embeddable":true,"href":"https:\/\/educaredigital.online\/loja\/wp-json\/wp\/v2\/product_brand?post=5561"},{"taxonomy":"product_cat","embeddable":true,"href":"https:\/\/educaredigital.online\/loja\/wp-json\/wp\/v2\/product_cat?post=5561"},{"taxonomy":"product_tag","embeddable":true,"href":"https:\/\/educaredigital.online\/loja\/wp-json\/wp\/v2\/product_tag?post=5561"}],"curies":[{"name":"wp","href":"https:\/\/api.w.org\/{rel}","templated":true}]}}