{"id":5559,"date":"2026-03-27T12:03:21","date_gmt":"2026-03-27T12:03:21","guid":{"rendered":"https:\/\/educaredigital.online\/loja\/produto\/classicos-biblicos-paulo\/"},"modified":"2026-04-09T15:04:26","modified_gmt":"2026-04-09T15:04:26","slug":"classicos-biblicos-paulo","status":"publish","type":"product","link":"https:\/\/educaredigital.online\/loja\/produto\/classicos-biblicos-paulo\/","title":{"rendered":"Cl\u00e1ssicos B\u00edblicos &#8211; Paulo"},"content":{"rendered":"<p><strong>Cl\u00e1ssicos B\u00edblicos &#8211; Paulo<\/strong> conta a hist\u00f3ria impressionante do homem que passou de perseguidor dos crist\u00e3os a um dos maiores mission\u00e1rios de todos os tempos. Escrito em forma de rima, o livro apresenta em linguagem acess\u00edvel a jornada de Saulo de Tarso, desde sua convers\u00e3o no caminho para Damasco at\u00e9 suas viagens espalhando a mensagem de salva\u00e7\u00e3o.<\/p>\n<p>Com o cuidado visual que caracteriza a cole\u00e7\u00e3o, a obra convida os pequenos leitores a conhecerem o legado de f\u00e9 e coragem de um dos personagens mais influentes do Novo Testamento, mostrando como Deus pode transformar radicalmente a vida de quem se entrega a Ele.<\/p>\n<div class=\"details-table-wrapper\">\n<table class=\"product-details-table\">\n<tbody>\n<tr>\n<td>Autor<\/td>\n<td>J\u00e9ssica Olmedo e P\u00e9 Da Letra<\/td>\n<\/tr>\n<tr>\n<td>ISBN<\/td>\n<td>9788595200432<\/td>\n<\/tr>\n<tr>\n<td>Editora<\/td>\n<td>P\u00e9 Da Letra<\/td>\n<\/tr>\n<tr>\n<td>N\u00ba de p\u00e1ginas<\/td>\n<td>14<\/td>\n<\/tr>\n<\/tbody>\n<\/table>\n<\/div>\n","protected":false},"excerpt":{"rendered":"<p>Cl\u00e1ssicos B\u00edblicos &#8211; Paulo conta a hist\u00f3ria impressionante do homem que passou de perseguidor dos crist\u00e3os a um dos maiores mission\u00e1rios de todos os tempos. Escrito em forma de rima, o livro apresenta em linguagem acess\u00edvel a jornada de Saulo<\/p>\n","protected":false},"featured_media":5558,"comment_status":"open","ping_status":"closed","template":"","meta":[],"product_brand":[],"product_cat":[202],"product_tag":[],"class_list":{"0":"post-5559","1":"product","2":"type-product","3":"status-publish","6":"product_cat-fundamental1-1ao3","8":"first","9":"instock","10":"shipping-taxable","11":"purchasable","12":"product-type-simple"},"_links":{"self":[{"href":"https:\/\/educaredigital.online\/loja\/wp-json\/wp\/v2\/product\/5559","targetHints":{"allow":["GET"]}}],"collection":[{"href":"https:\/\/educaredigital.online\/loja\/wp-json\/wp\/v2\/product"}],"about":[{"href":"https:\/\/educaredigital.online\/loja\/wp-json\/wp\/v2\/types\/product"}],"replies":[{"embeddable":true,"href":"https:\/\/educaredigital.online\/loja\/wp-json\/wp\/v2\/comments?post=5559"}],"wp:featuredmedia":[{"embeddable":true,"href":"https:\/\/educaredigital.online\/loja\/wp-json\/wp\/v2\/media\/5558"}],"wp:attachment":[{"href":"https:\/\/educaredigital.online\/loja\/wp-json\/wp\/v2\/media?parent=5559"}],"wp:term":[{"taxonomy":"product_brand","embeddable":true,"href":"https:\/\/educaredigital.online\/loja\/wp-json\/wp\/v2\/product_brand?post=5559"},{"taxonomy":"product_cat","embeddable":true,"href":"https:\/\/educaredigital.online\/loja\/wp-json\/wp\/v2\/product_cat?post=5559"},{"taxonomy":"product_tag","embeddable":true,"href":"https:\/\/educaredigital.online\/loja\/wp-json\/wp\/v2\/product_tag?post=5559"}],"curies":[{"name":"wp","href":"https:\/\/api.w.org\/{rel}","templated":true}]}}