{"id":5555,"date":"2026-03-27T12:03:14","date_gmt":"2026-03-27T12:03:14","guid":{"rendered":"https:\/\/educaredigital.online\/loja\/produto\/classicos-biblicos-noe\/"},"modified":"2026-04-09T15:04:26","modified_gmt":"2026-04-09T15:04:26","slug":"classicos-biblicos-noe","status":"publish","type":"product","link":"https:\/\/educaredigital.online\/loja\/produto\/classicos-biblicos-noe\/","title":{"rendered":"Cl\u00e1ssicos B\u00edblicos &#8211; No\u00e9"},"content":{"rendered":"<p><strong>Cl\u00e1ssicos B\u00edblicos &#8211; No\u00e9<\/strong> reconta a emocionante hist\u00f3ria do homem escolhido por Deus para preservar a vida durante o grande dil\u00favio. Com linguagem acess\u00edvel e ilustra\u00e7\u00f5es marcantes, a obra acompanha No\u00e9 desde o momento em que recebe a miss\u00e3o de construir a arca, a reuni\u00e3o dos animais aos pares, os quarenta dias de chuva, at\u00e9 o surgimento do arco-\u00edris como s\u00edmbolo da alian\u00e7a divina.<\/p>\n<p>Mais do que uma simples narrativa, o livro convida o leitor a refletir sobre valores como obedi\u00eancia, f\u00e9 e recome\u00e7o, mostrando como a confian\u00e7a em Deus pode transformar desafios em novas oportunidades. Com o cuidado visual que caracteriza a cole\u00e7\u00e3o, a obra torna essa hist\u00f3ria \u00e9pica compreens\u00edvel e envolvente para leitores de todas as idades.<\/p>\n<div class=\"details-table-wrapper\">\n<table class=\"product-details-table\">\n<tbody>\n<tr>\n<td>Autor<\/td>\n<td>J\u00e9ssica Olmedo e P\u00e9 Da Letra<\/td>\n<\/tr>\n<tr>\n<td>ISBN<\/td>\n<td>9788595200456<\/td>\n<\/tr>\n<tr>\n<td>Editora<\/td>\n<td>NOME<\/td>\n<\/tr>\n<tr>\n<td>N\u00ba de p\u00e1ginas<\/td>\n<td>14<\/td>\n<\/tr>\n<\/tbody>\n<\/table>\n<\/div>\n","protected":false},"excerpt":{"rendered":"<p>Cl\u00e1ssicos B\u00edblicos &#8211; No\u00e9 reconta a emocionante hist\u00f3ria do homem escolhido por Deus para preservar a vida durante o grande dil\u00favio. Com linguagem acess\u00edvel e ilustra\u00e7\u00f5es marcantes, a obra acompanha No\u00e9 desde o momento em que recebe a miss\u00e3o de<\/p>\n","protected":false},"featured_media":5554,"comment_status":"open","ping_status":"closed","template":"","meta":[],"product_brand":[],"product_cat":[202],"product_tag":[],"class_list":{"0":"post-5555","1":"product","2":"type-product","3":"status-publish","6":"product_cat-fundamental1-1ao3","8":"first","9":"instock","10":"shipping-taxable","11":"purchasable","12":"product-type-simple"},"_links":{"self":[{"href":"https:\/\/educaredigital.online\/loja\/wp-json\/wp\/v2\/product\/5555","targetHints":{"allow":["GET"]}}],"collection":[{"href":"https:\/\/educaredigital.online\/loja\/wp-json\/wp\/v2\/product"}],"about":[{"href":"https:\/\/educaredigital.online\/loja\/wp-json\/wp\/v2\/types\/product"}],"replies":[{"embeddable":true,"href":"https:\/\/educaredigital.online\/loja\/wp-json\/wp\/v2\/comments?post=5555"}],"wp:featuredmedia":[{"embeddable":true,"href":"https:\/\/educaredigital.online\/loja\/wp-json\/wp\/v2\/media\/5554"}],"wp:attachment":[{"href":"https:\/\/educaredigital.online\/loja\/wp-json\/wp\/v2\/media?parent=5555"}],"wp:term":[{"taxonomy":"product_brand","embeddable":true,"href":"https:\/\/educaredigital.online\/loja\/wp-json\/wp\/v2\/product_brand?post=5555"},{"taxonomy":"product_cat","embeddable":true,"href":"https:\/\/educaredigital.online\/loja\/wp-json\/wp\/v2\/product_cat?post=5555"},{"taxonomy":"product_tag","embeddable":true,"href":"https:\/\/educaredigital.online\/loja\/wp-json\/wp\/v2\/product_tag?post=5555"}],"curies":[{"name":"wp","href":"https:\/\/api.w.org\/{rel}","templated":true}]}}