{"id":5549,"date":"2026-03-27T12:03:01","date_gmt":"2026-03-27T12:03:01","guid":{"rendered":"https:\/\/educaredigital.online\/loja\/produto\/classicos-biblicos-jesus\/"},"modified":"2026-04-09T15:04:25","modified_gmt":"2026-04-09T15:04:25","slug":"classicos-biblicos-jesus","status":"publish","type":"product","link":"https:\/\/educaredigital.online\/loja\/produto\/classicos-biblicos-jesus\/","title":{"rendered":"Cl\u00e1ssicos B\u00edblicos &#8211; Jesus"},"content":{"rendered":"<p><strong>Cl\u00e1ssicos B\u00edblicos &#8211; Jesus<\/strong> apresenta a vida e o minist\u00e9rio de Jesus Cristo de forma acess\u00edvel e visualmente atraente, combinando linguagem clara com ilustra\u00e7\u00f5es marcantes. Baseado nos Evangelhos, o livro conduz o leitor desde o nascimento at\u00e9 a ressurrei\u00e7\u00e3o de Cristo, destacando seus ensinamentos, milagres e o significado de sua passagem.<\/p>\n<p>Mais que uma narrativa hist\u00f3rica, a obra convida \u00e0 reflex\u00e3o sobre o legado de amor e reden\u00e7\u00e3o deixado por Jesus. Com um design que valoriza a tradi\u00e7\u00e3o dos cl\u00e1ssicos, torna a mensagem central do cristianismo envolvente e compreens\u00edvel para todas as gera\u00e7\u00f5es.<\/p>\n<div class=\"details-table-wrapper\">\n<table class=\"product-details-table\">\n<tbody>\n<tr>\n<td>Autor<\/td>\n<td>J\u00e9ssica Olmedo e P\u00e9 Da Letra<\/td>\n<\/tr>\n<tr>\n<td>ISBN<\/td>\n<td>9788595200487<\/td>\n<\/tr>\n<tr>\n<td>Editora<\/td>\n<td>P\u00e9 Da Letra<\/td>\n<\/tr>\n<tr>\n<td>N\u00ba de p\u00e1ginas<\/td>\n<td>14<\/td>\n<\/tr>\n<\/tbody>\n<\/table>\n<\/div>\n","protected":false},"excerpt":{"rendered":"<p>Cl\u00e1ssicos B\u00edblicos &#8211; Jesus apresenta a vida e o minist\u00e9rio de Jesus Cristo de forma acess\u00edvel e visualmente atraente, combinando linguagem clara com ilustra\u00e7\u00f5es marcantes. Baseado nos Evangelhos, o livro conduz o leitor desde o nascimento at\u00e9 a ressurrei\u00e7\u00e3o de<\/p>\n","protected":false},"featured_media":5548,"comment_status":"open","ping_status":"closed","template":"","meta":[],"product_brand":[],"product_cat":[202],"product_tag":[],"class_list":{"0":"post-5549","1":"product","2":"type-product","3":"status-publish","6":"product_cat-fundamental1-1ao3","8":"first","9":"instock","10":"shipping-taxable","11":"purchasable","12":"product-type-simple"},"_links":{"self":[{"href":"https:\/\/educaredigital.online\/loja\/wp-json\/wp\/v2\/product\/5549","targetHints":{"allow":["GET"]}}],"collection":[{"href":"https:\/\/educaredigital.online\/loja\/wp-json\/wp\/v2\/product"}],"about":[{"href":"https:\/\/educaredigital.online\/loja\/wp-json\/wp\/v2\/types\/product"}],"replies":[{"embeddable":true,"href":"https:\/\/educaredigital.online\/loja\/wp-json\/wp\/v2\/comments?post=5549"}],"wp:featuredmedia":[{"embeddable":true,"href":"https:\/\/educaredigital.online\/loja\/wp-json\/wp\/v2\/media\/5548"}],"wp:attachment":[{"href":"https:\/\/educaredigital.online\/loja\/wp-json\/wp\/v2\/media?parent=5549"}],"wp:term":[{"taxonomy":"product_brand","embeddable":true,"href":"https:\/\/educaredigital.online\/loja\/wp-json\/wp\/v2\/product_brand?post=5549"},{"taxonomy":"product_cat","embeddable":true,"href":"https:\/\/educaredigital.online\/loja\/wp-json\/wp\/v2\/product_cat?post=5549"},{"taxonomy":"product_tag","embeddable":true,"href":"https:\/\/educaredigital.online\/loja\/wp-json\/wp\/v2\/product_tag?post=5549"}],"curies":[{"name":"wp","href":"https:\/\/api.w.org\/{rel}","templated":true}]}}