{"id":5501,"date":"2026-03-26T14:16:57","date_gmt":"2026-03-26T14:16:57","guid":{"rendered":"https:\/\/educaredigital.online\/loja\/produto\/livro-manipulativo-jogando-com-as-4-operacoes-magnetico\/"},"modified":"2026-04-27T17:25:03","modified_gmt":"2026-04-27T17:25:03","slug":"livro-manipulativo-jogando-com-as-4-operacoes-magnetico","status":"publish","type":"product","link":"https:\/\/educaredigital.online\/loja\/produto\/livro-manipulativo-jogando-com-as-4-operacoes-magnetico\/","title":{"rendered":"Livro Manipulativo: Jogando com as 4 Opera\u00e7\u00f5es &#8211; Magnetico"},"content":{"rendered":"<div class=\"ds-message _63c77b1\">\n<div class=\"ds-markdown\">\n<p class=\"ds-markdown-paragraph\"><strong>Livro Manipulativo Jogando com as 4 Opera\u00e7\u00f5es Magn\u00e9tico<\/strong> \u00e9 um recurso pedag\u00f3gico da MMP que transforma o aprendizado da matem\u00e1tica em uma competi\u00e7\u00e3o saud\u00e1vel e empolgante. Apesar do nome &#8220;Livro Manipulativo&#8221;, ele \u00e9 composto por <strong>um tabuleiro em pl\u00e1stico r\u00edgido (PVC)<\/strong>, um conjunto de fichas coloridas e tr\u00eas dados numerados . O objetivo \u00e9 que os alunos pratiquem adi\u00e7\u00e3o, subtra\u00e7\u00e3o, multiplica\u00e7\u00e3o e divis\u00e3o de forma integrada, avan\u00e7ando no tabuleiro conforme resolvem as opera\u00e7\u00f5es, desenvolvendo racioc\u00ednio l\u00f3gico, agilidade mental e autoconfian\u00e7a .<\/p>\n<div class=\"details-table-wrapper\">\n<table class=\"product-details-table\">\n<tbody>\n<tr>\n<td>Marca<\/td>\n<td>MMP<\/td>\n<\/tr>\n<tr>\n<td>Material<\/td>\n<td>\u00a0Pl\u00e1stico R\u00edgido (pvc)<\/td>\n<\/tr>\n<tr>\n<td>Faixa Et\u00e1ria<\/td>\n<td>A partir de 4 Anos<\/td>\n<\/tr>\n<tr>\n<td>Quantidade De Jogadores<\/td>\n<td>At\u00e9 4 Jogadores<\/td>\n<\/tr>\n<\/tbody>\n<\/table>\n<\/div>\n<\/div>\n<\/div>\n","protected":false},"excerpt":{"rendered":"<p>Livro Manipulativo Jogando com as 4 Opera\u00e7\u00f5es Magn\u00e9tico \u00e9 um recurso pedag\u00f3gico da MMP que transforma o aprendizado da matem\u00e1tica em uma competi\u00e7\u00e3o saud\u00e1vel e empolgante. Apesar do nome &#8220;Livro Manipulativo&#8221;, ele \u00e9 composto por um tabuleiro em pl\u00e1stico r\u00edgido<\/p>\n","protected":false},"featured_media":5500,"comment_status":"open","ping_status":"closed","template":"","meta":[],"product_brand":[235],"product_cat":[210],"product_tag":[],"class_list":{"0":"post-5501","1":"product","2":"type-product","3":"status-publish","6":"product_brand-mmp","7":"product_cat-matematica-jogos-e-brinquedos","9":"first","10":"instock","11":"shipping-taxable","12":"purchasable","13":"product-type-simple"},"_links":{"self":[{"href":"https:\/\/educaredigital.online\/loja\/wp-json\/wp\/v2\/product\/5501","targetHints":{"allow":["GET"]}}],"collection":[{"href":"https:\/\/educaredigital.online\/loja\/wp-json\/wp\/v2\/product"}],"about":[{"href":"https:\/\/educaredigital.online\/loja\/wp-json\/wp\/v2\/types\/product"}],"replies":[{"embeddable":true,"href":"https:\/\/educaredigital.online\/loja\/wp-json\/wp\/v2\/comments?post=5501"}],"wp:featuredmedia":[{"embeddable":true,"href":"https:\/\/educaredigital.online\/loja\/wp-json\/wp\/v2\/media\/5500"}],"wp:attachment":[{"href":"https:\/\/educaredigital.online\/loja\/wp-json\/wp\/v2\/media?parent=5501"}],"wp:term":[{"taxonomy":"product_brand","embeddable":true,"href":"https:\/\/educaredigital.online\/loja\/wp-json\/wp\/v2\/product_brand?post=5501"},{"taxonomy":"product_cat","embeddable":true,"href":"https:\/\/educaredigital.online\/loja\/wp-json\/wp\/v2\/product_cat?post=5501"},{"taxonomy":"product_tag","embeddable":true,"href":"https:\/\/educaredigital.online\/loja\/wp-json\/wp\/v2\/product_tag?post=5501"}],"curies":[{"name":"wp","href":"https:\/\/api.w.org\/{rel}","templated":true}]}}