{"id":5499,"date":"2026-03-26T14:16:55","date_gmt":"2026-03-26T14:16:55","guid":{"rendered":"https:\/\/educaredigital.online\/loja\/produto\/livro-manipulativo-avancando-com-o-resto-magnetico\/"},"modified":"2026-04-27T17:29:44","modified_gmt":"2026-04-27T17:29:44","slug":"livro-manipulativo-avancando-com-o-resto-magnetico","status":"publish","type":"product","link":"https:\/\/educaredigital.online\/loja\/produto\/livro-manipulativo-avancando-com-o-resto-magnetico\/","title":{"rendered":"Livro Manipulativo: Avan\u00e7ando com o Resto &#8211; Magn\u00e9tico"},"content":{"rendered":"<p><strong>Livro Manipulativo Avan\u00e7ando com o Resto Magn\u00e9tico<\/strong> \u00e9 um recurso pedag\u00f3gico projetado para ensinar o conceito de divis\u00e3o, especialmente divis\u00f5es com resto, de forma l\u00fadica e interativa . Apesar do nome &#8220;Livro Manipulativo&#8221;, ele \u00e9 composto por\u00a0<strong>um tabuleiro magn\u00e9tico de pl\u00e1stico r\u00edgido<\/strong>, 4 fichas magn\u00e9ticas e 2 dados, funcionando como um jogo de percurso para at\u00e9 4 alunos . O objetivo \u00e9 que as crian\u00e7as avancem no tabuleiro resolvendo opera\u00e7\u00f5es de divis\u00e3o, compreendendo a diferen\u00e7a entre divis\u00f5es exatas e aquelas que geram resto, desenvolvendo o racioc\u00ednio l\u00f3gico e habilidades matem\u00e1ticas fundamentais .<\/p>\n<div class=\"details-table-wrapper\">\n<table class=\"product-details-table\">\n<tbody>\n<tr>\n<td>Marca<\/td>\n<td>MMP<\/td>\n<\/tr>\n<tr>\n<td>Material<\/td>\n<td>\u00a0Iamantado e Pl\u00e1stico<\/td>\n<\/tr>\n<tr>\n<td>Faixa Et\u00e1ria<\/td>\n<td>A partir de 6 Anos<\/td>\n<\/tr>\n<tr>\n<td>Quantidade De Jogadores<\/td>\n<td>At\u00e9 4 Jogadores<\/td>\n<\/tr>\n<\/tbody>\n<\/table>\n<\/div>\n","protected":false},"excerpt":{"rendered":"<p>Livro Manipulativo Avan\u00e7ando com o Resto Magn\u00e9tico \u00e9 um recurso pedag\u00f3gico projetado para ensinar o conceito de divis\u00e3o, especialmente divis\u00f5es com resto, de forma l\u00fadica e interativa . Apesar do nome &#8220;Livro Manipulativo&#8221;, ele \u00e9 composto por\u00a0um tabuleiro magn\u00e9tico de<\/p>\n","protected":false},"featured_media":5498,"comment_status":"open","ping_status":"closed","template":"","meta":[],"product_brand":[235],"product_cat":[210],"product_tag":[],"class_list":{"0":"post-5499","1":"product","2":"type-product","3":"status-publish","6":"product_brand-mmp","7":"product_cat-matematica-jogos-e-brinquedos","9":"first","10":"instock","11":"shipping-taxable","12":"purchasable","13":"product-type-simple"},"_links":{"self":[{"href":"https:\/\/educaredigital.online\/loja\/wp-json\/wp\/v2\/product\/5499","targetHints":{"allow":["GET"]}}],"collection":[{"href":"https:\/\/educaredigital.online\/loja\/wp-json\/wp\/v2\/product"}],"about":[{"href":"https:\/\/educaredigital.online\/loja\/wp-json\/wp\/v2\/types\/product"}],"replies":[{"embeddable":true,"href":"https:\/\/educaredigital.online\/loja\/wp-json\/wp\/v2\/comments?post=5499"}],"wp:featuredmedia":[{"embeddable":true,"href":"https:\/\/educaredigital.online\/loja\/wp-json\/wp\/v2\/media\/5498"}],"wp:attachment":[{"href":"https:\/\/educaredigital.online\/loja\/wp-json\/wp\/v2\/media?parent=5499"}],"wp:term":[{"taxonomy":"product_brand","embeddable":true,"href":"https:\/\/educaredigital.online\/loja\/wp-json\/wp\/v2\/product_brand?post=5499"},{"taxonomy":"product_cat","embeddable":true,"href":"https:\/\/educaredigital.online\/loja\/wp-json\/wp\/v2\/product_cat?post=5499"},{"taxonomy":"product_tag","embeddable":true,"href":"https:\/\/educaredigital.online\/loja\/wp-json\/wp\/v2\/product_tag?post=5499"}],"curies":[{"name":"wp","href":"https:\/\/api.w.org\/{rel}","templated":true}]}}