{"id":5495,"date":"2026-03-26T14:16:46","date_gmt":"2026-03-26T14:16:46","guid":{"rendered":"https:\/\/educaredigital.online\/loja\/produto\/livro-manipulativo-jogando-com-a-algebra\/"},"modified":"2026-04-25T14:55:20","modified_gmt":"2026-04-25T14:55:20","slug":"livro-manipulativo-jogando-com-a-algebra","status":"publish","type":"product","link":"https:\/\/educaredigital.online\/loja\/produto\/livro-manipulativo-jogando-com-a-algebra\/","title":{"rendered":"Livro Manipulativo Jogando com a Algebra"},"content":{"rendered":"<p><strong>Jogando com a \u00c1lgebra<\/strong>\u00a0\u00e9 um recurso pedag\u00f3gico inovador da MMP que transforma o estudo das express\u00f5es alg\u00e9bricas em um\u00a0<strong>jogo de tabuleiro din\u00e2mico e interativo<\/strong>\u00a0. Diferente do ensino tradicional baseado em memoriza\u00e7\u00e3o de regras, este material permite que o aluno &#8220;veja&#8221; o que acontece em uma opera\u00e7\u00e3o com polin\u00f4mios por meio de componentes t\u00e1teis e visuais\u00a0. O jogo utiliza\u00a0<strong>dados exclusivos em EVA<\/strong>\u00a0que trazem express\u00f5es alg\u00e9bricas nas faces, gerando milhares de combina\u00e7\u00f5es de exerc\u00edcios, al\u00e9m de\u00a0<strong>pe\u00e7as bicolores (azul\/vermelho)<\/strong>\u00a0que representam termos positivos e negativos, facilitando a compreens\u00e3o da anula\u00e7\u00e3o de termos opostos e a simplifica\u00e7\u00e3o de polin\u00f4mios\u00a0. O tabuleiro conduz o fluxo da atividade de forma organizada, e o material acompanha um\u00a0<strong>manual com sugest\u00f5es de uso e regras<\/strong>, facilitando a aplica\u00e7\u00e3o imediata em sala de aula\u00a0. O objetivo \u00e9 consolidar conceitos como\u00a0<strong>opera\u00e7\u00f5es com polin\u00f4mios, produtos not\u00e1veis e casos de fatora\u00e7\u00e3o<\/strong>\u00a0de forma l\u00fadica, estimulando o pensamento l\u00f3gico-matem\u00e1tico e a socializa\u00e7\u00e3o entre os alunos\u00a0.<\/p>\n<div class=\"details-table-wrapper\">\n<table class=\"product-details-table\">\n<tbody>\n<tr>\n<td>Marca<\/td>\n<td>MMP<\/td>\n<\/tr>\n<tr>\n<td>Material<\/td>\n<td>\u00a0Pl\u00e1stico, EVA e Cartonado<\/td>\n<\/tr>\n<tr>\n<td>Faixa Et\u00e1ria<\/td>\n<td>A partir de 11 Anos<\/td>\n<\/tr>\n<tr>\n<td>Quantidade De Jogadores<\/td>\n<td>4 a 5 Jogadores<\/td>\n<\/tr>\n<\/tbody>\n<\/table>\n<\/div>\n","protected":false},"excerpt":{"rendered":"<p>Jogando com a \u00c1lgebra\u00a0\u00e9 um recurso pedag\u00f3gico inovador da MMP que transforma o estudo das express\u00f5es alg\u00e9bricas em um\u00a0jogo de tabuleiro din\u00e2mico e interativo\u00a0. Diferente do ensino tradicional baseado em memoriza\u00e7\u00e3o de regras, este material permite que o aluno &#8220;veja&#8221;<\/p>\n","protected":false},"featured_media":5494,"comment_status":"open","ping_status":"closed","template":"","meta":[],"product_brand":[235],"product_cat":[210],"product_tag":[],"class_list":{"0":"post-5495","1":"product","2":"type-product","3":"status-publish","6":"product_brand-mmp","7":"product_cat-matematica-jogos-e-brinquedos","9":"first","10":"instock","11":"shipping-taxable","12":"purchasable","13":"product-type-simple"},"_links":{"self":[{"href":"https:\/\/educaredigital.online\/loja\/wp-json\/wp\/v2\/product\/5495","targetHints":{"allow":["GET"]}}],"collection":[{"href":"https:\/\/educaredigital.online\/loja\/wp-json\/wp\/v2\/product"}],"about":[{"href":"https:\/\/educaredigital.online\/loja\/wp-json\/wp\/v2\/types\/product"}],"replies":[{"embeddable":true,"href":"https:\/\/educaredigital.online\/loja\/wp-json\/wp\/v2\/comments?post=5495"}],"wp:featuredmedia":[{"embeddable":true,"href":"https:\/\/educaredigital.online\/loja\/wp-json\/wp\/v2\/media\/5494"}],"wp:attachment":[{"href":"https:\/\/educaredigital.online\/loja\/wp-json\/wp\/v2\/media?parent=5495"}],"wp:term":[{"taxonomy":"product_brand","embeddable":true,"href":"https:\/\/educaredigital.online\/loja\/wp-json\/wp\/v2\/product_brand?post=5495"},{"taxonomy":"product_cat","embeddable":true,"href":"https:\/\/educaredigital.online\/loja\/wp-json\/wp\/v2\/product_cat?post=5495"},{"taxonomy":"product_tag","embeddable":true,"href":"https:\/\/educaredigital.online\/loja\/wp-json\/wp\/v2\/product_tag?post=5495"}],"curies":[{"name":"wp","href":"https:\/\/api.w.org\/{rel}","templated":true}]}}