{"id":5489,"date":"2026-03-26T14:16:39","date_gmt":"2026-03-26T14:16:39","guid":{"rendered":"https:\/\/educaredigital.online\/loja\/produto\/livro-manipulativo-material-dourado-plastico-encaixavel\/"},"modified":"2026-04-25T14:55:45","modified_gmt":"2026-04-25T14:55:45","slug":"livro-manipulativo-material-dourado-plastico-encaixavel","status":"publish","type":"product","link":"https:\/\/educaredigital.online\/loja\/produto\/livro-manipulativo-material-dourado-plastico-encaixavel\/","title":{"rendered":"Livro Manipulativo Material Dourado &#8211; plastico encaix\u00e1vel"},"content":{"rendered":"<p><strong>Material Dourado em Pl\u00e1stico Encaix\u00e1vel<\/strong>\u00a0\u00e9 um recurso pedag\u00f3gico concreto desenvolvido para o ensino do sistema de numera\u00e7\u00e3o decimal e das quatro opera\u00e7\u00f5es matem\u00e1ticas . Diferente das vers\u00f5es tradicionais em madeira ou EVA, este material \u00e9 produzido em\u00a0<strong>pl\u00e1stico resistente com sistema de encaixe &#8220;click&#8221;<\/strong>, que permite conectar as pe\u00e7as de forma pr\u00e1tica e segura\u00a0. As pe\u00e7as representam as\u00a0<strong>unidades (cubos de 1x1x1 cm)<\/strong>,\u00a0<strong>dezenas (barras de 1x1x10 cm)<\/strong>\u00a0e\u00a0<strong>centenas (placas de 1x10x10 cm)<\/strong>\u00a0. Uma das placas de centena possui os\u00a0<strong>n\u00fameros de 1 a 100 impressos<\/strong>, facilitando a compreens\u00e3o das quantidades e das propriedades do sistema decimal\u00a0. O material acompanha\u00a0<strong>manual de instru\u00e7\u00f5es para o professor<\/strong> e \u00e9 amplamente utilizado tanto em sala de aula quanto no ensino domiciliar.<\/p>\n<div class=\"details-table-wrapper\">\n<table class=\"product-details-table\">\n<tbody>\n<tr>\n<td>Marca<\/td>\n<td>MMP<\/td>\n<\/tr>\n<tr>\n<td>Material<\/td>\n<td>\u00a0Pl\u00e1stico Encaix\u00e1vel<\/td>\n<\/tr>\n<tr>\n<td>Faixa Et\u00e1ria<\/td>\n<td>A partir de 6 Anos<\/td>\n<\/tr>\n<tr>\n<td>Quantidade De Jogadores<\/td>\n<td>2 a 5 Jogadores<\/td>\n<\/tr>\n<\/tbody>\n<\/table>\n<\/div>\n","protected":false},"excerpt":{"rendered":"<p>Material Dourado em Pl\u00e1stico Encaix\u00e1vel\u00a0\u00e9 um recurso pedag\u00f3gico concreto desenvolvido para o ensino do sistema de numera\u00e7\u00e3o decimal e das quatro opera\u00e7\u00f5es matem\u00e1ticas . Diferente das vers\u00f5es tradicionais em madeira ou EVA, este material \u00e9 produzido em\u00a0pl\u00e1stico resistente com sistema<\/p>\n","protected":false},"featured_media":5488,"comment_status":"open","ping_status":"closed","template":"","meta":[],"product_brand":[235],"product_cat":[210],"product_tag":[],"class_list":{"0":"post-5489","1":"product","2":"type-product","3":"status-publish","6":"product_brand-mmp","7":"product_cat-matematica-jogos-e-brinquedos","9":"first","10":"instock","11":"shipping-taxable","12":"purchasable","13":"product-type-simple"},"_links":{"self":[{"href":"https:\/\/educaredigital.online\/loja\/wp-json\/wp\/v2\/product\/5489","targetHints":{"allow":["GET"]}}],"collection":[{"href":"https:\/\/educaredigital.online\/loja\/wp-json\/wp\/v2\/product"}],"about":[{"href":"https:\/\/educaredigital.online\/loja\/wp-json\/wp\/v2\/types\/product"}],"replies":[{"embeddable":true,"href":"https:\/\/educaredigital.online\/loja\/wp-json\/wp\/v2\/comments?post=5489"}],"wp:featuredmedia":[{"embeddable":true,"href":"https:\/\/educaredigital.online\/loja\/wp-json\/wp\/v2\/media\/5488"}],"wp:attachment":[{"href":"https:\/\/educaredigital.online\/loja\/wp-json\/wp\/v2\/media?parent=5489"}],"wp:term":[{"taxonomy":"product_brand","embeddable":true,"href":"https:\/\/educaredigital.online\/loja\/wp-json\/wp\/v2\/product_brand?post=5489"},{"taxonomy":"product_cat","embeddable":true,"href":"https:\/\/educaredigital.online\/loja\/wp-json\/wp\/v2\/product_cat?post=5489"},{"taxonomy":"product_tag","embeddable":true,"href":"https:\/\/educaredigital.online\/loja\/wp-json\/wp\/v2\/product_tag?post=5489"}],"curies":[{"name":"wp","href":"https:\/\/api.w.org\/{rel}","templated":true}]}}