{"id":5485,"date":"2026-03-26T14:16:35","date_gmt":"2026-03-26T14:16:35","guid":{"rendered":"https:\/\/educaredigital.online\/loja\/produto\/livro-manipulativo-figuras-para-alfabetizacao-conjunto-com-4-figuras\/"},"modified":"2026-04-25T14:55:56","modified_gmt":"2026-04-25T14:55:56","slug":"livro-manipulativo-figuras-para-alfabetizacao-conjunto-com-4-figuras","status":"publish","type":"product","link":"https:\/\/educaredigital.online\/loja\/produto\/livro-manipulativo-figuras-para-alfabetizacao-conjunto-com-4-figuras\/","title":{"rendered":"Livro Manipulativo Figuras para Alfabetizacao Conjunto com 4 figuras"},"content":{"rendered":"<p><strong>Livro Manipulativo Figuras para Alfabetiza\u00e7\u00e3o<\/strong>\u00a0(ou material similar para ensino de figuras planas) \u00e9 um recurso pedag\u00f3gico que combina fundamenta\u00e7\u00e3o te\u00f3rica com atividades pr\u00e1ticas utilizando materiais concretos\u00a0. Seu objetivo \u00e9 unir o desenvolvimento do pensamento matem\u00e1tico \u00e0 manipula\u00e7\u00e3o de formas geom\u00e9tricas, permitindo que a crian\u00e7a explore conceitos como reconhecimento de formas, cores, posi\u00e7\u00e3o espacial e classifica\u00e7\u00e3o atrav\u00e9s do tato e da vis\u00e3o\u00a0. Cada atividade costuma vir com indica\u00e7\u00e3o do ano escolar a que se destina, facilitando o planejamento do professor em sala de aula. Este tipo de material \u00e9 resultado de anos de pesquisa na forma\u00e7\u00e3o de professores e no ensino de matem\u00e1tica para os anos iniciais do ensino fundamental\u00a0.<\/p>\n<div class=\"details-table-wrapper\">\n<table class=\"product-details-table\">\n<tbody>\n<tr>\n<td>Marca<\/td>\n<td>MMP<\/td>\n<\/tr>\n<tr>\n<td>Material<\/td>\n<td>\u00a0EVA<\/td>\n<\/tr>\n<tr>\n<td>Faixa Et\u00e1ria<\/td>\n<td>A partir de 6 Anos<\/td>\n<\/tr>\n<tr>\n<td>Quantidade De Jogadores<\/td>\n<td>At\u00e9 4\u00a0 Jogadores<\/td>\n<\/tr>\n<\/tbody>\n<\/table>\n<\/div>\n","protected":false},"excerpt":{"rendered":"<p>Livro Manipulativo Figuras para Alfabetiza\u00e7\u00e3o\u00a0(ou material similar para ensino de figuras planas) \u00e9 um recurso pedag\u00f3gico que combina fundamenta\u00e7\u00e3o te\u00f3rica com atividades pr\u00e1ticas utilizando materiais concretos\u00a0. Seu objetivo \u00e9 unir o desenvolvimento do pensamento matem\u00e1tico \u00e0 manipula\u00e7\u00e3o de formas geom\u00e9tricas,<\/p>\n","protected":false},"featured_media":5484,"comment_status":"open","ping_status":"closed","template":"","meta":[],"product_brand":[235],"product_cat":[209],"product_tag":[],"class_list":{"0":"post-5485","1":"product","2":"type-product","3":"status-publish","6":"product_brand-mmp","7":"product_cat-letramento-jogos-e-brinquedos","9":"first","10":"instock","11":"shipping-taxable","12":"purchasable","13":"product-type-simple"},"_links":{"self":[{"href":"https:\/\/educaredigital.online\/loja\/wp-json\/wp\/v2\/product\/5485","targetHints":{"allow":["GET"]}}],"collection":[{"href":"https:\/\/educaredigital.online\/loja\/wp-json\/wp\/v2\/product"}],"about":[{"href":"https:\/\/educaredigital.online\/loja\/wp-json\/wp\/v2\/types\/product"}],"replies":[{"embeddable":true,"href":"https:\/\/educaredigital.online\/loja\/wp-json\/wp\/v2\/comments?post=5485"}],"wp:featuredmedia":[{"embeddable":true,"href":"https:\/\/educaredigital.online\/loja\/wp-json\/wp\/v2\/media\/5484"}],"wp:attachment":[{"href":"https:\/\/educaredigital.online\/loja\/wp-json\/wp\/v2\/media?parent=5485"}],"wp:term":[{"taxonomy":"product_brand","embeddable":true,"href":"https:\/\/educaredigital.online\/loja\/wp-json\/wp\/v2\/product_brand?post=5485"},{"taxonomy":"product_cat","embeddable":true,"href":"https:\/\/educaredigital.online\/loja\/wp-json\/wp\/v2\/product_cat?post=5485"},{"taxonomy":"product_tag","embeddable":true,"href":"https:\/\/educaredigital.online\/loja\/wp-json\/wp\/v2\/product_tag?post=5485"}],"curies":[{"name":"wp","href":"https:\/\/api.w.org\/{rel}","templated":true}]}}