{"id":5483,"date":"2026-03-26T14:16:33","date_gmt":"2026-03-26T14:16:33","guid":{"rendered":"https:\/\/educaredigital.online\/loja\/produto\/livro-manipulativo-cubos-de-encaixe\/"},"modified":"2026-04-25T14:56:03","modified_gmt":"2026-04-25T14:56:03","slug":"livro-manipulativo-cubos-de-encaixe","status":"publish","type":"product","link":"https:\/\/educaredigital.online\/loja\/produto\/livro-manipulativo-cubos-de-encaixe\/","title":{"rendered":"Livro Manipulativo Cubos de encaixe"},"content":{"rendered":"<p><strong>Livro Manipulativo Cubos de Encaixe<\/strong>\u00a0\u00e9 um recurso pedag\u00f3gico que combina um livro ou cartela ilustrada com um conjunto de cubos f\u00edsicos. Seu objetivo principal \u00e9 unir a coordena\u00e7\u00e3o motora e o racioc\u00ednio l\u00f3gico para que a crian\u00e7a ou o estudante resolva desafios propostos no material. A atividade consiste em encaixar ou posicionar os cubos sobre as p\u00e1ginas para formar letras, n\u00fameros, seguir padr\u00f5es de cores, construir gr\u00e1ficos tridimensionais ou, em vers\u00f5es mais avan\u00e7adas, representar coordenadas no plano cartesiano e trabalhar conceitos de volume e \u00e1rea. Dessa forma, ele transforma o aprendizado de temas abstratos em uma experi\u00eancia concreta e interativa, facilitando a compreens\u00e3o atrav\u00e9s do est\u00edmulo visual e t\u00e1til.<\/p>\n<div class=\"details-table-wrapper\">\n<table class=\"product-details-table\">\n<tbody>\n<tr>\n<td>Marca<\/td>\n<td>MMP<\/td>\n<\/tr>\n<tr>\n<td>Material<\/td>\n<td>\u00a0Pl\u00e1stico Resistente<\/td>\n<\/tr>\n<tr>\n<td>Faixa Et\u00e1ria<\/td>\n<td>A partir de 4 Anos<\/td>\n<\/tr>\n<tr>\n<td>Quantidade De Jogadores<\/td>\n<td>At\u00e9 2 Jogadores<\/td>\n<\/tr>\n<\/tbody>\n<\/table>\n<\/div>\n","protected":false},"excerpt":{"rendered":"<p>Livro Manipulativo Cubos de Encaixe\u00a0\u00e9 um recurso pedag\u00f3gico que combina um livro ou cartela ilustrada com um conjunto de cubos f\u00edsicos. Seu objetivo principal \u00e9 unir a coordena\u00e7\u00e3o motora e o racioc\u00ednio l\u00f3gico para que a crian\u00e7a ou o estudante<\/p>\n","protected":false},"featured_media":5482,"comment_status":"open","ping_status":"closed","template":"","meta":[],"product_brand":[235],"product_cat":[210],"product_tag":[],"class_list":{"0":"post-5483","1":"product","2":"type-product","3":"status-publish","6":"product_brand-mmp","7":"product_cat-matematica-jogos-e-brinquedos","9":"first","10":"instock","11":"shipping-taxable","12":"purchasable","13":"product-type-simple"},"_links":{"self":[{"href":"https:\/\/educaredigital.online\/loja\/wp-json\/wp\/v2\/product\/5483","targetHints":{"allow":["GET"]}}],"collection":[{"href":"https:\/\/educaredigital.online\/loja\/wp-json\/wp\/v2\/product"}],"about":[{"href":"https:\/\/educaredigital.online\/loja\/wp-json\/wp\/v2\/types\/product"}],"replies":[{"embeddable":true,"href":"https:\/\/educaredigital.online\/loja\/wp-json\/wp\/v2\/comments?post=5483"}],"wp:featuredmedia":[{"embeddable":true,"href":"https:\/\/educaredigital.online\/loja\/wp-json\/wp\/v2\/media\/5482"}],"wp:attachment":[{"href":"https:\/\/educaredigital.online\/loja\/wp-json\/wp\/v2\/media?parent=5483"}],"wp:term":[{"taxonomy":"product_brand","embeddable":true,"href":"https:\/\/educaredigital.online\/loja\/wp-json\/wp\/v2\/product_brand?post=5483"},{"taxonomy":"product_cat","embeddable":true,"href":"https:\/\/educaredigital.online\/loja\/wp-json\/wp\/v2\/product_cat?post=5483"},{"taxonomy":"product_tag","embeddable":true,"href":"https:\/\/educaredigital.online\/loja\/wp-json\/wp\/v2\/product_tag?post=5483"}],"curies":[{"name":"wp","href":"https:\/\/api.w.org\/{rel}","templated":true}]}}