{"id":5479,"date":"2026-03-26T14:16:24","date_gmt":"2026-03-26T14:16:24","guid":{"rendered":"https:\/\/educaredigital.online\/loja\/produto\/livro-manipulativo-jogando-com-as-fracoes-circulares\/"},"modified":"2026-04-27T17:03:18","modified_gmt":"2026-04-27T17:03:18","slug":"livro-manipulativo-jogando-com-as-fracoes-circulares","status":"publish","type":"product","link":"https:\/\/educaredigital.online\/loja\/produto\/livro-manipulativo-jogando-com-as-fracoes-circulares\/","title":{"rendered":"Livro Manipulativo Jogando com as Fra\u00e7\u00f5es Circulares"},"content":{"rendered":"<div class=\"ds-message _63c77b1\">\n<div class=\"ds-markdown\">\n<p class=\"ds-markdown-paragraph\"><strong>Livro Manipulativo Jogando com as Fra\u00e7\u00f5es Circulares<\/strong>\u00a0\u00e9 um recurso pedag\u00f3gico da MMP que transforma o aprendizado de fra\u00e7\u00f5es em uma experi\u00eancia visual e t\u00e1til, desmistificando o conceito de &#8220;partes do todo&#8221;\u00a0. Apesar do nome &#8220;Livro Manipulativo&#8221;, o kit \u00e9 composto por\u00a0<strong>48 pe\u00e7as em EVA de 4mm<\/strong>, incluindo 8 c\u00edrculos coloridos de 11 cm de di\u00e2metro divididos em setores que representam fra\u00e7\u00f5es como meios, ter\u00e7os, quartos, sextos, oitavos, nonos, doze avos e um inteiro, al\u00e9m de\u00a0<strong>3 roletas interativas<\/strong> para sorteio dos desafios . Com esse material, os alunos podem explorar fra\u00e7\u00f5es equivalentes sobrepondo as pe\u00e7as, realizar adi\u00e7\u00e3o e subtra\u00e7\u00e3o com os valores sorteados nas roletas, comparar grandezas e compreender opera\u00e7\u00f5es mais complexas como multiplica\u00e7\u00e3o e divis\u00e3o de fra\u00e7\u00f5es de forma l\u00fadica .<\/p>\n<div class=\"details-table-wrapper\">\n<table class=\"product-details-table\">\n<tbody>\n<tr>\n<td>Marca<\/td>\n<td>MMP<\/td>\n<\/tr>\n<tr>\n<td>Material<\/td>\n<td>\u00a0EVA e PVC<\/td>\n<\/tr>\n<tr>\n<td>Faixa Et\u00e1ria<\/td>\n<td>A partir de 6 Anos<\/td>\n<\/tr>\n<tr>\n<td>Quantidade De Jogadores<\/td>\n<td>At\u00e9 4 Jogadores<\/td>\n<\/tr>\n<\/tbody>\n<\/table>\n<\/div>\n<\/div>\n<\/div>\n","protected":false},"excerpt":{"rendered":"<p>Livro Manipulativo Jogando com as Fra\u00e7\u00f5es Circulares\u00a0\u00e9 um recurso pedag\u00f3gico da MMP que transforma o aprendizado de fra\u00e7\u00f5es em uma experi\u00eancia visual e t\u00e1til, desmistificando o conceito de &#8220;partes do todo&#8221;\u00a0. Apesar do nome &#8220;Livro Manipulativo&#8221;, o kit \u00e9 composto<\/p>\n","protected":false},"featured_media":5478,"comment_status":"open","ping_status":"closed","template":"","meta":[],"product_brand":[235],"product_cat":[210],"product_tag":[],"class_list":{"0":"post-5479","1":"product","2":"type-product","3":"status-publish","6":"product_brand-mmp","7":"product_cat-matematica-jogos-e-brinquedos","9":"first","10":"instock","11":"shipping-taxable","12":"purchasable","13":"product-type-simple"},"_links":{"self":[{"href":"https:\/\/educaredigital.online\/loja\/wp-json\/wp\/v2\/product\/5479","targetHints":{"allow":["GET"]}}],"collection":[{"href":"https:\/\/educaredigital.online\/loja\/wp-json\/wp\/v2\/product"}],"about":[{"href":"https:\/\/educaredigital.online\/loja\/wp-json\/wp\/v2\/types\/product"}],"replies":[{"embeddable":true,"href":"https:\/\/educaredigital.online\/loja\/wp-json\/wp\/v2\/comments?post=5479"}],"wp:featuredmedia":[{"embeddable":true,"href":"https:\/\/educaredigital.online\/loja\/wp-json\/wp\/v2\/media\/5478"}],"wp:attachment":[{"href":"https:\/\/educaredigital.online\/loja\/wp-json\/wp\/v2\/media?parent=5479"}],"wp:term":[{"taxonomy":"product_brand","embeddable":true,"href":"https:\/\/educaredigital.online\/loja\/wp-json\/wp\/v2\/product_brand?post=5479"},{"taxonomy":"product_cat","embeddable":true,"href":"https:\/\/educaredigital.online\/loja\/wp-json\/wp\/v2\/product_cat?post=5479"},{"taxonomy":"product_tag","embeddable":true,"href":"https:\/\/educaredigital.online\/loja\/wp-json\/wp\/v2\/product_tag?post=5479"}],"curies":[{"name":"wp","href":"https:\/\/api.w.org\/{rel}","templated":true}]}}