{"id":4023,"date":"2026-03-25T12:35:01","date_gmt":"2026-03-25T12:35:01","guid":{"rendered":"https:\/\/educaredigital.online\/loja\/produto\/classicos-biblicos-daniel\/"},"modified":"2026-04-09T15:04:25","modified_gmt":"2026-04-09T15:04:25","slug":"classicos-biblicos-daniel","status":"publish","type":"product","link":"https:\/\/educaredigital.online\/loja\/produto\/classicos-biblicos-daniel\/","title":{"rendered":"Cl\u00e1ssicos B\u00edblicos &#8211; Daniel"},"content":{"rendered":"<p data-start=\"0\" data-end=\"324\"><strong><span class=\"hover:entity-accent entity-underline inline cursor-pointer align-baseline\"><span class=\"whitespace-normal\">Cl\u00e1ssicos B\u00edblicos &#8211; Daniel<\/span><\/span><\/strong> apresenta a inspiradora hist\u00f3ria de Daniel, conhecido por sua f\u00e9, coragem e confian\u00e7a em Deus diante dos desafios. De forma simples e envolvente, a obra narra epis\u00f3dios marcantes, como sua perman\u00eancia na cova dos le\u00f5es, ensinando importantes li\u00e7\u00f5es de perseveran\u00e7a e fidelidade.<\/p>\n<p data-start=\"326\" data-end=\"593\" data-is-last-node=\"\" data-is-only-node=\"\">Com linguagem acess\u00edvel e ilustra\u00e7\u00f5es coloridas, o livro torna a leitura mais atrativa e facilita a compreens\u00e3o dos ensinamentos b\u00edblicos. Ideal para crian\u00e7as, \u00e9 uma excelente op\u00e7\u00e3o para transmitir valores como f\u00e9, coragem e confian\u00e7a de maneira leve e significativa.<\/p>\n<div class=\"details-table-wrapper\">\n<table class=\"product-details-table\">\n<tbody>\n<tr>\n<td>Autor<\/td>\n<td>J\u00e9ssica Olmedo<\/td>\n<\/tr>\n<tr>\n<td>ISBN<\/td>\n<td>9788595200500<\/td>\n<\/tr>\n<tr>\n<td>Editora<\/td>\n<td>P\u00e9 da Letra<\/td>\n<\/tr>\n<tr>\n<td>N\u00ba de p\u00e1ginas<\/td>\n<td>14<\/td>\n<\/tr>\n<\/tbody>\n<\/table>\n<\/div>\n","protected":false},"excerpt":{"rendered":"<p>Cl\u00e1ssicos B\u00edblicos &#8211; Daniel apresenta a inspiradora hist\u00f3ria de Daniel, conhecido por sua f\u00e9, coragem e confian\u00e7a em Deus diante dos desafios. De forma simples e envolvente, a obra narra epis\u00f3dios marcantes, como sua perman\u00eancia na cova dos le\u00f5es, ensinando<\/p>\n","protected":false},"featured_media":4022,"comment_status":"open","ping_status":"closed","template":"","meta":[],"product_brand":[],"product_cat":[202],"product_tag":[],"class_list":{"0":"post-4023","1":"product","2":"type-product","3":"status-publish","6":"product_cat-fundamental1-1ao3","8":"first","9":"instock","10":"shipping-taxable","11":"purchasable","12":"product-type-simple"},"_links":{"self":[{"href":"https:\/\/educaredigital.online\/loja\/wp-json\/wp\/v2\/product\/4023","targetHints":{"allow":["GET"]}}],"collection":[{"href":"https:\/\/educaredigital.online\/loja\/wp-json\/wp\/v2\/product"}],"about":[{"href":"https:\/\/educaredigital.online\/loja\/wp-json\/wp\/v2\/types\/product"}],"replies":[{"embeddable":true,"href":"https:\/\/educaredigital.online\/loja\/wp-json\/wp\/v2\/comments?post=4023"}],"wp:featuredmedia":[{"embeddable":true,"href":"https:\/\/educaredigital.online\/loja\/wp-json\/wp\/v2\/media\/4022"}],"wp:attachment":[{"href":"https:\/\/educaredigital.online\/loja\/wp-json\/wp\/v2\/media?parent=4023"}],"wp:term":[{"taxonomy":"product_brand","embeddable":true,"href":"https:\/\/educaredigital.online\/loja\/wp-json\/wp\/v2\/product_brand?post=4023"},{"taxonomy":"product_cat","embeddable":true,"href":"https:\/\/educaredigital.online\/loja\/wp-json\/wp\/v2\/product_cat?post=4023"},{"taxonomy":"product_tag","embeddable":true,"href":"https:\/\/educaredigital.online\/loja\/wp-json\/wp\/v2\/product_tag?post=4023"}],"curies":[{"name":"wp","href":"https:\/\/api.w.org\/{rel}","templated":true}]}}