{"id":4001,"date":"2026-03-25T12:34:33","date_gmt":"2026-03-25T12:34:33","guid":{"rendered":"https:\/\/educaredigital.online\/loja\/produto\/box-folclore-brasileiro\/"},"modified":"2026-03-25T13:28:31","modified_gmt":"2026-03-25T13:28:31","slug":"box-folclore-brasileiro","status":"publish","type":"product","link":"https:\/\/educaredigital.online\/loja\/produto\/box-folclore-brasileiro\/","title":{"rendered":"Box &#8211; Folclore Brasileiro"},"content":{"rendered":"<p data-start=\"0\" data-end=\"362\"><strong><span class=\"hover:entity-accent entity-underline inline cursor-pointer align-baseline\"><span class=\"whitespace-normal\">Box &#8211; Folclore Brasileiro<\/span><\/span><\/strong> re\u00fane as principais lendas e personagens do folclore nacional, apresentando hist\u00f3rias cheias de magia, mist\u00e9rio e tradi\u00e7\u00e3o. A obra convida o leitor a conhecer figuras marcantes da cultura brasileira, como <span class=\"hover:entity-accent entity-underline inline cursor-pointer align-baseline\"><span class=\"whitespace-normal\">Saci-Perer\u00ea<\/span><\/span>, <span class=\"hover:entity-accent entity-underline inline cursor-pointer align-baseline\"><span class=\"whitespace-normal\">Curupira<\/span><\/span> e <span class=\"hover:entity-accent entity-underline inline cursor-pointer align-baseline\"><span class=\"whitespace-normal\">Iara<\/span><\/span>.<\/p>\n<p data-start=\"364\" data-end=\"629\" data-is-last-node=\"\" data-is-only-node=\"\">Com linguagem acess\u00edvel e narrativas envolventes, o box estimula a imagina\u00e7\u00e3o e valoriza a cultura popular brasileira. Ideal para leitores de todas as idades, \u00e9 uma excelente forma de preservar e compartilhar hist\u00f3rias tradicionais de maneira divertida e educativa.<\/p>\n<div class=\"details-table-wrapper\">\n<table class=\"product-details-table\">\n<tbody>\n<tr>\n<td>Autor<\/td>\n<td>P\u00e9 da Letra<\/td>\n<\/tr>\n<tr>\n<td>ISBN<\/td>\n<td>9786558889816<\/td>\n<\/tr>\n<tr>\n<td>Editora<\/td>\n<td>P\u00e9 da Letra<\/td>\n<\/tr>\n<tr>\n<td>6 t\u00edtulos<\/td>\n<td>Boitat\u00e1, Cuca, Saci &#8211; Perere, Lobisomem, Mula sem Cabe\u00e7a, Negrinho do Pastoreio<\/td>\n<\/tr>\n<\/tbody>\n<\/table>\n<\/div>\n","protected":false},"excerpt":{"rendered":"<p>Box &#8211; Folclore Brasileiro re\u00fane as principais lendas e personagens do folclore nacional, apresentando hist\u00f3rias cheias de magia, mist\u00e9rio e tradi\u00e7\u00e3o. A obra convida o leitor a conhecer figuras marcantes da cultura brasileira, como Saci-Perer\u00ea, Curupira e Iara. Com linguagem<\/p>\n","protected":false},"featured_media":4000,"comment_status":"open","ping_status":"closed","template":"","meta":[],"product_brand":[],"product_cat":[214],"product_tag":[],"class_list":{"0":"post-4001","1":"product","2":"type-product","3":"status-publish","6":"product_cat-afro-brasileira-e-indigena","8":"first","9":"instock","10":"shipping-taxable","11":"purchasable","12":"product-type-simple"},"_links":{"self":[{"href":"https:\/\/educaredigital.online\/loja\/wp-json\/wp\/v2\/product\/4001","targetHints":{"allow":["GET"]}}],"collection":[{"href":"https:\/\/educaredigital.online\/loja\/wp-json\/wp\/v2\/product"}],"about":[{"href":"https:\/\/educaredigital.online\/loja\/wp-json\/wp\/v2\/types\/product"}],"replies":[{"embeddable":true,"href":"https:\/\/educaredigital.online\/loja\/wp-json\/wp\/v2\/comments?post=4001"}],"wp:featuredmedia":[{"embeddable":true,"href":"https:\/\/educaredigital.online\/loja\/wp-json\/wp\/v2\/media\/4000"}],"wp:attachment":[{"href":"https:\/\/educaredigital.online\/loja\/wp-json\/wp\/v2\/media?parent=4001"}],"wp:term":[{"taxonomy":"product_brand","embeddable":true,"href":"https:\/\/educaredigital.online\/loja\/wp-json\/wp\/v2\/product_brand?post=4001"},{"taxonomy":"product_cat","embeddable":true,"href":"https:\/\/educaredigital.online\/loja\/wp-json\/wp\/v2\/product_cat?post=4001"},{"taxonomy":"product_tag","embeddable":true,"href":"https:\/\/educaredigital.online\/loja\/wp-json\/wp\/v2\/product_tag?post=4001"}],"curies":[{"name":"wp","href":"https:\/\/api.w.org\/{rel}","templated":true}]}}