{"id":3999,"date":"2026-03-25T12:34:29","date_gmt":"2026-03-25T12:34:29","guid":{"rendered":"https:\/\/educaredigital.online\/loja\/produto\/box-colecao-business-visonarios-que-mudaram-o-mundo\/"},"modified":"2026-03-25T13:23:13","modified_gmt":"2026-03-25T13:23:13","slug":"box-colecao-business-visonarios-que-mudaram-o-mundo","status":"publish","type":"product","link":"https:\/\/educaredigital.online\/loja\/produto\/box-colecao-business-visonarios-que-mudaram-o-mundo\/","title":{"rendered":"Box &#8211; Cole\u00e7\u00e3o Business &#8211; Vison\u00e1rios que Mudaram o Mundo"},"content":{"rendered":"<p data-start=\"0\" data-end=\"280\"><strong><span class=\"hover:entity-accent entity-underline inline cursor-pointer align-baseline\"><span class=\"whitespace-normal\">Box &#8211; Cole\u00e7\u00e3o Business &#8211; Vision\u00e1rios que Mudaram o Mundo<\/span><\/span><\/strong> re\u00fane obras inspiradoras que apresentam a trajet\u00f3ria de grandes nomes do mundo dos neg\u00f3cios e da inova\u00e7\u00e3o. A cole\u00e7\u00e3o destaca hist\u00f3rias de empreendedores e l\u00edderes que transformaram suas \u00e1reas de atua\u00e7\u00e3o com ideias ousadas e vis\u00e3o de futuro.<\/p>\n<p data-start=\"282\" data-end=\"541\" data-is-last-node=\"\" data-is-only-node=\"\">Com linguagem acess\u00edvel e abordagem motivadora, o box traz li\u00e7\u00f5es valiosas sobre lideran\u00e7a, criatividade, supera\u00e7\u00e3o e estrat\u00e9gia. Ideal para quem busca inspira\u00e7\u00e3o e aprendizado, \u00e9 uma excelente escolha para conhecer hist\u00f3rias reais de sucesso e transforma\u00e7\u00e3o.<\/p>\n<div class=\"details-table-wrapper\">\n<table class=\"product-details-table\">\n<tbody>\n<tr>\n<td>Autor<\/td>\n<td>McNab, Chris<\/td>\n<\/tr>\n<tr>\n<td>ISBN<\/td>\n<td>9788595202993<\/td>\n<\/tr>\n<tr>\n<td>Editora<\/td>\n<td>P\u00e9 da Letra<\/td>\n<\/tr>\n<tr>\n<td>3 t\u00edtulos<\/td>\n<td>Elon Musk, Jeff Bezos e Bill Gates<\/td>\n<\/tr>\n<\/tbody>\n<\/table>\n<\/div>\n","protected":false},"excerpt":{"rendered":"<p>Box &#8211; Cole\u00e7\u00e3o Business &#8211; Vision\u00e1rios que Mudaram o Mundo re\u00fane obras inspiradoras que apresentam a trajet\u00f3ria de grandes nomes do mundo dos neg\u00f3cios e da inova\u00e7\u00e3o. A cole\u00e7\u00e3o destaca hist\u00f3rias de empreendedores e l\u00edderes que transformaram suas \u00e1reas de<\/p>\n","protected":false},"featured_media":3998,"comment_status":"open","ping_status":"closed","template":"","meta":[],"product_brand":[],"product_cat":[206],"product_tag":[],"class_list":{"0":"post-3999","1":"product","2":"type-product","3":"status-publish","6":"product_cat-fundamental-2-6o-ao-9o","8":"first","9":"instock","10":"shipping-taxable","11":"purchasable","12":"product-type-simple"},"_links":{"self":[{"href":"https:\/\/educaredigital.online\/loja\/wp-json\/wp\/v2\/product\/3999","targetHints":{"allow":["GET"]}}],"collection":[{"href":"https:\/\/educaredigital.online\/loja\/wp-json\/wp\/v2\/product"}],"about":[{"href":"https:\/\/educaredigital.online\/loja\/wp-json\/wp\/v2\/types\/product"}],"replies":[{"embeddable":true,"href":"https:\/\/educaredigital.online\/loja\/wp-json\/wp\/v2\/comments?post=3999"}],"wp:featuredmedia":[{"embeddable":true,"href":"https:\/\/educaredigital.online\/loja\/wp-json\/wp\/v2\/media\/3998"}],"wp:attachment":[{"href":"https:\/\/educaredigital.online\/loja\/wp-json\/wp\/v2\/media?parent=3999"}],"wp:term":[{"taxonomy":"product_brand","embeddable":true,"href":"https:\/\/educaredigital.online\/loja\/wp-json\/wp\/v2\/product_brand?post=3999"},{"taxonomy":"product_cat","embeddable":true,"href":"https:\/\/educaredigital.online\/loja\/wp-json\/wp\/v2\/product_cat?post=3999"},{"taxonomy":"product_tag","embeddable":true,"href":"https:\/\/educaredigital.online\/loja\/wp-json\/wp\/v2\/product_tag?post=3999"}],"curies":[{"name":"wp","href":"https:\/\/api.w.org\/{rel}","templated":true}]}}