{"id":3992,"date":"2026-03-25T12:34:21","date_gmt":"2026-03-25T12:34:21","guid":{"rendered":"https:\/\/educaredigital.online\/loja\/produto\/atlantida-e-outros-mundos-perdidos\/"},"modified":"2026-04-09T14:33:36","modified_gmt":"2026-04-09T14:33:36","slug":"atlantida-e-outros-mundos-perdidos","status":"publish","type":"product","link":"https:\/\/educaredigital.online\/loja\/produto\/atlantida-e-outros-mundos-perdidos\/","title":{"rendered":"Atlantida e Outros Mundos Perdidos"},"content":{"rendered":"<p data-start=\"0\" data-end=\"315\"><strong><span class=\"hover:entity-accent entity-underline inline cursor-pointer align-baseline\"><span class=\"whitespace-normal\">Atl\u00e2ntida e Outros Mundos Perdidos<\/span><\/span> <\/strong>leva o leitor a uma jornada fascinante por hist\u00f3rias e mist\u00e9rios de civiliza\u00e7\u00f5es desaparecidas ao longo do tempo. A obra explora lendas, teorias e relatos sobre lugares enigm\u00e1ticos, despertando a curiosidade sobre o passado e os segredos ainda n\u00e3o totalmente revelados.<\/p>\n<p data-start=\"317\" data-end=\"585\" data-is-last-node=\"\" data-is-only-node=\"\">Com linguagem envolvente e conte\u00fado intrigante, o livro estimula a imagina\u00e7\u00e3o e o interesse por hist\u00f3ria, arqueologia e mitologia. Ideal para leitores que gostam de mist\u00e9rios e descobertas, \u00e9 uma excelente op\u00e7\u00e3o para explorar mundos perdidos de forma leve e cativante.<\/p>\n<div class=\"details-table-wrapper\">\n<table class=\"product-details-table\">\n<tbody>\n<tr>\n<td>Autor<\/td>\n<td>Frank Joseph<\/td>\n<\/tr>\n<tr>\n<td>ISBN<\/td>\n<td>9786558885696<\/td>\n<\/tr>\n<tr>\n<td>Editora<\/td>\n<td>P\u00e9 da Letra<\/td>\n<\/tr>\n<tr>\n<td>N\u00ba de p\u00e1ginas<\/td>\n<td>256<\/td>\n<\/tr>\n<\/tbody>\n<\/table>\n<\/div>\n","protected":false},"excerpt":{"rendered":"<p>Atl\u00e2ntida e Outros Mundos Perdidos leva o leitor a uma jornada fascinante por hist\u00f3rias e mist\u00e9rios de civiliza\u00e7\u00f5es desaparecidas ao longo do tempo. A obra explora lendas, teorias e relatos sobre lugares enigm\u00e1ticos, despertando a curiosidade sobre o passado e<\/p>\n","protected":false},"featured_media":3991,"comment_status":"open","ping_status":"closed","template":"","meta":[],"product_brand":[],"product_cat":[206],"product_tag":[],"class_list":{"0":"post-3992","1":"product","2":"type-product","3":"status-publish","6":"product_cat-fundamental-2-6o-ao-9o","8":"first","9":"instock","10":"shipping-taxable","11":"purchasable","12":"product-type-simple"},"_links":{"self":[{"href":"https:\/\/educaredigital.online\/loja\/wp-json\/wp\/v2\/product\/3992","targetHints":{"allow":["GET"]}}],"collection":[{"href":"https:\/\/educaredigital.online\/loja\/wp-json\/wp\/v2\/product"}],"about":[{"href":"https:\/\/educaredigital.online\/loja\/wp-json\/wp\/v2\/types\/product"}],"replies":[{"embeddable":true,"href":"https:\/\/educaredigital.online\/loja\/wp-json\/wp\/v2\/comments?post=3992"}],"wp:featuredmedia":[{"embeddable":true,"href":"https:\/\/educaredigital.online\/loja\/wp-json\/wp\/v2\/media\/3991"}],"wp:attachment":[{"href":"https:\/\/educaredigital.online\/loja\/wp-json\/wp\/v2\/media?parent=3992"}],"wp:term":[{"taxonomy":"product_brand","embeddable":true,"href":"https:\/\/educaredigital.online\/loja\/wp-json\/wp\/v2\/product_brand?post=3992"},{"taxonomy":"product_cat","embeddable":true,"href":"https:\/\/educaredigital.online\/loja\/wp-json\/wp\/v2\/product_cat?post=3992"},{"taxonomy":"product_tag","embeddable":true,"href":"https:\/\/educaredigital.online\/loja\/wp-json\/wp\/v2\/product_tag?post=3992"}],"curies":[{"name":"wp","href":"https:\/\/api.w.org\/{rel}","templated":true}]}}