{"id":3984,"date":"2026-03-25T12:34:12","date_gmt":"2026-03-25T12:34:12","guid":{"rendered":"https:\/\/educaredigital.online\/loja\/produto\/50-ideias-essenciais-filosofia\/"},"modified":"2026-03-25T12:52:16","modified_gmt":"2026-03-25T12:52:16","slug":"50-ideias-essenciais-filosofia","status":"publish","type":"product","link":"https:\/\/educaredigital.online\/loja\/produto\/50-ideias-essenciais-filosofia\/","title":{"rendered":"50 Ideias essenciais &#8211; Filosofia"},"content":{"rendered":"<p data-start=\"0\" data-end=\"307\"><strong><span class=\"hover:entity-accent entity-underline inline cursor-pointer align-baseline\"><span class=\"whitespace-normal\">50 Ideias Essenciais &#8211; Filosofia<\/span><\/span><\/strong> apresenta os principais conceitos e pensamentos que marcaram a hist\u00f3ria da filosofia de forma clara e acess\u00edvel. A obra re\u00fane temas fundamentais e explica ideias de grandes pensadores, tornando o conte\u00fado compreens\u00edvel mesmo para quem est\u00e1 iniciando no assunto.<\/p>\n<p data-start=\"309\" data-end=\"552\" data-is-last-node=\"\" data-is-only-node=\"\">Com linguagem objetiva e abordagem did\u00e1tica, o livro estimula o pensamento cr\u00edtico e a reflex\u00e3o sobre quest\u00f5es importantes da vida e da sociedade. Ideal para estudantes e curiosos, \u00e9 uma excelente porta de entrada para o universo da filosofia.<\/p>\n<div class=\"details-table-wrapper\">\n<table class=\"product-details-table\">\n<tbody>\n<tr>\n<td>Autor<\/td>\n<td>Michael Moore<\/td>\n<\/tr>\n<tr>\n<td>ISBN<\/td>\n<td>9786558889571<\/td>\n<\/tr>\n<tr>\n<td>Editora<\/td>\n<td>P\u00e9 da Letra<\/td>\n<\/tr>\n<tr>\n<td>N\u00ba de p\u00e1ginas<\/td>\n<td>208<\/td>\n<\/tr>\n<\/tbody>\n<\/table>\n<\/div>\n","protected":false},"excerpt":{"rendered":"<p>50 Ideias Essenciais &#8211; Filosofia apresenta os principais conceitos e pensamentos que marcaram a hist\u00f3ria da filosofia de forma clara e acess\u00edvel. A obra re\u00fane temas fundamentais e explica ideias de grandes pensadores, tornando o conte\u00fado compreens\u00edvel mesmo para quem<\/p>\n","protected":false},"featured_media":3983,"comment_status":"open","ping_status":"closed","template":"","meta":[],"product_brand":[],"product_cat":[206],"product_tag":[],"class_list":{"0":"post-3984","1":"product","2":"type-product","3":"status-publish","6":"product_cat-fundamental-2-6o-ao-9o","8":"first","9":"instock","10":"shipping-taxable","11":"purchasable","12":"product-type-simple"},"_links":{"self":[{"href":"https:\/\/educaredigital.online\/loja\/wp-json\/wp\/v2\/product\/3984","targetHints":{"allow":["GET"]}}],"collection":[{"href":"https:\/\/educaredigital.online\/loja\/wp-json\/wp\/v2\/product"}],"about":[{"href":"https:\/\/educaredigital.online\/loja\/wp-json\/wp\/v2\/types\/product"}],"replies":[{"embeddable":true,"href":"https:\/\/educaredigital.online\/loja\/wp-json\/wp\/v2\/comments?post=3984"}],"wp:featuredmedia":[{"embeddable":true,"href":"https:\/\/educaredigital.online\/loja\/wp-json\/wp\/v2\/media\/3983"}],"wp:attachment":[{"href":"https:\/\/educaredigital.online\/loja\/wp-json\/wp\/v2\/media?parent=3984"}],"wp:term":[{"taxonomy":"product_brand","embeddable":true,"href":"https:\/\/educaredigital.online\/loja\/wp-json\/wp\/v2\/product_brand?post=3984"},{"taxonomy":"product_cat","embeddable":true,"href":"https:\/\/educaredigital.online\/loja\/wp-json\/wp\/v2\/product_cat?post=3984"},{"taxonomy":"product_tag","embeddable":true,"href":"https:\/\/educaredigital.online\/loja\/wp-json\/wp\/v2\/product_tag?post=3984"}],"curies":[{"name":"wp","href":"https:\/\/api.w.org\/{rel}","templated":true}]}}