{"id":3982,"date":"2026-03-25T12:34:08","date_gmt":"2026-03-25T12:34:08","guid":{"rendered":"https:\/\/educaredigital.online\/loja\/produto\/12-anos-de-escravidao\/"},"modified":"2026-03-25T12:46:12","modified_gmt":"2026-03-25T12:46:12","slug":"12-anos-de-escravidao","status":"publish","type":"product","link":"https:\/\/educaredigital.online\/loja\/produto\/12-anos-de-escravidao\/","title":{"rendered":"12 Anos de Escravid\u00e3o"},"content":{"rendered":"<p data-start=\"0\" data-end=\"348\"><strong><span class=\"hover:entity-accent entity-underline inline cursor-pointer align-baseline\"><span class=\"whitespace-normal\">12 Anos de Escravid\u00e3o<\/span><\/span><\/strong> \u00e9 um relato impactante baseado na hist\u00f3ria real de <em><span style=\"text-decoration: underline;\"><span class=\"hover:entity-accent entity-underline inline cursor-pointer align-baseline\"><span class=\"whitespace-normal\">Solomon Northup<\/span><\/span><\/span><\/em>, um homem negro livre que foi sequestrado e vendido como escravizado nos Estados Unidos do s\u00e9culo XIX. Ao longo da narrativa, ele descreve com detalhes sua luta pela sobreviv\u00eancia e a dura realidade da escravid\u00e3o.<\/p>\n<p data-start=\"350\" data-end=\"619\" data-is-last-node=\"\" data-is-only-node=\"\">Com uma escrita envolvente e profundamente comovente, a obra traz reflex\u00f5es importantes sobre injusti\u00e7a, resist\u00eancia e dignidade humana. \u00c9 uma leitura marcante que contribui para a compreens\u00e3o hist\u00f3rica e promove reflex\u00f5es essenciais sobre liberdade e direitos humanos.<\/p>\n<div class=\"details-table-wrapper\">\n<table class=\"product-details-table\">\n<tbody>\n<tr>\n<td>Autor<\/td>\n<td>Solomon Northup e Jo\u00e3o Eduardo Justi<\/td>\n<\/tr>\n<tr>\n<td>ISBN<\/td>\n<td>9786558884095<\/td>\n<\/tr>\n<tr>\n<td>Editora<\/td>\n<td>P\u00e9 da Letra<\/td>\n<\/tr>\n<tr>\n<td>N\u00ba de p\u00e1ginas<\/td>\n<td>278<\/td>\n<\/tr>\n<\/tbody>\n<\/table>\n<\/div>\n","protected":false},"excerpt":{"rendered":"<p>12 Anos de Escravid\u00e3o \u00e9 um relato impactante baseado na hist\u00f3ria real de Solomon Northup, um homem negro livre que foi sequestrado e vendido como escravizado nos Estados Unidos do s\u00e9culo XIX. Ao longo da narrativa, ele descreve com detalhes<\/p>\n","protected":false},"featured_media":3981,"comment_status":"open","ping_status":"closed","template":"","meta":[],"product_brand":[],"product_cat":[214],"product_tag":[],"class_list":{"0":"post-3982","1":"product","2":"type-product","3":"status-publish","6":"product_cat-afro-brasileira-e-indigena","8":"first","9":"instock","10":"shipping-taxable","11":"purchasable","12":"product-type-simple"},"_links":{"self":[{"href":"https:\/\/educaredigital.online\/loja\/wp-json\/wp\/v2\/product\/3982","targetHints":{"allow":["GET"]}}],"collection":[{"href":"https:\/\/educaredigital.online\/loja\/wp-json\/wp\/v2\/product"}],"about":[{"href":"https:\/\/educaredigital.online\/loja\/wp-json\/wp\/v2\/types\/product"}],"replies":[{"embeddable":true,"href":"https:\/\/educaredigital.online\/loja\/wp-json\/wp\/v2\/comments?post=3982"}],"wp:featuredmedia":[{"embeddable":true,"href":"https:\/\/educaredigital.online\/loja\/wp-json\/wp\/v2\/media\/3981"}],"wp:attachment":[{"href":"https:\/\/educaredigital.online\/loja\/wp-json\/wp\/v2\/media?parent=3982"}],"wp:term":[{"taxonomy":"product_brand","embeddable":true,"href":"https:\/\/educaredigital.online\/loja\/wp-json\/wp\/v2\/product_brand?post=3982"},{"taxonomy":"product_cat","embeddable":true,"href":"https:\/\/educaredigital.online\/loja\/wp-json\/wp\/v2\/product_cat?post=3982"},{"taxonomy":"product_tag","embeddable":true,"href":"https:\/\/educaredigital.online\/loja\/wp-json\/wp\/v2\/product_tag?post=3982"}],"curies":[{"name":"wp","href":"https:\/\/api.w.org\/{rel}","templated":true}]}}