{"id":3800,"date":"2026-03-24T14:50:09","date_gmt":"2026-03-24T14:50:09","guid":{"rendered":"https:\/\/educaredigital.online\/loja\/?post_type=product&#038;p=3800"},"modified":"2026-04-14T12:13:24","modified_gmt":"2026-04-14T12:13:24","slug":"calendario-relogio-mdf-64-pecas","status":"publish","type":"product","link":"https:\/\/educaredigital.online\/loja\/produto\/calendario-relogio-mdf-64-pecas\/","title":{"rendered":"Calend\u00e1rio Rel\u00f3gio &#8211; MDF- 64 Pe\u00e7as"},"content":{"rendered":"<div class=\"ds-virtual-list-items\">\n<div class=\"ds-virtual-list-visible-items\">\n<div class=\"_4f9bf79 d7dc56a8 _43c05b5\" data-virtual-list-item-key=\"34\">\n<div class=\"ds-message _63c77b1\">\n<div class=\"ds-markdown\">\n<p class=\"ds-markdown-paragraph\"><strong>Calend\u00e1rio Rel\u00f3gio &#8211; MDF &#8211; 64 Pe\u00e7as:<\/strong>\u00a0\u00e9 um recurso pedag\u00f3gico da marca Carlu desenvolvido para auxiliar no desenvolvimento da rotina e organiza\u00e7\u00e3o, al\u00e9m de estimular a aprendizagem matem\u00e1tica de forma concreta e interativa\u00a0. Confeccionado em MDF com tinta at\u00f3xica e ponteiros em EVA, o conjunto \u00e9 composto por 64 pe\u00e7as que incluem: um telhado colorido com 2 ponteiros para o ensino das horas, uma base serigrafada com os dias da semana contendo 6 ou 7 suportes de encaixe corredi\u00e7os para fixar as pe\u00e7as dos dias do m\u00eas, representa\u00e7\u00f5es das quatro fases da lua, m\u00eas e ano vigente, al\u00e9m de um suporte inferior para armazenar as 4 esta\u00e7\u00f5es do ano e demais pe\u00e7as referentes aos meses e dias\u00a0. Quando montado (base + telhado), o calend\u00e1rio mede aproximadamente 40,5 x 5 x 61,5 a 66,5 cm\u00a0.<\/p>\n<p class=\"ds-markdown-paragraph\">Recomendado para crian\u00e7as a partir de 4 ou 5 anos , este material concreto permite que a crian\u00e7a manipule as pe\u00e7as e organize os elementos do calend\u00e1rio de forma interativa, facilitando o entendimento de conceitos abstratos como dias, meses, esta\u00e7\u00f5es e horas. Ao trabalhar com os diferentes componentes, o pequeno desenvolve no\u00e7\u00f5es de rotina, sequ\u00eancia temporal, organiza\u00e7\u00e3o e responsabilidade, al\u00e9m de fortalecer habilidades matem\u00e1ticas e de planejamento di\u00e1rio. Avalia\u00e7\u00f5es de clientes destacam o material como &#8220;maravilhoso e resistente&#8221;, sendo &#8220;muito \u00fatil para a aprendizagem infantil&#8221; e ajudando a facilitar o entendimento da contagem do tempo, que para essa idade \u00e9 um conceito complexo .<\/p>\n<div class=\"details-table-wrapper\">\n<table class=\"product-details-table\">\n<tbody>\n<tr>\n<td>Marca<\/td>\n<td>Carlu<\/td>\n<\/tr>\n<tr>\n<td>Material<\/td>\n<td>MDF<\/td>\n<\/tr>\n<tr>\n<td>Faixa Et\u00e1ria<\/td>\n<td>A partir de 4 Anos<\/td>\n<\/tr>\n<\/tbody>\n<\/table>\n<\/div>\n<\/div>\n<\/div>\n<\/div>\n<\/div>\n<\/div>\n","protected":false},"excerpt":{"rendered":"<p>Calend\u00e1rio Rel\u00f3gio &#8211; MDF &#8211; 64 Pe\u00e7as:\u00a0\u00e9 um recurso pedag\u00f3gico da marca Carlu desenvolvido para auxiliar no desenvolvimento da rotina e organiza\u00e7\u00e3o, al\u00e9m de estimular a aprendizagem matem\u00e1tica de forma concreta e interativa\u00a0. Confeccionado em MDF com tinta at\u00f3xica e<\/p>\n","protected":false},"featured_media":3801,"comment_status":"open","ping_status":"closed","template":"","meta":[],"product_brand":[],"product_cat":[210],"product_tag":[],"class_list":{"0":"post-3800","1":"product","2":"type-product","3":"status-publish","6":"product_cat-matematica-jogos-e-brinquedos","8":"first","9":"instock","10":"shipping-taxable","11":"purchasable","12":"product-type-simple"},"_links":{"self":[{"href":"https:\/\/educaredigital.online\/loja\/wp-json\/wp\/v2\/product\/3800","targetHints":{"allow":["GET"]}}],"collection":[{"href":"https:\/\/educaredigital.online\/loja\/wp-json\/wp\/v2\/product"}],"about":[{"href":"https:\/\/educaredigital.online\/loja\/wp-json\/wp\/v2\/types\/product"}],"replies":[{"embeddable":true,"href":"https:\/\/educaredigital.online\/loja\/wp-json\/wp\/v2\/comments?post=3800"}],"wp:featuredmedia":[{"embeddable":true,"href":"https:\/\/educaredigital.online\/loja\/wp-json\/wp\/v2\/media\/3801"}],"wp:attachment":[{"href":"https:\/\/educaredigital.online\/loja\/wp-json\/wp\/v2\/media?parent=3800"}],"wp:term":[{"taxonomy":"product_brand","embeddable":true,"href":"https:\/\/educaredigital.online\/loja\/wp-json\/wp\/v2\/product_brand?post=3800"},{"taxonomy":"product_cat","embeddable":true,"href":"https:\/\/educaredigital.online\/loja\/wp-json\/wp\/v2\/product_cat?post=3800"},{"taxonomy":"product_tag","embeddable":true,"href":"https:\/\/educaredigital.online\/loja\/wp-json\/wp\/v2\/product_tag?post=3800"}],"curies":[{"name":"wp","href":"https:\/\/api.w.org\/{rel}","templated":true}]}}