{"id":3742,"date":"2026-03-23T14:47:02","date_gmt":"2026-03-23T14:47:02","guid":{"rendered":"https:\/\/educaredigital.online\/loja\/produto\/box-contos-de-shakespeare\/"},"modified":"2026-03-24T14:13:00","modified_gmt":"2026-03-24T14:13:00","slug":"box-contos-de-shakespeare","status":"publish","type":"product","link":"https:\/\/educaredigital.online\/loja\/produto\/box-contos-de-shakespeare\/","title":{"rendered":"Box &#8211; Contos de Shakespeare"},"content":{"rendered":"<p data-start=\"0\" data-end=\"347\"><strong><span class=\"hover:entity-accent entity-underline inline cursor-pointer align-baseline\"><span class=\"whitespace-normal\">Box &#8211; Contos de Shakespeare<\/span><\/span><\/strong> re\u00fane adapta\u00e7\u00f5es encantadoras das principais hist\u00f3rias de <span style=\"text-decoration: underline;\"><em><span class=\"hover:entity-accent entity-underline inline cursor-pointer align-baseline\"><span class=\"whitespace-normal\">William Shakespeare<\/span><\/span><\/em><\/span>, trazendo seus cl\u00e1ssicos para uma linguagem mais acess\u00edvel e envolvente. Com narrativas que preservam a ess\u00eancia das obras originais, o leitor \u00e9 apresentado a tramas marcantes cheias de emo\u00e7\u00e3o, drama e reflex\u00e3o.<\/p>\n<p data-start=\"349\" data-end=\"627\" data-is-last-node=\"\" data-is-only-node=\"\">Com textos adaptados e leitura fluida, o box \u00e9 ideal para quem deseja conhecer grandes cl\u00e1ssicos da literatura de forma leve e compreens\u00edvel. Perfeito para jovens leitores e iniciantes, \u00e9 uma excelente porta de entrada para o universo de Shakespeare e suas hist\u00f3rias atemporais.<\/p>\n<div class=\"details-table-wrapper\">\n<table class=\"product-details-table\">\n<tbody>\n<tr>\n<td>Autor<\/td>\n<td>William Shakespeare<\/td>\n<\/tr>\n<tr>\n<td>ISBN<\/td>\n<td>9788595202542<\/td>\n<\/tr>\n<tr>\n<td>Editora<\/td>\n<td>P\u00e9 da Letra<\/td>\n<\/tr>\n<tr>\n<td>16 t\u00edtulos<\/td>\n<td>Muito Barulho Por Nada, Antonio e Cleopatra, Noite de Reis, O Mercador de Veneza, Rei Lear, Otelo, Romeu e Julieta, Macbeth, Hamlet, O Conto de Inverno, Tudo bem quando termina bem, A Tempestade, Trabalhos de Amor Perdidos, A Com\u00e9dia dos Erros, Do jeito que voc\u00ea gosta e Sonho de uma noite de ver\u00e3o<\/td>\n<\/tr>\n<\/tbody>\n<\/table>\n<\/div>\n","protected":false},"excerpt":{"rendered":"<p>Box &#8211; Contos de Shakespeare re\u00fane adapta\u00e7\u00f5es encantadoras das principais hist\u00f3rias de William Shakespeare, trazendo seus cl\u00e1ssicos para uma linguagem mais acess\u00edvel e envolvente. Com narrativas que preservam a ess\u00eancia das obras originais, o leitor \u00e9 apresentado a tramas marcantes<\/p>\n","protected":false},"featured_media":3741,"comment_status":"open","ping_status":"closed","template":"","meta":[],"product_brand":[],"product_cat":[205],"product_tag":[],"class_list":{"0":"post-3742","1":"product","2":"type-product","3":"status-publish","6":"product_cat-fundamental-4-ao-5","8":"first","9":"instock","10":"shipping-taxable","11":"purchasable","12":"product-type-simple"},"_links":{"self":[{"href":"https:\/\/educaredigital.online\/loja\/wp-json\/wp\/v2\/product\/3742","targetHints":{"allow":["GET"]}}],"collection":[{"href":"https:\/\/educaredigital.online\/loja\/wp-json\/wp\/v2\/product"}],"about":[{"href":"https:\/\/educaredigital.online\/loja\/wp-json\/wp\/v2\/types\/product"}],"replies":[{"embeddable":true,"href":"https:\/\/educaredigital.online\/loja\/wp-json\/wp\/v2\/comments?post=3742"}],"wp:featuredmedia":[{"embeddable":true,"href":"https:\/\/educaredigital.online\/loja\/wp-json\/wp\/v2\/media\/3741"}],"wp:attachment":[{"href":"https:\/\/educaredigital.online\/loja\/wp-json\/wp\/v2\/media?parent=3742"}],"wp:term":[{"taxonomy":"product_brand","embeddable":true,"href":"https:\/\/educaredigital.online\/loja\/wp-json\/wp\/v2\/product_brand?post=3742"},{"taxonomy":"product_cat","embeddable":true,"href":"https:\/\/educaredigital.online\/loja\/wp-json\/wp\/v2\/product_cat?post=3742"},{"taxonomy":"product_tag","embeddable":true,"href":"https:\/\/educaredigital.online\/loja\/wp-json\/wp\/v2\/product_tag?post=3742"}],"curies":[{"name":"wp","href":"https:\/\/api.w.org\/{rel}","templated":true}]}}