{"id":3738,"date":"2026-03-23T14:46:59","date_gmt":"2026-03-23T14:46:59","guid":{"rendered":"https:\/\/educaredigital.online\/loja\/produto\/aperte-e-ploc-unicornios-e-sua-terra-magica\/"},"modified":"2026-04-09T17:28:38","modified_gmt":"2026-04-09T17:28:38","slug":"aperte-e-ploc-unicornios-e-sua-terra-magica","status":"publish","type":"product","link":"https:\/\/educaredigital.online\/loja\/produto\/aperte-e-ploc-unicornios-e-sua-terra-magica\/","title":{"rendered":"Aperte e&#8230; ploc! Unic\u00f3rnios e sua Terra M\u00e1gica"},"content":{"rendered":"<p><strong>Aperte e&#8230; Ploc! Unic\u00f3rnios e sua Terra M\u00e1gica<\/strong> \u00e9 uma op\u00e7\u00e3o encantadora e divertida para os pequenos leitores. Com uma proposta interativa, a obra convida as crian\u00e7as a apertarem elementos do livro para descobrir surpresas, tornando a leitura uma experi\u00eancia l\u00fadica e envolvente.<\/p>\n<p>Com ilustra\u00e7\u00f5es coloridas e personagens ador\u00e1veis, o livro estimula a curiosidade, a coordena\u00e7\u00e3o motora e a imagina\u00e7\u00e3o. Ideal para crian\u00e7as pequenas, \u00e9 perfeito para transformar o momento da leitura em uma brincadeira cheia de descobertas.<\/p>\n<div class=\"details-table-wrapper\">\n<table class=\"product-details-table\">\n<tbody>\n<tr>\n<td>Autor<\/td>\n<td>P\u00e9 da Letra<\/td>\n<\/tr>\n<tr>\n<td>ISBN<\/td>\n<td>9786558886211<\/td>\n<\/tr>\n<tr>\n<td>Editora<\/td>\n<td>P\u00e9 da Letra<\/td>\n<\/tr>\n<tr>\n<td>N\u00ba de p\u00e1ginas<\/td>\n<td>6<\/td>\n<\/tr>\n<\/tbody>\n<\/table>\n<\/div>\n","protected":false},"excerpt":{"rendered":"<p>Aperte e&#8230; Ploc! Unic\u00f3rnios e sua Terra M\u00e1gica \u00e9 uma op\u00e7\u00e3o encantadora e divertida para os pequenos leitores. Com uma proposta interativa, a obra convida as crian\u00e7as a apertarem elementos do livro para descobrir surpresas, tornando a leitura uma experi\u00eancia<\/p>\n","protected":false},"featured_media":3737,"comment_status":"open","ping_status":"closed","template":"","meta":[],"product_brand":[],"product_cat":[200],"product_tag":[],"class_list":{"0":"post-3738","1":"product","2":"type-product","3":"status-publish","6":"product_cat-0-a-3-anos","8":"first","9":"instock","10":"shipping-taxable","11":"purchasable","12":"product-type-simple"},"_links":{"self":[{"href":"https:\/\/educaredigital.online\/loja\/wp-json\/wp\/v2\/product\/3738","targetHints":{"allow":["GET"]}}],"collection":[{"href":"https:\/\/educaredigital.online\/loja\/wp-json\/wp\/v2\/product"}],"about":[{"href":"https:\/\/educaredigital.online\/loja\/wp-json\/wp\/v2\/types\/product"}],"replies":[{"embeddable":true,"href":"https:\/\/educaredigital.online\/loja\/wp-json\/wp\/v2\/comments?post=3738"}],"wp:featuredmedia":[{"embeddable":true,"href":"https:\/\/educaredigital.online\/loja\/wp-json\/wp\/v2\/media\/3737"}],"wp:attachment":[{"href":"https:\/\/educaredigital.online\/loja\/wp-json\/wp\/v2\/media?parent=3738"}],"wp:term":[{"taxonomy":"product_brand","embeddable":true,"href":"https:\/\/educaredigital.online\/loja\/wp-json\/wp\/v2\/product_brand?post=3738"},{"taxonomy":"product_cat","embeddable":true,"href":"https:\/\/educaredigital.online\/loja\/wp-json\/wp\/v2\/product_cat?post=3738"},{"taxonomy":"product_tag","embeddable":true,"href":"https:\/\/educaredigital.online\/loja\/wp-json\/wp\/v2\/product_tag?post=3738"}],"curies":[{"name":"wp","href":"https:\/\/api.w.org\/{rel}","templated":true}]}}