{"id":3728,"date":"2026-03-23T14:46:46","date_gmt":"2026-03-23T14:46:46","guid":{"rendered":"https:\/\/educaredigital.online\/loja\/produto\/a-historia-da-bolinha-curiosa\/"},"modified":"2026-04-09T15:04:25","modified_gmt":"2026-04-09T15:04:25","slug":"a-historia-da-bolinha-curiosa","status":"publish","type":"product","link":"https:\/\/educaredigital.online\/loja\/produto\/a-historia-da-bolinha-curiosa\/","title":{"rendered":"A Hist\u00f3ria da Bolinha Curiosa"},"content":{"rendered":"<p data-start=\"0\" data-end=\"297\"><strong><span class=\"hover:entity-accent entity-underline inline cursor-pointer align-baseline\"><span class=\"whitespace-normal\">A Hist\u00f3ria da Bolinha Curiosa<\/span><\/span><\/strong> conta uma narrativa encantadora que acompanha as descobertas de uma pequena bolinha cheia de curiosidade. Ao longo da hist\u00f3ria, ela vive diferentes experi\u00eancias que despertam o interesse das crian\u00e7as e estimulam a imagina\u00e7\u00e3o de forma leve e divertida.<\/p>\n<p data-start=\"299\" data-end=\"553\" data-is-last-node=\"\" data-is-only-node=\"\">Com linguagem simples e ilustra\u00e7\u00f5es atrativas, a obra incentiva o aprendizado por meio da curiosidade e da explora\u00e7\u00e3o do mundo ao redor. Ideal para os pequenos leitores, \u00e9 uma \u00f3tima op\u00e7\u00e3o para desenvolver a criatividade e o gosto pela leitura desde cedo.<\/p>\n<div class=\"details-table-wrapper\">\n<table class=\"product-details-table\">\n<tr>\n<td>Autor<\/td>\n<td>Edson Gabriel e P\u00e9 da Letra<\/td>\n<\/tr>\n<tr>\n<td>ISBN<\/td>\n<td>9786558883746<\/td>\n<\/tr>\n<tr>\n<td>Editora<\/td>\n<td>P\u00e9 da Letra<\/td>\n<\/tr>\n<tr>\n<td>N\u00ba de p\u00e1ginas<\/td>\n<td>28<\/td>\n<\/tr>\n<\/table><\/div>\n","protected":false},"excerpt":{"rendered":"<p>A Hist\u00f3ria da Bolinha Curiosa conta uma narrativa encantadora que acompanha as descobertas de uma pequena bolinha cheia de curiosidade. Ao longo da hist\u00f3ria, ela vive diferentes experi\u00eancias que despertam o interesse das crian\u00e7as e estimulam a imagina\u00e7\u00e3o de forma<\/p>\n","protected":false},"featured_media":3727,"comment_status":"open","ping_status":"closed","template":"","meta":[],"product_brand":[],"product_cat":[202],"product_tag":[],"class_list":{"0":"post-3728","1":"product","2":"type-product","3":"status-publish","6":"product_cat-fundamental1-1ao3","8":"first","9":"instock","10":"shipping-taxable","11":"purchasable","12":"product-type-simple"},"_links":{"self":[{"href":"https:\/\/educaredigital.online\/loja\/wp-json\/wp\/v2\/product\/3728","targetHints":{"allow":["GET"]}}],"collection":[{"href":"https:\/\/educaredigital.online\/loja\/wp-json\/wp\/v2\/product"}],"about":[{"href":"https:\/\/educaredigital.online\/loja\/wp-json\/wp\/v2\/types\/product"}],"replies":[{"embeddable":true,"href":"https:\/\/educaredigital.online\/loja\/wp-json\/wp\/v2\/comments?post=3728"}],"wp:featuredmedia":[{"embeddable":true,"href":"https:\/\/educaredigital.online\/loja\/wp-json\/wp\/v2\/media\/3727"}],"wp:attachment":[{"href":"https:\/\/educaredigital.online\/loja\/wp-json\/wp\/v2\/media?parent=3728"}],"wp:term":[{"taxonomy":"product_brand","embeddable":true,"href":"https:\/\/educaredigital.online\/loja\/wp-json\/wp\/v2\/product_brand?post=3728"},{"taxonomy":"product_cat","embeddable":true,"href":"https:\/\/educaredigital.online\/loja\/wp-json\/wp\/v2\/product_cat?post=3728"},{"taxonomy":"product_tag","embeddable":true,"href":"https:\/\/educaredigital.online\/loja\/wp-json\/wp\/v2\/product_tag?post=3728"}],"curies":[{"name":"wp","href":"https:\/\/api.w.org\/{rel}","templated":true}]}}