{"id":3724,"date":"2026-03-23T14:46:43","date_gmt":"2026-03-23T14:46:43","guid":{"rendered":"https:\/\/educaredigital.online\/loja\/produto\/91-truques-matematicos-legais\/"},"modified":"2026-04-09T14:17:19","modified_gmt":"2026-04-09T14:17:19","slug":"91-truques-matematicos-legais","status":"publish","type":"product","link":"https:\/\/educaredigital.online\/loja\/produto\/91-truques-matematicos-legais\/","title":{"rendered":"91 Truques Matem\u00e1ticos Legais"},"content":{"rendered":"<p data-start=\"0\" data-end=\"271\"><strong><span class=\"hover:entity-accent entity-underline inline cursor-pointer align-baseline\"><span class=\"whitespace-normal\">91 Truques Matem\u00e1ticos Legais<\/span><\/span><\/strong> \u00e9 uma forma divertida de explorar o universo dos n\u00fameros por meio de desafios e curiosidades surpreendentes. Com truques simples e interessantes, a obra mostra como a matem\u00e1tica pode ser f\u00e1cil, pr\u00e1tica e cheia de descobertas.<\/p>\n<p data-start=\"273\" data-end=\"550\" data-is-last-node=\"\" data-is-only-node=\"\">Com linguagem acess\u00edvel e atividades envolventes, o livro estimula o racioc\u00ednio l\u00f3gico, a agilidade mental e a criatividade. Ideal para crian\u00e7as e jovens, \u00e9 uma excelente op\u00e7\u00e3o para aprender matem\u00e1tica de maneira leve e descontra\u00edda, tornando o aprendizado muito mais atrativo.<\/p>\n<div class=\"details-table-wrapper\">\n<table class=\"product-details-table\">\n<tbody>\n<tr>\n<td>Autor<\/td>\n<td>Anna Claybourne e P\u00e9 da Letra<\/td>\n<\/tr>\n<tr>\n<td>ISBN<\/td>\n<td>9786558882077<\/td>\n<\/tr>\n<tr>\n<td>Editora<\/td>\n<td>P\u00e9 da Letra<\/td>\n<\/tr>\n<tr>\n<td>N\u00ba de p\u00e1ginas<\/td>\n<td>128<\/td>\n<\/tr>\n<\/tbody>\n<\/table>\n<\/div>\n","protected":false},"excerpt":{"rendered":"<p>91 Truques Matem\u00e1ticos Legais \u00e9 uma forma divertida de explorar o universo dos n\u00fameros por meio de desafios e curiosidades surpreendentes. Com truques simples e interessantes, a obra mostra como a matem\u00e1tica pode ser f\u00e1cil, pr\u00e1tica e cheia de descobertas.<\/p>\n","protected":false},"featured_media":3723,"comment_status":"open","ping_status":"closed","template":"","meta":[],"product_brand":[],"product_cat":[205],"product_tag":[],"class_list":{"0":"post-3724","1":"product","2":"type-product","3":"status-publish","6":"product_cat-fundamental-4-ao-5","8":"first","9":"instock","10":"shipping-taxable","11":"purchasable","12":"product-type-simple"},"_links":{"self":[{"href":"https:\/\/educaredigital.online\/loja\/wp-json\/wp\/v2\/product\/3724","targetHints":{"allow":["GET"]}}],"collection":[{"href":"https:\/\/educaredigital.online\/loja\/wp-json\/wp\/v2\/product"}],"about":[{"href":"https:\/\/educaredigital.online\/loja\/wp-json\/wp\/v2\/types\/product"}],"replies":[{"embeddable":true,"href":"https:\/\/educaredigital.online\/loja\/wp-json\/wp\/v2\/comments?post=3724"}],"wp:featuredmedia":[{"embeddable":true,"href":"https:\/\/educaredigital.online\/loja\/wp-json\/wp\/v2\/media\/3723"}],"wp:attachment":[{"href":"https:\/\/educaredigital.online\/loja\/wp-json\/wp\/v2\/media?parent=3724"}],"wp:term":[{"taxonomy":"product_brand","embeddable":true,"href":"https:\/\/educaredigital.online\/loja\/wp-json\/wp\/v2\/product_brand?post=3724"},{"taxonomy":"product_cat","embeddable":true,"href":"https:\/\/educaredigital.online\/loja\/wp-json\/wp\/v2\/product_cat?post=3724"},{"taxonomy":"product_tag","embeddable":true,"href":"https:\/\/educaredigital.online\/loja\/wp-json\/wp\/v2\/product_tag?post=3724"}],"curies":[{"name":"wp","href":"https:\/\/api.w.org\/{rel}","templated":true}]}}