{"id":3722,"date":"2026-03-23T14:46:42","date_gmt":"2026-03-23T14:46:42","guid":{"rendered":"https:\/\/educaredigital.online\/loja\/produto\/73-truques-legais-de-ciencias\/"},"modified":"2026-04-09T14:17:19","modified_gmt":"2026-04-09T14:17:19","slug":"73-truques-legais-de-ciencias","status":"publish","type":"product","link":"https:\/\/educaredigital.online\/loja\/produto\/73-truques-legais-de-ciencias\/","title":{"rendered":"73 Truques Legais de Ci\u00eancias"},"content":{"rendered":"<p data-start=\"0\" data-end=\"273\"><strong><span class=\"hover:entity-accent entity-underline inline cursor-pointer align-baseline\"><span class=\"whitespace-normal\">73 Truques Legais de Ci\u00eancias<\/span><\/span><\/strong> \u00e9 uma op\u00e7\u00e3o divertida e educativa para despertar o interesse das crian\u00e7as pelo mundo da ci\u00eancia. Com experimentos simples e criativos, a obra permite que os leitores aprendam conceitos cient\u00edficos de forma pr\u00e1tica e envolvente.<\/p>\n<p data-start=\"275\" data-end=\"547\" data-is-last-node=\"\" data-is-only-node=\"\">Com linguagem acess\u00edvel e instru\u00e7\u00f5es f\u00e1ceis de seguir, o livro estimula a curiosidade, o racioc\u00ednio e a criatividade. Ideal para momentos em fam\u00edlia ou atividades escolares, \u00e9 uma excelente forma de aprender brincando e transformar a ci\u00eancia em uma experi\u00eancia fascinante.<\/p>\n<div class=\"details-table-wrapper\">\n<table class=\"product-details-table\">\n<tbody>\n<tr>\n<td>Autor<\/td>\n<td>Anna Claybourne e P\u00e9 da Letra<\/td>\n<\/tr>\n<tr>\n<td>ISBN<\/td>\n<td>9786558882213<\/td>\n<\/tr>\n<tr>\n<td>Editora<\/td>\n<td>P\u00e9 da Letra<\/td>\n<\/tr>\n<tr>\n<td>N\u00ba de p\u00e1ginas<\/td>\n<td>128<\/td>\n<\/tr>\n<\/tbody>\n<\/table>\n<\/div>\n","protected":false},"excerpt":{"rendered":"<p>73 Truques Legais de Ci\u00eancias \u00e9 uma op\u00e7\u00e3o divertida e educativa para despertar o interesse das crian\u00e7as pelo mundo da ci\u00eancia. Com experimentos simples e criativos, a obra permite que os leitores aprendam conceitos cient\u00edficos de forma pr\u00e1tica e envolvente.<\/p>\n","protected":false},"featured_media":3721,"comment_status":"open","ping_status":"closed","template":"","meta":[],"product_brand":[],"product_cat":[205],"product_tag":[],"class_list":{"0":"post-3722","1":"product","2":"type-product","3":"status-publish","6":"product_cat-fundamental-4-ao-5","8":"first","9":"instock","10":"shipping-taxable","11":"purchasable","12":"product-type-simple"},"_links":{"self":[{"href":"https:\/\/educaredigital.online\/loja\/wp-json\/wp\/v2\/product\/3722","targetHints":{"allow":["GET"]}}],"collection":[{"href":"https:\/\/educaredigital.online\/loja\/wp-json\/wp\/v2\/product"}],"about":[{"href":"https:\/\/educaredigital.online\/loja\/wp-json\/wp\/v2\/types\/product"}],"replies":[{"embeddable":true,"href":"https:\/\/educaredigital.online\/loja\/wp-json\/wp\/v2\/comments?post=3722"}],"wp:featuredmedia":[{"embeddable":true,"href":"https:\/\/educaredigital.online\/loja\/wp-json\/wp\/v2\/media\/3721"}],"wp:attachment":[{"href":"https:\/\/educaredigital.online\/loja\/wp-json\/wp\/v2\/media?parent=3722"}],"wp:term":[{"taxonomy":"product_brand","embeddable":true,"href":"https:\/\/educaredigital.online\/loja\/wp-json\/wp\/v2\/product_brand?post=3722"},{"taxonomy":"product_cat","embeddable":true,"href":"https:\/\/educaredigital.online\/loja\/wp-json\/wp\/v2\/product_cat?post=3722"},{"taxonomy":"product_tag","embeddable":true,"href":"https:\/\/educaredigital.online\/loja\/wp-json\/wp\/v2\/product_tag?post=3722"}],"curies":[{"name":"wp","href":"https:\/\/api.w.org\/{rel}","templated":true}]}}