{"id":3720,"date":"2026-03-23T14:46:40","date_gmt":"2026-03-23T14:46:40","guid":{"rendered":"https:\/\/educaredigital.online\/loja\/produto\/500-fatos-fantasticos-sobre-seu-corpo\/"},"modified":"2026-04-09T14:17:19","modified_gmt":"2026-04-09T14:17:19","slug":"500-fatos-fantasticos-sobre-seu-corpo","status":"publish","type":"product","link":"https:\/\/educaredigital.online\/loja\/produto\/500-fatos-fantasticos-sobre-seu-corpo\/","title":{"rendered":"500 fatos Fant\u00e1sticos Sobre Seu Corpo"},"content":{"rendered":"<p data-start=\"0\" data-end=\"281\"><strong><span class=\"hover:entity-accent entity-underline inline cursor-pointer align-baseline\"><span class=\"whitespace-normal\">500 Fatos Fant\u00e1sticos Sobre Seu Corpo<\/span><\/span><\/strong> apresenta uma incr\u00edvel cole\u00e7\u00e3o de informa\u00e7\u00f5es sobre o funcionamento do corpo humano de forma simples e divertida. Com fatos curiosos e surpreendentes, a obra ajuda os leitores a entenderem melhor como o organismo funciona no dia a dia.<\/p>\n<p data-start=\"283\" data-end=\"551\" data-is-last-node=\"\" data-is-only-node=\"\">Com linguagem acess\u00edvel e conte\u00fado envolvente, o livro desperta a curiosidade e incentiva o aprendizado sobre sa\u00fade e biologia de maneira leve. Ideal para leitores de todas as idades, \u00e9 uma excelente op\u00e7\u00e3o para descobrir mais sobre o pr\u00f3prio corpo enquanto se diverte.<\/p>\n<div class=\"details-table-wrapper\">\n<table class=\"product-details-table\">\n<tbody>\n<tr>\n<td>Autor<\/td>\n<td>Anne Rooney e P\u00e9 da Letra<\/td>\n<\/tr>\n<tr>\n<td>ISBN<\/td>\n<td>9786586181777<\/td>\n<\/tr>\n<tr>\n<td>Editora<\/td>\n<td>P\u00e9 da Letra<\/td>\n<\/tr>\n<tr>\n<td>N\u00ba de p\u00e1ginas<\/td>\n<td>304<\/td>\n<\/tr>\n<\/tbody>\n<\/table>\n<\/div>\n","protected":false},"excerpt":{"rendered":"<p>500 Fatos Fant\u00e1sticos Sobre Seu Corpo apresenta uma incr\u00edvel cole\u00e7\u00e3o de informa\u00e7\u00f5es sobre o funcionamento do corpo humano de forma simples e divertida. Com fatos curiosos e surpreendentes, a obra ajuda os leitores a entenderem melhor como o organismo funciona<\/p>\n","protected":false},"featured_media":3719,"comment_status":"open","ping_status":"closed","template":"","meta":[],"product_brand":[],"product_cat":[205],"product_tag":[],"class_list":{"0":"post-3720","1":"product","2":"type-product","3":"status-publish","6":"product_cat-fundamental-4-ao-5","8":"first","9":"instock","10":"shipping-taxable","11":"purchasable","12":"product-type-simple"},"_links":{"self":[{"href":"https:\/\/educaredigital.online\/loja\/wp-json\/wp\/v2\/product\/3720","targetHints":{"allow":["GET"]}}],"collection":[{"href":"https:\/\/educaredigital.online\/loja\/wp-json\/wp\/v2\/product"}],"about":[{"href":"https:\/\/educaredigital.online\/loja\/wp-json\/wp\/v2\/types\/product"}],"replies":[{"embeddable":true,"href":"https:\/\/educaredigital.online\/loja\/wp-json\/wp\/v2\/comments?post=3720"}],"wp:featuredmedia":[{"embeddable":true,"href":"https:\/\/educaredigital.online\/loja\/wp-json\/wp\/v2\/media\/3719"}],"wp:attachment":[{"href":"https:\/\/educaredigital.online\/loja\/wp-json\/wp\/v2\/media?parent=3720"}],"wp:term":[{"taxonomy":"product_brand","embeddable":true,"href":"https:\/\/educaredigital.online\/loja\/wp-json\/wp\/v2\/product_brand?post=3720"},{"taxonomy":"product_cat","embeddable":true,"href":"https:\/\/educaredigital.online\/loja\/wp-json\/wp\/v2\/product_cat?post=3720"},{"taxonomy":"product_tag","embeddable":true,"href":"https:\/\/educaredigital.online\/loja\/wp-json\/wp\/v2\/product_tag?post=3720"}],"curies":[{"name":"wp","href":"https:\/\/api.w.org\/{rel}","templated":true}]}}